{"id":1955,"date":"2020-12-13T22:40:12","date_gmt":"2020-12-13T22:40:12","guid":{"rendered":"https:\/\/magoezequias.com.ar\/tienda\/?post_type=product&#038;p=1955"},"modified":"2022-11-05T16:14:03","modified_gmt":"2022-11-05T16:14:03","slug":"asamblea-de-conejos-jumbo","status":"publish","type":"product","link":"https:\/\/magoezequias.com.ar\/tienda\/producto\/asamblea-de-conejos-jumbo","title":{"rendered":"Asamblea de conejos jumbo"},"content":{"rendered":"<p><a href=\"https:\/\/magoezequias.com.ar\/tienda\/wp-content\/uploads\/2020\/12\/asamblea-conejo-2.jpg\"><img fetchpriority=\"high\" decoding=\"async\" class=\"aligncenter  wp-image-1956\" src=\"https:\/\/magoezequias.com.ar\/tienda\/wp-content\/uploads\/2020\/12\/asamblea-conejo-2.jpg\" alt=\"\" width=\"439\" height=\"275\" srcset=\"https:\/\/magoezequias.com.ar\/tienda\/wp-content\/uploads\/2020\/12\/asamblea-conejo-2.jpg 937w, https:\/\/magoezequias.com.ar\/tienda\/wp-content\/uploads\/2020\/12\/asamblea-conejo-2-300x188.jpg 300w, https:\/\/magoezequias.com.ar\/tienda\/wp-content\/uploads\/2020\/12\/asamblea-conejo-2-768x480.jpg 768w\" sizes=\"(max-width: 439px) 100vw, 439px\" \/><\/a><\/p>\n<p style=\"text-align: justify;\">Una rutina donde usted podr\u00e1 contar la historia de una familia de conejos o inventar la que desee.<\/p>\n<p style=\"text-align: justify;\">Mam\u00e1, pap\u00e1 y dos hermanitos se reunir\u00e1n m\u00e1gicamente, realizado en cartas jumbo para poder ejecutarse en sal\u00f3n o escena.<\/p>\n<p>El mago muestra 4 cartas jumbo donde est\u00e1n las im\u00e1genes de la familia conejin y los coloca de cara sobre un atril o en la mesa.<\/p>\n<p>Posteriormente muestra 12 galeras y coloca tres\u00a0 de dorso sobre cada conejo.<\/p>\n<p>Un espectador elije a uno de los conejos y comienza la magia.<\/p>\n<p>En los 3 paquetes restantes desaparece el conejo y s\u00f3lo quedan las galeras.<\/p>\n<p style=\"text-align: justify;\">M\u00e1gicamente en el lugar seleccionado por el espectador aparecen los tres conejos que antes estaban en los restantes.<\/p>\n<p style=\"text-align: justify;\">Como remate final el conejo de ese paquete est\u00e1 dentro de una galera!!!<\/p>\n<p><a href=\"https:\/\/magoezequias.com.ar\/tienda\/wp-content\/uploads\/2020\/12\/asamblea-conejo-3.jpg\"><img decoding=\"async\" class=\"aligncenter  wp-image-1957\" src=\"https:\/\/magoezequias.com.ar\/tienda\/wp-content\/uploads\/2020\/12\/asamblea-conejo-3.jpg\" alt=\"\" width=\"617\" height=\"376\" srcset=\"https:\/\/magoezequias.com.ar\/tienda\/wp-content\/uploads\/2020\/12\/asamblea-conejo-3.jpg 963w, https:\/\/magoezequias.com.ar\/tienda\/wp-content\/uploads\/2020\/12\/asamblea-conejo-3-300x183.jpg 300w, https:\/\/magoezequias.com.ar\/tienda\/wp-content\/uploads\/2020\/12\/asamblea-conejo-3-768x467.jpg 768w\" sizes=\"(max-width: 617px) 100vw, 617px\" \/><\/a><\/p>\n<p style=\"text-align: justify;\">Cartas de calidad, laminadas y en tama\u00f1o jumbo.<\/p>\n<p style=\"text-align: justify;\">Una rutina donde no se necesita mucha t\u00e9cnica.<\/p>\n<p style=\"text-align: justify;\">Usted recibe 16 cartas especiales tama\u00f1o Jumbo y un video con claras explicaciones.<\/p>\n<p><iframe src=\"https:\/\/www.youtube.com\/embed\/BVz4RfIsSxo\" width=\"560\" height=\"315\" frameborder=\"0\" allowfullscreen=\"allowfullscreen\"><\/iframe><\/p>\n","protected":false},"excerpt":{"rendered":"<p>Un cl\u00e1sico de catomagia en versi\u00f3n para sus shows familiares o infantiles.<\/p>\n","protected":false},"featured_media":1958,"comment_status":"open","ping_status":"closed","template":"","meta":[],"product_brand":[],"product_cat":[12,10,60,8],"product_tag":[290,291,186,17],"class_list":{"0":"post-1955","1":"product","2":"type-product","3":"status-publish","4":"has-post-thumbnail","6":"product_cat-cartomagia","7":"product_cat-escena","8":"product_cat-ezequias-2","9":"product_cat-infantil","10":"product_tag-asamblea","11":"product_tag-ases","12":"product_tag-conejo","13":"product_tag-ezequias","15":"first","16":"outofstock","17":"shipping-taxable","18":"purchasable","19":"product-type-simple"},"aioseo_notices":[],"_links":{"self":[{"href":"https:\/\/magoezequias.com.ar\/tienda\/wp-json\/wp\/v2\/product\/1955","targetHints":{"allow":["GET"]}}],"collection":[{"href":"https:\/\/magoezequias.com.ar\/tienda\/wp-json\/wp\/v2\/product"}],"about":[{"href":"https:\/\/magoezequias.com.ar\/tienda\/wp-json\/wp\/v2\/types\/product"}],"replies":[{"embeddable":true,"href":"https:\/\/magoezequias.com.ar\/tienda\/wp-json\/wp\/v2\/comments?post=1955"}],"version-history":[{"count":0,"href":"https:\/\/magoezequias.com.ar\/tienda\/wp-json\/wp\/v2\/product\/1955\/revisions"}],"wp:featuredmedia":[{"embeddable":true,"href":"https:\/\/magoezequias.com.ar\/tienda\/wp-json\/wp\/v2\/media\/1958"}],"wp:attachment":[{"href":"https:\/\/magoezequias.com.ar\/tienda\/wp-json\/wp\/v2\/media?parent=1955"}],"wp:term":[{"taxonomy":"product_brand","embeddable":true,"href":"https:\/\/magoezequias.com.ar\/tienda\/wp-json\/wp\/v2\/product_brand?post=1955"},{"taxonomy":"product_cat","embeddable":true,"href":"https:\/\/magoezequias.com.ar\/tienda\/wp-json\/wp\/v2\/product_cat?post=1955"},{"taxonomy":"product_tag","embeddable":true,"href":"https:\/\/magoezequias.com.ar\/tienda\/wp-json\/wp\/v2\/product_tag?post=1955"}],"curies":[{"name":"wp","href":"https:\/\/api.w.org\/{rel}","templated":true}]}}