{"id":1960,"date":"2020-12-16T12:15:33","date_gmt":"2020-12-16T12:15:33","guid":{"rendered":"https:\/\/magoezequias.com.ar\/tienda\/?post_type=product&#038;p=1960"},"modified":"2022-06-04T18:37:22","modified_gmt":"2022-06-04T18:37:22","slug":"reel-plastico-economico","status":"publish","type":"product","link":"https:\/\/magoezequias.com.ar\/tienda\/producto\/reel-plastico-economico","title":{"rendered":"Reel Pl\u00e1stico &#8211; Econ\u00f3mico"},"content":{"rendered":"<p><a href=\"https:\/\/magoezequias.com.ar\/tienda\/wp-content\/uploads\/2020\/12\/reel3.jpg\"><img fetchpriority=\"high\" decoding=\"async\" class=\"wp-image-1963 aligncenter\" src=\"https:\/\/magoezequias.com.ar\/tienda\/wp-content\/uploads\/2020\/12\/reel3.jpg\" alt=\"\" width=\"451\" height=\"437\" srcset=\"https:\/\/magoezequias.com.ar\/tienda\/wp-content\/uploads\/2020\/12\/reel3.jpg 574w, https:\/\/magoezequias.com.ar\/tienda\/wp-content\/uploads\/2020\/12\/reel3-300x291.jpg 300w\" sizes=\"(max-width: 451px) 100vw, 451px\" \/><\/a><\/p>\n<p>&nbsp;<\/p>\n<p style=\"text-align: justify;\">Un elemento \u00fatil para hacer\u00a0desaparecer objetos.<\/p>\n<p style=\"text-align: justify;\">Mecanismo sencillo. Ideal para el magia de cerca.<\/p>\n<p style=\"text-align: justify;\">Construido en pl\u00e1stico.<\/p>\n<p style=\"text-align: justify;\">Contiene un im\u00e1n en el extremo para mayor practicidad.<\/p>\n<p style=\"text-align: justify;\">Puede hacer desaparecer cualquier elemento como pa\u00f1uelos, monedas, etc.<\/p>\n<p style=\"text-align: justify;\">\n<p style=\"text-align: justify;\">No trae instrucciones.<\/p>\n","protected":false},"excerpt":{"rendered":"<p>&nbsp; Un elemento \u00fatil para hacer\u00a0desaparecer objetos. Mecanismo sencillo. Ideal para el magia de cerca. Construido en pl\u00e1stico. Contiene un im\u00e1n en el extremo para mayor practicidad. Puede hacer desaparecer cualquier elemento como pa\u00f1uelos, monedas, etc. No trae instrucciones.<\/p>\n","protected":false},"featured_media":1962,"comment_status":"open","ping_status":"closed","template":"","meta":[],"product_brand":[],"product_cat":[7],"product_tag":[619,618],"class_list":{"0":"post-1960","1":"product","2":"type-product","3":"status-publish","4":"has-post-thumbnail","6":"product_cat-accesorios","7":"product_tag-plastico","8":"product_tag-reel","10":"first","11":"outofstock","12":"shipping-taxable","13":"purchasable","14":"product-type-simple"},"aioseo_notices":[],"_links":{"self":[{"href":"https:\/\/magoezequias.com.ar\/tienda\/wp-json\/wp\/v2\/product\/1960","targetHints":{"allow":["GET"]}}],"collection":[{"href":"https:\/\/magoezequias.com.ar\/tienda\/wp-json\/wp\/v2\/product"}],"about":[{"href":"https:\/\/magoezequias.com.ar\/tienda\/wp-json\/wp\/v2\/types\/product"}],"replies":[{"embeddable":true,"href":"https:\/\/magoezequias.com.ar\/tienda\/wp-json\/wp\/v2\/comments?post=1960"}],"version-history":[{"count":0,"href":"https:\/\/magoezequias.com.ar\/tienda\/wp-json\/wp\/v2\/product\/1960\/revisions"}],"wp:featuredmedia":[{"embeddable":true,"href":"https:\/\/magoezequias.com.ar\/tienda\/wp-json\/wp\/v2\/media\/1962"}],"wp:attachment":[{"href":"https:\/\/magoezequias.com.ar\/tienda\/wp-json\/wp\/v2\/media?parent=1960"}],"wp:term":[{"taxonomy":"product_brand","embeddable":true,"href":"https:\/\/magoezequias.com.ar\/tienda\/wp-json\/wp\/v2\/product_brand?post=1960"},{"taxonomy":"product_cat","embeddable":true,"href":"https:\/\/magoezequias.com.ar\/tienda\/wp-json\/wp\/v2\/product_cat?post=1960"},{"taxonomy":"product_tag","embeddable":true,"href":"https:\/\/magoezequias.com.ar\/tienda\/wp-json\/wp\/v2\/product_tag?post=1960"}],"curies":[{"name":"wp","href":"https:\/\/api.w.org\/{rel}","templated":true}]}}