{"id":1998,"date":"2021-01-11T21:10:42","date_gmt":"2021-01-11T21:10:42","guid":{"rendered":"https:\/\/magoezequias.com.ar\/tienda\/?post_type=product&#038;p=1998"},"modified":"2023-09-23T17:23:09","modified_gmt":"2023-09-23T17:23:09","slug":"titere-anillo-con-ojos","status":"publish","type":"product","link":"https:\/\/magoezequias.com.ar\/tienda\/producto\/titere-anillo-con-ojos","title":{"rendered":"T\u00edtere &#8211; Anillo con ojos"},"content":{"rendered":"<p style=\"text-align: justify;\"><a href=\"https:\/\/magoezequias.com.ar\/tienda\/wp-content\/uploads\/2021\/01\/titere-ojos-3.jpg\"><img fetchpriority=\"high\" decoding=\"async\" class=\"aligncenter  wp-image-2000\" src=\"https:\/\/magoezequias.com.ar\/tienda\/wp-content\/uploads\/2021\/01\/titere-ojos-3.jpg\" alt=\"\" width=\"321\" height=\"330\" srcset=\"https:\/\/magoezequias.com.ar\/tienda\/wp-content\/uploads\/2021\/01\/titere-ojos-3.jpg 713w, https:\/\/magoezequias.com.ar\/tienda\/wp-content\/uploads\/2021\/01\/titere-ojos-3-292x300.jpg 292w, https:\/\/magoezequias.com.ar\/tienda\/wp-content\/uploads\/2021\/01\/titere-ojos-3-300x308.jpg 300w\" sizes=\"(max-width: 321px) 100vw, 321px\" \/><\/a><\/p>\n<p style=\"text-align: justify;\">Usted podr\u00e1 transformar de manera r\u00e1pida y sencilla su propia mano en un t\u00edtere con ojos. Esto le permitir\u00e1 contar historias y crear situaciones muy divertidas para todo el p\u00fablico.<\/p>\n<p style=\"text-align: justify;\">\n<p style=\"text-align: justify;\">Un elemento que podr\u00e1 llevar siempre en el bolsillo, y estar\u00e1 listo para hacer la rutina que desee.<\/p>\n<p>&nbsp;<\/p>\n<p style=\"text-align: justify;\">El l\u00edmite es la imaginaci\u00f3n ya que podr\u00e1 configurarlo como desee con los accesorios que trae. Podr\u00e1 intercambiarlos durante la presentaci\u00f3n.<\/p>\n<p style=\"text-align: justify;\"><a href=\"https:\/\/magoezequias.com.ar\/tienda\/wp-content\/uploads\/2021\/01\/titere-ojos-2.jpg\"><img decoding=\"async\" class=\"aligncenter  wp-image-1999\" src=\"https:\/\/magoezequias.com.ar\/tienda\/wp-content\/uploads\/2021\/01\/titere-ojos-2.jpg\" alt=\"\" width=\"428\" height=\"342\" srcset=\"https:\/\/magoezequias.com.ar\/tienda\/wp-content\/uploads\/2021\/01\/titere-ojos-2.jpg 805w, https:\/\/magoezequias.com.ar\/tienda\/wp-content\/uploads\/2021\/01\/titere-ojos-2-300x239.jpg 300w, https:\/\/magoezequias.com.ar\/tienda\/wp-content\/uploads\/2021\/01\/titere-ojos-2-768x612.jpg 768w\" sizes=\"(max-width: 428px) 100vw, 428px\" \/><\/a><\/p>\n<p style=\"text-align: justify;\">Coloca estos pares de ojos grandes y globosos entre tus dedos como un anillo e inventa una historia o un personaje. Puedes cambiar la posici\u00f3n de tus dedos para cambiar la personalidad de tu marioneta. Ideal para hacer re\u00edr y distraer a un ni\u00f1o y desarrollar su imaginaci\u00f3n.<\/p>\n<p style=\"text-align: justify;\">\n<p style=\"text-align: justify;\">Si tambi\u00e9n tiene talento para la ventriloqu\u00eda este es un elemento indispensable.<\/p>\n<p style=\"text-align: justify;\">\n<p style=\"text-align: justify;\">Material pl\u00e1stico. Tama\u00f1o de los ojos: 5,5 x 4,5 cm.<\/p>\n<p>&nbsp;<\/p>\n<p>Usted recibe los ojos con el anillo, anteojos y dos cejas una de hombre y otra de mujer.<\/p>\n","protected":false},"excerpt":{"rendered":"<p>Un show en su bolsillo!!!<\/p>\n","protected":false},"featured_media":2000,"comment_status":"open","ping_status":"closed","template":"","meta":[],"product_brand":[],"product_cat":[7,8,319],"product_tag":[],"class_list":{"0":"post-1998","1":"product","2":"type-product","3":"status-publish","4":"has-post-thumbnail","6":"product_cat-accesorios","7":"product_cat-infantil","8":"product_cat-principiantes","10":"first","11":"instock","12":"shipping-taxable","13":"purchasable","14":"product-type-simple"},"aioseo_notices":[],"_links":{"self":[{"href":"https:\/\/magoezequias.com.ar\/tienda\/wp-json\/wp\/v2\/product\/1998","targetHints":{"allow":["GET"]}}],"collection":[{"href":"https:\/\/magoezequias.com.ar\/tienda\/wp-json\/wp\/v2\/product"}],"about":[{"href":"https:\/\/magoezequias.com.ar\/tienda\/wp-json\/wp\/v2\/types\/product"}],"replies":[{"embeddable":true,"href":"https:\/\/magoezequias.com.ar\/tienda\/wp-json\/wp\/v2\/comments?post=1998"}],"version-history":[{"count":0,"href":"https:\/\/magoezequias.com.ar\/tienda\/wp-json\/wp\/v2\/product\/1998\/revisions"}],"wp:featuredmedia":[{"embeddable":true,"href":"https:\/\/magoezequias.com.ar\/tienda\/wp-json\/wp\/v2\/media\/2000"}],"wp:attachment":[{"href":"https:\/\/magoezequias.com.ar\/tienda\/wp-json\/wp\/v2\/media?parent=1998"}],"wp:term":[{"taxonomy":"product_brand","embeddable":true,"href":"https:\/\/magoezequias.com.ar\/tienda\/wp-json\/wp\/v2\/product_brand?post=1998"},{"taxonomy":"product_cat","embeddable":true,"href":"https:\/\/magoezequias.com.ar\/tienda\/wp-json\/wp\/v2\/product_cat?post=1998"},{"taxonomy":"product_tag","embeddable":true,"href":"https:\/\/magoezequias.com.ar\/tienda\/wp-json\/wp\/v2\/product_tag?post=1998"}],"curies":[{"name":"wp","href":"https:\/\/api.w.org\/{rel}","templated":true}]}}