{"id":2030,"date":"2021-02-03T22:44:39","date_gmt":"2021-02-03T22:44:39","guid":{"rendered":"https:\/\/magoezequias.com.ar\/tienda\/?post_type=product&#038;p=2030"},"modified":"2022-01-06T01:43:54","modified_gmt":"2022-01-06T01:43:54","slug":"clatter-box-de-plastico","status":"publish","type":"product","link":"https:\/\/magoezequias.com.ar\/tienda\/producto\/clatter-box-de-plastico","title":{"rendered":"Clatter Box de Pl\u00e1stico"},"content":{"rendered":"<p><a href=\"https:\/\/magoezequias.com.ar\/tienda\/wp-content\/uploads\/2021\/02\/clatter-box-ezequias-2.jpg\"><img fetchpriority=\"high\" decoding=\"async\" class=\"aligncenter wp-image-2031\" src=\"https:\/\/magoezequias.com.ar\/tienda\/wp-content\/uploads\/2021\/02\/clatter-box-ezequias-2.jpg\" alt=\"\" width=\"444\" height=\"390\" srcset=\"https:\/\/magoezequias.com.ar\/tienda\/wp-content\/uploads\/2021\/02\/clatter-box-ezequias-2.jpg 682w, https:\/\/magoezequias.com.ar\/tienda\/wp-content\/uploads\/2021\/02\/clatter-box-ezequias-2-300x263.jpg 300w\" sizes=\"(max-width: 444px) 100vw, 444px\" \/><\/a><\/p>\n<p style=\"text-align: justify;\">El mago muestra una caja elegantemente y muy colorida, de ella saca un pa\u00f1uelo y lo hace desaparecer.<\/p>\n<p style=\"text-align: justify;\">Luego entregue la caja al espectador, pidi\u00e9ndole que tenga mucho cuidado con ella ya que es muy valiosa.<\/p>\n<p style=\"text-align: justify;\">El mago comenta que el pa\u00f1uelo que desapareci\u00f3 va a estar dentro de la caja. Le pide al espectador que la abra y la caja se desarma y se cae a pedazos, apareciendo dentro de la caja el pa\u00f1uelo colgado en la parte superior de ella.<\/p>\n<p><a href=\"https:\/\/magoezequias.com.ar\/tienda\/wp-content\/uploads\/2021\/02\/clatter-box-ezequias-4.jpg\"><img decoding=\"async\" class=\"aligncenter wp-image-2033\" src=\"https:\/\/magoezequias.com.ar\/tienda\/wp-content\/uploads\/2021\/02\/clatter-box-ezequias-4.jpg\" alt=\"\" width=\"343\" height=\"372\" srcset=\"https:\/\/magoezequias.com.ar\/tienda\/wp-content\/uploads\/2021\/02\/clatter-box-ezequias-4.jpg 609w, https:\/\/magoezequias.com.ar\/tienda\/wp-content\/uploads\/2021\/02\/clatter-box-ezequias-4-277x300.jpg 277w, https:\/\/magoezequias.com.ar\/tienda\/wp-content\/uploads\/2021\/02\/clatter-box-ezequias-4-300x325.jpg 300w\" sizes=\"(max-width: 343px) 100vw, 343px\" \/><\/a><\/p>\n<p style=\"text-align: justify;\">M\u00faltiples usos, como complemento de un efecto m\u00e1gico o gags. Excelente efecto para ni\u00f1os y hasta para grandes, poniendo en vez de un pa\u00f1uelo una predicci\u00f3n.<\/p>\n<p><a href=\"https:\/\/magoezequias.com.ar\/tienda\/wp-content\/uploads\/2021\/02\/clatter-box-ezequias-3.jpg\"><img decoding=\"async\" class=\"aligncenter wp-image-2032\" src=\"https:\/\/magoezequias.com.ar\/tienda\/wp-content\/uploads\/2021\/02\/clatter-box-ezequias-3.jpg\" alt=\"\" width=\"358\" height=\"376\" srcset=\"https:\/\/magoezequias.com.ar\/tienda\/wp-content\/uploads\/2021\/02\/clatter-box-ezequias-3.jpg 649w, https:\/\/magoezequias.com.ar\/tienda\/wp-content\/uploads\/2021\/02\/clatter-box-ezequias-3-286x300.jpg 286w, https:\/\/magoezequias.com.ar\/tienda\/wp-content\/uploads\/2021\/02\/clatter-box-ezequias-3-300x315.jpg 300w\" sizes=\"(max-width: 358px) 100vw, 358px\" \/><\/a><\/p>\n<p style=\"text-align: justify;\">El caja est\u00e1 construida totalmente en pl\u00e1stico, esto la hace super liviana, lavable y mucho mas durable.<\/p>\n<p>&nbsp;<\/p>\n<p style=\"text-align: justify;\">Mide 20 cm de alto, un tama\u00f1o muy pr\u00e1ctico y visual tanto para escena o sal\u00f3n.<\/p>\n<p><iframe src=\"https:\/\/www.youtube.com\/embed\/4zgOtYvdGgA\" width=\"560\" height=\"315\" frameborder=\"0\" allowfullscreen=\"allowfullscreen\"><\/iframe><\/p>\n","protected":false},"excerpt":{"rendered":"<p>La comedia y la magia van de la mano en este cl\u00e1sico efecto. En una versi\u00f3n moderna, pr\u00e1ctica y liviana.<\/p>\n","protected":false},"featured_media":2031,"comment_status":"open","ping_status":"closed","template":"","meta":[],"product_brand":[],"product_cat":[8,9],"product_tag":[318,625,17],"class_list":{"0":"post-2030","1":"product","2":"type-product","3":"status-publish","4":"has-post-thumbnail","6":"product_cat-infantil","7":"product_cat-salon","8":"product_tag-box","9":"product_tag-clatter","10":"product_tag-ezequias","12":"first","13":"instock","14":"shipping-taxable","15":"purchasable","16":"product-type-simple"},"aioseo_notices":[],"_links":{"self":[{"href":"https:\/\/magoezequias.com.ar\/tienda\/wp-json\/wp\/v2\/product\/2030","targetHints":{"allow":["GET"]}}],"collection":[{"href":"https:\/\/magoezequias.com.ar\/tienda\/wp-json\/wp\/v2\/product"}],"about":[{"href":"https:\/\/magoezequias.com.ar\/tienda\/wp-json\/wp\/v2\/types\/product"}],"replies":[{"embeddable":true,"href":"https:\/\/magoezequias.com.ar\/tienda\/wp-json\/wp\/v2\/comments?post=2030"}],"version-history":[{"count":0,"href":"https:\/\/magoezequias.com.ar\/tienda\/wp-json\/wp\/v2\/product\/2030\/revisions"}],"wp:featuredmedia":[{"embeddable":true,"href":"https:\/\/magoezequias.com.ar\/tienda\/wp-json\/wp\/v2\/media\/2031"}],"wp:attachment":[{"href":"https:\/\/magoezequias.com.ar\/tienda\/wp-json\/wp\/v2\/media?parent=2030"}],"wp:term":[{"taxonomy":"product_brand","embeddable":true,"href":"https:\/\/magoezequias.com.ar\/tienda\/wp-json\/wp\/v2\/product_brand?post=2030"},{"taxonomy":"product_cat","embeddable":true,"href":"https:\/\/magoezequias.com.ar\/tienda\/wp-json\/wp\/v2\/product_cat?post=2030"},{"taxonomy":"product_tag","embeddable":true,"href":"https:\/\/magoezequias.com.ar\/tienda\/wp-json\/wp\/v2\/product_tag?post=2030"}],"curies":[{"name":"wp","href":"https:\/\/api.w.org\/{rel}","templated":true}]}}