{"id":2047,"date":"2021-02-07T02:03:26","date_gmt":"2021-02-07T02:03:26","guid":{"rendered":"https:\/\/magoezequias.com.ar\/tienda\/?post_type=product&#038;p=2047"},"modified":"2021-02-07T03:09:14","modified_gmt":"2021-02-07T03:09:14","slug":"soporte-naipes-pequeno","status":"publish","type":"product","link":"https:\/\/magoezequias.com.ar\/tienda\/producto\/soporte-naipes-pequeno","title":{"rendered":"Soporte naipes peque\u00f1o"},"content":{"rendered":"<p><a href=\"https:\/\/magoezequias.com.ar\/tienda\/wp-content\/uploads\/2021\/02\/soporte-naipe-2.jpg\"><img fetchpriority=\"high\" decoding=\"async\" class=\"aligncenter wp-image-2049\" src=\"https:\/\/magoezequias.com.ar\/tienda\/wp-content\/uploads\/2021\/02\/soporte-naipe-2.jpg\" alt=\"\" width=\"370\" height=\"363\" srcset=\"https:\/\/magoezequias.com.ar\/tienda\/wp-content\/uploads\/2021\/02\/soporte-naipe-2.jpg 770w, https:\/\/magoezequias.com.ar\/tienda\/wp-content\/uploads\/2021\/02\/soporte-naipe-2-300x294.jpg 300w, https:\/\/magoezequias.com.ar\/tienda\/wp-content\/uploads\/2021\/02\/soporte-naipe-2-768x753.jpg 768w\" sizes=\"(max-width: 370px) 100vw, 370px\" \/><\/a><\/p>\n<p>Un Soporte o base para colocar de forma est\u00e9tica nuestras cartas sobre el tapete o mesa de trabajo.<\/p>\n<p>&nbsp;<\/p>\n<p>\u00datil para dejar de forma vertical sobres, tarjetas, naipes, predicciones, etc.<\/p>\n<p>&nbsp;<\/p>\n<p>Construido en pl\u00e1stico resistente.<\/p>\n<p>&nbsp;<\/p>\n<p>Un elemento que le durar\u00e1 toda su vida m\u00e1gica.<\/p>\n<p>&nbsp;<\/p>\n<p>Ideal para naipes tama\u00f1o p\u00f3ker.<\/p>\n<p style=\"text-align: center;\"><a href=\"https:\/\/magoezequias.com.ar\/tienda\/wp-content\/uploads\/2021\/02\/soporte-naipe-6.jpg\"><img decoding=\"async\" class=\"aligncenter wp-image-2053\" src=\"https:\/\/magoezequias.com.ar\/tienda\/wp-content\/uploads\/2021\/02\/soporte-naipe-6.jpg\" alt=\"\" width=\"364\" height=\"293\" srcset=\"https:\/\/magoezequias.com.ar\/tienda\/wp-content\/uploads\/2021\/02\/soporte-naipe-6.jpg 824w, https:\/\/magoezequias.com.ar\/tienda\/wp-content\/uploads\/2021\/02\/soporte-naipe-6-300x242.jpg 300w, https:\/\/magoezequias.com.ar\/tienda\/wp-content\/uploads\/2021\/02\/soporte-naipe-6-768x619.jpg 768w\" sizes=\"(max-width: 364px) 100vw, 364px\" \/><\/a><\/p>\n","protected":false},"excerpt":{"rendered":"<p>Un Soporte o base para colocar de forma est\u00e9tica nuestras cartas sobre el tapete o mesa de trabajo. &nbsp; \u00datil para dejar de forma vertical sobres, tarjetas, naipes, predicciones, etc. &nbsp; Construido en pl\u00e1stico resistente. &nbsp; Un elemento que le durar\u00e1 toda su vida m\u00e1gica. &nbsp; Ideal para naipes tama\u00f1o p\u00f3ker.<\/p>\n","protected":false},"featured_media":2049,"comment_status":"open","ping_status":"closed","template":"","meta":[],"product_brand":[],"product_cat":[7,12],"product_tag":[632,56,609,629],"class_list":{"0":"post-2047","1":"product","2":"type-product","3":"status-publish","4":"has-post-thumbnail","6":"product_cat-accesorios","7":"product_cat-cartomagia","8":"product_tag-base","9":"product_tag-naipe","10":"product_tag-sobre","11":"product_tag-soporte","13":"first","14":"instock","15":"shipping-taxable","16":"purchasable","17":"product-type-simple"},"aioseo_notices":[],"_links":{"self":[{"href":"https:\/\/magoezequias.com.ar\/tienda\/wp-json\/wp\/v2\/product\/2047","targetHints":{"allow":["GET"]}}],"collection":[{"href":"https:\/\/magoezequias.com.ar\/tienda\/wp-json\/wp\/v2\/product"}],"about":[{"href":"https:\/\/magoezequias.com.ar\/tienda\/wp-json\/wp\/v2\/types\/product"}],"replies":[{"embeddable":true,"href":"https:\/\/magoezequias.com.ar\/tienda\/wp-json\/wp\/v2\/comments?post=2047"}],"version-history":[{"count":0,"href":"https:\/\/magoezequias.com.ar\/tienda\/wp-json\/wp\/v2\/product\/2047\/revisions"}],"wp:featuredmedia":[{"embeddable":true,"href":"https:\/\/magoezequias.com.ar\/tienda\/wp-json\/wp\/v2\/media\/2049"}],"wp:attachment":[{"href":"https:\/\/magoezequias.com.ar\/tienda\/wp-json\/wp\/v2\/media?parent=2047"}],"wp:term":[{"taxonomy":"product_brand","embeddable":true,"href":"https:\/\/magoezequias.com.ar\/tienda\/wp-json\/wp\/v2\/product_brand?post=2047"},{"taxonomy":"product_cat","embeddable":true,"href":"https:\/\/magoezequias.com.ar\/tienda\/wp-json\/wp\/v2\/product_cat?post=2047"},{"taxonomy":"product_tag","embeddable":true,"href":"https:\/\/magoezequias.com.ar\/tienda\/wp-json\/wp\/v2\/product_tag?post=2047"}],"curies":[{"name":"wp","href":"https:\/\/api.w.org\/{rel}","templated":true}]}}