{"id":2054,"date":"2021-02-07T02:05:42","date_gmt":"2021-02-07T02:05:42","guid":{"rendered":"https:\/\/magoezequias.com.ar\/tienda\/?post_type=product&#038;p=2054"},"modified":"2021-08-01T18:37:57","modified_gmt":"2021-08-01T18:37:57","slug":"soporte-naipes-mediano","status":"publish","type":"product","link":"https:\/\/magoezequias.com.ar\/tienda\/producto\/soporte-naipes-mediano","title":{"rendered":"Soporte naipes mediano"},"content":{"rendered":"<p><a href=\"https:\/\/magoezequias.com.ar\/tienda\/wp-content\/uploads\/2021\/02\/soporte-naipe-3.jpg\"><img fetchpriority=\"high\" decoding=\"async\" class=\"aligncenter wp-image-2050\" src=\"https:\/\/magoezequias.com.ar\/tienda\/wp-content\/uploads\/2021\/02\/soporte-naipe-3.jpg\" alt=\"\" width=\"421\" height=\"388\" srcset=\"https:\/\/magoezequias.com.ar\/tienda\/wp-content\/uploads\/2021\/02\/soporte-naipe-3.jpg 971w, https:\/\/magoezequias.com.ar\/tienda\/wp-content\/uploads\/2021\/02\/soporte-naipe-3-300x276.jpg 300w, https:\/\/magoezequias.com.ar\/tienda\/wp-content\/uploads\/2021\/02\/soporte-naipe-3-768x707.jpg 768w\" sizes=\"(max-width: 421px) 100vw, 421px\" \/><\/a><\/p>\n<p style=\"text-align: justify;\">Un Soporte o base para colocar de forma est\u00e9tica nuestras cartas sobre el tapete o mesa de trabajo.<\/p>\n<p style=\"text-align: justify;\">\n<p style=\"text-align: justify;\">\u00datil para dejar de forma vertical sobres, tarjetas, naipes, predicciones, etc.<\/p>\n<p style=\"text-align: justify;\">\n<p style=\"text-align: justify;\">Construido en pl\u00e1stico resistente.<\/p>\n<p style=\"text-align: justify;\">\n<p style=\"text-align: justify;\">Un elemento que le durar\u00e1 toda su vida m\u00e1gica.<\/p>\n<p>&nbsp;<\/p>\n<p>Ideal para naipes tama\u00f1o Jumbo (tambi\u00e9n tenemos en tama\u00f1o est\u00e1ndar).<\/p>\n<p><a href=\"https:\/\/magoezequias.com.ar\/tienda\/wp-content\/uploads\/2021\/02\/soporte-naipe-1.jpg\"><img decoding=\"async\" class=\"aligncenter wp-image-2048\" src=\"https:\/\/magoezequias.com.ar\/tienda\/wp-content\/uploads\/2021\/02\/soporte-naipe-1.jpg\" alt=\"\" width=\"383\" height=\"306\" srcset=\"https:\/\/magoezequias.com.ar\/tienda\/wp-content\/uploads\/2021\/02\/soporte-naipe-1.jpg 1032w, https:\/\/magoezequias.com.ar\/tienda\/wp-content\/uploads\/2021\/02\/soporte-naipe-1-300x239.jpg 300w, https:\/\/magoezequias.com.ar\/tienda\/wp-content\/uploads\/2021\/02\/soporte-naipe-1-1024x817.jpg 1024w, https:\/\/magoezequias.com.ar\/tienda\/wp-content\/uploads\/2021\/02\/soporte-naipe-1-768x612.jpg 768w\" sizes=\"(max-width: 383px) 100vw, 383px\" \/><\/a><\/p>\n","protected":false},"excerpt":{"rendered":"<p>Un Soporte o base para colocar de forma est\u00e9tica nuestras cartas sobre el tapete o mesa de trabajo. \u00datil para dejar de forma vertical sobres, tarjetas, naipes, predicciones, etc. Construido en pl\u00e1stico resistente. Un elemento que le durar\u00e1 toda su vida m\u00e1gica. &nbsp; Ideal para naipes tama\u00f1o Jumbo (tambi\u00e9n tenemos en tama\u00f1o est\u00e1ndar).<\/p>\n","protected":false},"featured_media":2050,"comment_status":"open","ping_status":"closed","template":"","meta":[],"product_brand":[],"product_cat":[7,12],"product_tag":[56,629],"class_list":{"0":"post-2054","1":"product","2":"type-product","3":"status-publish","4":"has-post-thumbnail","6":"product_cat-accesorios","7":"product_cat-cartomagia","8":"product_tag-naipe","9":"product_tag-soporte","11":"first","12":"instock","13":"shipping-taxable","14":"purchasable","15":"product-type-simple"},"aioseo_notices":[],"_links":{"self":[{"href":"https:\/\/magoezequias.com.ar\/tienda\/wp-json\/wp\/v2\/product\/2054","targetHints":{"allow":["GET"]}}],"collection":[{"href":"https:\/\/magoezequias.com.ar\/tienda\/wp-json\/wp\/v2\/product"}],"about":[{"href":"https:\/\/magoezequias.com.ar\/tienda\/wp-json\/wp\/v2\/types\/product"}],"replies":[{"embeddable":true,"href":"https:\/\/magoezequias.com.ar\/tienda\/wp-json\/wp\/v2\/comments?post=2054"}],"version-history":[{"count":0,"href":"https:\/\/magoezequias.com.ar\/tienda\/wp-json\/wp\/v2\/product\/2054\/revisions"}],"wp:featuredmedia":[{"embeddable":true,"href":"https:\/\/magoezequias.com.ar\/tienda\/wp-json\/wp\/v2\/media\/2050"}],"wp:attachment":[{"href":"https:\/\/magoezequias.com.ar\/tienda\/wp-json\/wp\/v2\/media?parent=2054"}],"wp:term":[{"taxonomy":"product_brand","embeddable":true,"href":"https:\/\/magoezequias.com.ar\/tienda\/wp-json\/wp\/v2\/product_brand?post=2054"},{"taxonomy":"product_cat","embeddable":true,"href":"https:\/\/magoezequias.com.ar\/tienda\/wp-json\/wp\/v2\/product_cat?post=2054"},{"taxonomy":"product_tag","embeddable":true,"href":"https:\/\/magoezequias.com.ar\/tienda\/wp-json\/wp\/v2\/product_tag?post=2054"}],"curies":[{"name":"wp","href":"https:\/\/api.w.org\/{rel}","templated":true}]}}