{"id":2081,"date":"2021-02-17T17:57:51","date_gmt":"2021-02-17T17:57:51","guid":{"rendered":"https:\/\/magoezequias.com.ar\/tienda\/?post_type=product&#038;p=2081"},"modified":"2024-03-12T00:42:08","modified_gmt":"2024-03-12T00:42:08","slug":"cubos-abc-abc-blocks","status":"publish","type":"product","link":"https:\/\/magoezequias.com.ar\/tienda\/producto\/cubos-abc-abc-blocks","title":{"rendered":"Cubos ABC &#8211; ABC blocks"},"content":{"rendered":"<p style=\"text-align: justify;\"><a href=\"https:\/\/magoezequias.com.ar\/tienda\/wp-content\/uploads\/2021\/02\/abc-blocks-cubos-2.jpg\"><img fetchpriority=\"high\" decoding=\"async\" class=\"aligncenter wp-image-2082\" src=\"https:\/\/magoezequias.com.ar\/tienda\/wp-content\/uploads\/2021\/02\/abc-blocks-cubos-2.jpg\" alt=\"\" width=\"360\" height=\"302\" srcset=\"https:\/\/magoezequias.com.ar\/tienda\/wp-content\/uploads\/2021\/02\/abc-blocks-cubos-2.jpg 2295w, https:\/\/magoezequias.com.ar\/tienda\/wp-content\/uploads\/2021\/02\/abc-blocks-cubos-2-300x252.jpg 300w, https:\/\/magoezequias.com.ar\/tienda\/wp-content\/uploads\/2021\/02\/abc-blocks-cubos-2-1024x861.jpg 1024w, https:\/\/magoezequias.com.ar\/tienda\/wp-content\/uploads\/2021\/02\/abc-blocks-cubos-2-768x646.jpg 768w, https:\/\/magoezequias.com.ar\/tienda\/wp-content\/uploads\/2021\/02\/abc-blocks-cubos-2-1536x1291.jpg 1536w, https:\/\/magoezequias.com.ar\/tienda\/wp-content\/uploads\/2021\/02\/abc-blocks-cubos-2-2048x1721.jpg 2048w\" sizes=\"(max-width: 360px) 100vw, 360px\" \/><\/a><\/p>\n<p style=\"text-align: justify;\">Muestre tres bloques de madera etiquetados como A, B y C, cada uno de ellos posee en el centro un agujero por donde pasa una varilla de madera. Adem\u00e1s presenta un tubo cuadrado. Se quita el bloque A y se coloca dentro de un sombrero, galera o bolsa. Los dos bloques restantes se cubren con el tubo.<\/p>\n<p style=\"text-align: justify;\">Preg\u00fanteles a los ni\u00f1os \u00ab\u00bfD\u00f3nde est\u00e1 el Bloque A?\u00bb Por supuesto que dicen \u00abEn el sombrero\u00bb. \u00a1Es correcto (esta vez)!<\/p>\n<p style=\"text-align: justify;\">Usted levanta el tubo que muestra la posici\u00f3n de los bloques B y C. El bloque A se coloca encima de B y C, luego se cubre con el tubo. Usted pregunta \u00ab\u00bfD\u00f3nde est\u00e1 el Bloque B? \u00a1Lo que digan es INCORRECTO!<\/p>\n<p style=\"text-align: justify;\">\u00a1Levanta el Tubo y el Bloque B ha DESAPARECIDO! \u00a1Coloque la mano en el sombrero y qu\u00edtate el Bloque B!<\/p>\n<p style=\"text-align: justify;\"><a href=\"https:\/\/magoezequias.com.ar\/tienda\/wp-content\/uploads\/2021\/02\/abc-blocks-cubos-3.png\"><img decoding=\"async\" class=\"aligncenter wp-image-2083\" src=\"https:\/\/magoezequias.com.ar\/tienda\/wp-content\/uploads\/2021\/02\/abc-blocks-cubos-3.png\" alt=\"\" width=\"481\" height=\"327\" srcset=\"https:\/\/magoezequias.com.ar\/tienda\/wp-content\/uploads\/2021\/02\/abc-blocks-cubos-3.png 1056w, https:\/\/magoezequias.com.ar\/tienda\/wp-content\/uploads\/2021\/02\/abc-blocks-cubos-3-300x204.png 300w, https:\/\/magoezequias.com.ar\/tienda\/wp-content\/uploads\/2021\/02\/abc-blocks-cubos-3-1024x697.png 1024w, https:\/\/magoezequias.com.ar\/tienda\/wp-content\/uploads\/2021\/02\/abc-blocks-cubos-3-768x523.png 768w\" sizes=\"(max-width: 481px) 100vw, 481px\" \/><\/a><\/p>\n<p>Minutos de comedia podr\u00e1 generar con este juego simulando que el cubo ha desaparecido sin haber mostrado que realmente desapareci\u00f3 o haciendo que viajen a la vista de todos y el mago lo lleva con la mano hasta su galera o una bolsa de papel.<\/p>\n<p style=\"text-align: justify;\">Muy f\u00e1cil de realizar, es ideal para presentar en magia infantil, magia c\u00f3mica, musical o hablado.<\/p>\n<p style=\"text-align: justify;\">Muy visual en escena o sal\u00f3n ya que la torre tiene 23 cm de altura, excelente material construido en madera.<\/p>\n<p><iframe src=\"https:\/\/www.youtube.com\/embed\/BguEYuMLJbM\" width=\"560\" height=\"315\" frameborder=\"0\" allowfullscreen=\"allowfullscreen\"><\/iframe><\/p>\n","protected":false},"excerpt":{"rendered":"<p>Un cl\u00e1sico, muy f\u00e1cil de realizar, ideal para magia infantil, c\u00f3mica, musical o hablado.<\/p>\n","protected":false},"featured_media":2082,"comment_status":"open","ping_status":"closed","template":"","meta":[],"product_brand":[],"product_cat":[60,8,9],"product_tag":[634,635,636,637,384,17],"class_list":{"0":"post-2081","1":"product","2":"type-product","3":"status-publish","4":"has-post-thumbnail","6":"product_cat-ezequias-2","7":"product_cat-infantil","8":"product_cat-salon","9":"product_tag-abc","10":"product_tag-blocks","11":"product_tag-bloque","12":"product_tag-cubo","13":"product_tag-dado","14":"product_tag-ezequias","16":"first","17":"instock","18":"shipping-taxable","19":"purchasable","20":"product-type-simple"},"aioseo_notices":[],"_links":{"self":[{"href":"https:\/\/magoezequias.com.ar\/tienda\/wp-json\/wp\/v2\/product\/2081","targetHints":{"allow":["GET"]}}],"collection":[{"href":"https:\/\/magoezequias.com.ar\/tienda\/wp-json\/wp\/v2\/product"}],"about":[{"href":"https:\/\/magoezequias.com.ar\/tienda\/wp-json\/wp\/v2\/types\/product"}],"replies":[{"embeddable":true,"href":"https:\/\/magoezequias.com.ar\/tienda\/wp-json\/wp\/v2\/comments?post=2081"}],"version-history":[{"count":0,"href":"https:\/\/magoezequias.com.ar\/tienda\/wp-json\/wp\/v2\/product\/2081\/revisions"}],"wp:featuredmedia":[{"embeddable":true,"href":"https:\/\/magoezequias.com.ar\/tienda\/wp-json\/wp\/v2\/media\/2082"}],"wp:attachment":[{"href":"https:\/\/magoezequias.com.ar\/tienda\/wp-json\/wp\/v2\/media?parent=2081"}],"wp:term":[{"taxonomy":"product_brand","embeddable":true,"href":"https:\/\/magoezequias.com.ar\/tienda\/wp-json\/wp\/v2\/product_brand?post=2081"},{"taxonomy":"product_cat","embeddable":true,"href":"https:\/\/magoezequias.com.ar\/tienda\/wp-json\/wp\/v2\/product_cat?post=2081"},{"taxonomy":"product_tag","embeddable":true,"href":"https:\/\/magoezequias.com.ar\/tienda\/wp-json\/wp\/v2\/product_tag?post=2081"}],"curies":[{"name":"wp","href":"https:\/\/api.w.org\/{rel}","templated":true}]}}