{"id":2097,"date":"2021-03-03T02:11:50","date_gmt":"2021-03-03T02:11:50","guid":{"rendered":"https:\/\/magoezequias.com.ar\/tienda\/?post_type=product&#038;p=2097"},"modified":"2021-06-09T15:24:19","modified_gmt":"2021-06-09T15:24:19","slug":"pollo-gag-con-sonido","status":"publish","type":"product","link":"https:\/\/magoezequias.com.ar\/tienda\/producto\/pollo-gag-con-sonido","title":{"rendered":"Pollo gag con sonido"},"content":{"rendered":"<p><a href=\"https:\/\/magoezequias.com.ar\/tienda\/wp-content\/uploads\/2021\/03\/pollo-13.jpg\"><img fetchpriority=\"high\" decoding=\"async\" class=\"aligncenter  wp-image-2098\" src=\"https:\/\/magoezequias.com.ar\/tienda\/wp-content\/uploads\/2021\/03\/pollo-13.jpg\" alt=\"\" width=\"388\" height=\"391\" srcset=\"https:\/\/magoezequias.com.ar\/tienda\/wp-content\/uploads\/2021\/03\/pollo-13.jpg 507w, https:\/\/magoezequias.com.ar\/tienda\/wp-content\/uploads\/2021\/03\/pollo-13-298x300.jpg 298w, https:\/\/magoezequias.com.ar\/tienda\/wp-content\/uploads\/2021\/03\/pollo-13-150x150.jpg 150w, https:\/\/magoezequias.com.ar\/tienda\/wp-content\/uploads\/2021\/03\/pollo-13-300x302.jpg 300w, https:\/\/magoezequias.com.ar\/tienda\/wp-content\/uploads\/2021\/03\/pollo-13-100x100.jpg 100w\" sizes=\"(max-width: 388px) 100vw, 388px\" \/><\/a><\/p>\n<p style=\"text-align: justify;\">Un accesorio muy divertido que podr\u00e1 utilizar en m\u00faltiples rutinas, para ni\u00f1os, adultos, como una broma, o gag.<\/p>\n<p style=\"text-align: justify;\">\n<p style=\"text-align: justify;\">Hecho del material durable, el <u>Squeaker <\/u>provoca un sonido estridente cuando se presiona o aprieta.<\/p>\n<p>&nbsp;<\/p>\n<p>16 cent\u00edmetros de alto.<\/p>\n","protected":false},"excerpt":{"rendered":"<p>Un accesorio muy divertido que podr\u00e1 utilizar en m\u00faltiples rutinas, para ni\u00f1os, adultos, como una broma, o gag. Hecho del material durable, el Squeaker provoca un sonido estridente cuando se presiona o aprieta. &nbsp; 16 cent\u00edmetros de alto.<\/p>\n","protected":false},"featured_media":2098,"comment_status":"open","ping_status":"closed","template":"","meta":[],"product_brand":[],"product_cat":[7,8,9],"product_tag":[397,642,641],"class_list":{"0":"post-2097","1":"product","2":"type-product","3":"status-publish","4":"has-post-thumbnail","6":"product_cat-accesorios","7":"product_cat-infantil","8":"product_cat-salon","9":"product_tag-gag","10":"product_tag-gallina","11":"product_tag-pollo","13":"first","14":"instock","15":"shipping-taxable","16":"purchasable","17":"product-type-simple"},"aioseo_notices":[],"_links":{"self":[{"href":"https:\/\/magoezequias.com.ar\/tienda\/wp-json\/wp\/v2\/product\/2097","targetHints":{"allow":["GET"]}}],"collection":[{"href":"https:\/\/magoezequias.com.ar\/tienda\/wp-json\/wp\/v2\/product"}],"about":[{"href":"https:\/\/magoezequias.com.ar\/tienda\/wp-json\/wp\/v2\/types\/product"}],"replies":[{"embeddable":true,"href":"https:\/\/magoezequias.com.ar\/tienda\/wp-json\/wp\/v2\/comments?post=2097"}],"version-history":[{"count":0,"href":"https:\/\/magoezequias.com.ar\/tienda\/wp-json\/wp\/v2\/product\/2097\/revisions"}],"wp:featuredmedia":[{"embeddable":true,"href":"https:\/\/magoezequias.com.ar\/tienda\/wp-json\/wp\/v2\/media\/2098"}],"wp:attachment":[{"href":"https:\/\/magoezequias.com.ar\/tienda\/wp-json\/wp\/v2\/media?parent=2097"}],"wp:term":[{"taxonomy":"product_brand","embeddable":true,"href":"https:\/\/magoezequias.com.ar\/tienda\/wp-json\/wp\/v2\/product_brand?post=2097"},{"taxonomy":"product_cat","embeddable":true,"href":"https:\/\/magoezequias.com.ar\/tienda\/wp-json\/wp\/v2\/product_cat?post=2097"},{"taxonomy":"product_tag","embeddable":true,"href":"https:\/\/magoezequias.com.ar\/tienda\/wp-json\/wp\/v2\/product_tag?post=2097"}],"curies":[{"name":"wp","href":"https:\/\/api.w.org\/{rel}","templated":true}]}}