{"id":212,"date":"2014-11-12T23:11:39","date_gmt":"2014-11-12T23:11:39","guid":{"rendered":"https:\/\/magoezequias.com.ar\/tienda\/?post_type=product&#038;p=212"},"modified":"2024-07-02T18:20:00","modified_gmt":"2024-07-02T18:20:00","slug":"soga-4-puntas","status":"publish","type":"product","link":"https:\/\/magoezequias.com.ar\/tienda\/producto\/soga-4-puntas","title":{"rendered":"Soga 4 Puntas"},"content":{"rendered":"<p><a href=\"https:\/\/magoezequias.com.ar\/tienda\/wp-content\/uploads\/2014\/11\/soga_cuatro_puntas.jpg\"><img fetchpriority=\"high\" decoding=\"async\" class=\"alignnone size-full wp-image-213\" src=\"https:\/\/magoezequias.com.ar\/tienda\/wp-content\/uploads\/2014\/11\/soga_cuatro_puntas.jpg\" alt=\"soga_cuatro_puntas\" width=\"448\" height=\"294\" srcset=\"https:\/\/magoezequias.com.ar\/tienda\/wp-content\/uploads\/2014\/11\/soga_cuatro_puntas.jpg 448w, https:\/\/magoezequias.com.ar\/tienda\/wp-content\/uploads\/2014\/11\/soga_cuatro_puntas-300x196.jpg 300w\" sizes=\"(max-width: 448px) 100vw, 448px\" \/><\/a><\/p>\n<p>Se muestra una soga de aproximadamente 1 metro de largo, el mago explica que es muy especial ya que solo tiene un centro y dos puntas. Ante la mirada de los espectadores una tercer punta aparece, y luego una cuarta.<\/p>\n<p>En este momento se muestra que en realidad se trata de 2 diferentes sogas de 50 cms, mostr\u00e1ndolas bien separadas.<\/p>\n<p>Luego, las dos sogas se transforman instant\u00e1neamente en una sola, volviendo a la normalidad, pero al hacerle un nudo en el centro autom\u00e1ticamente quedan hechos 3 nudos.<\/p>\n<p>Ideal para magia infantil y sal\u00f3n. F\u00e1cil de hacer, viene con todo lo necesario e instrucciones en Espa\u00f1ol.<\/p>\n<p>&nbsp;<\/p>\n<p>&nbsp;<\/p>\n","protected":false},"excerpt":{"rendered":"<p>Un cl\u00e1sico de la magia con sogas, de mucho impacto, muy f\u00e1cil de realizar y sin ninguna t\u00e9cnica complicada.<\/p>\n","protected":false},"featured_media":213,"comment_status":"open","ping_status":"closed","template":"","meta":[],"product_brand":[],"product_cat":[8,9],"product_tag":[122,121,96],"class_list":{"0":"post-212","1":"product","2":"type-product","3":"status-publish","4":"has-post-thumbnail","6":"product_cat-infantil","7":"product_cat-salon","8":"product_tag-nudo","9":"product_tag-puntas","10":"product_tag-soga","12":"first","13":"instock","14":"shipping-taxable","15":"purchasable","16":"product-type-simple"},"aioseo_notices":[],"_links":{"self":[{"href":"https:\/\/magoezequias.com.ar\/tienda\/wp-json\/wp\/v2\/product\/212","targetHints":{"allow":["GET"]}}],"collection":[{"href":"https:\/\/magoezequias.com.ar\/tienda\/wp-json\/wp\/v2\/product"}],"about":[{"href":"https:\/\/magoezequias.com.ar\/tienda\/wp-json\/wp\/v2\/types\/product"}],"replies":[{"embeddable":true,"href":"https:\/\/magoezequias.com.ar\/tienda\/wp-json\/wp\/v2\/comments?post=212"}],"version-history":[{"count":0,"href":"https:\/\/magoezequias.com.ar\/tienda\/wp-json\/wp\/v2\/product\/212\/revisions"}],"wp:featuredmedia":[{"embeddable":true,"href":"https:\/\/magoezequias.com.ar\/tienda\/wp-json\/wp\/v2\/media\/213"}],"wp:attachment":[{"href":"https:\/\/magoezequias.com.ar\/tienda\/wp-json\/wp\/v2\/media?parent=212"}],"wp:term":[{"taxonomy":"product_brand","embeddable":true,"href":"https:\/\/magoezequias.com.ar\/tienda\/wp-json\/wp\/v2\/product_brand?post=212"},{"taxonomy":"product_cat","embeddable":true,"href":"https:\/\/magoezequias.com.ar\/tienda\/wp-json\/wp\/v2\/product_cat?post=212"},{"taxonomy":"product_tag","embeddable":true,"href":"https:\/\/magoezequias.com.ar\/tienda\/wp-json\/wp\/v2\/product_tag?post=212"}],"curies":[{"name":"wp","href":"https:\/\/api.w.org\/{rel}","templated":true}]}}