{"id":2146,"date":"2021-04-18T23:34:42","date_gmt":"2021-04-18T23:34:42","guid":{"rendered":"https:\/\/magoezequias.com.ar\/tienda\/?post_type=product&#038;p=2146"},"modified":"2024-10-10T12:38:14","modified_gmt":"2024-10-10T12:38:14","slug":"llavero-conejo-en-la-galera","status":"publish","type":"product","link":"https:\/\/magoezequias.com.ar\/tienda\/producto\/llavero-conejo-en-la-galera","title":{"rendered":"Llavero Conejo en la Galera"},"content":{"rendered":"<p><a href=\"https:\/\/magoezequias.com.ar\/tienda\/wp-content\/uploads\/2021\/04\/llavero-conejo.jpg\"><img fetchpriority=\"high\" decoding=\"async\" class=\"aligncenter wp-image-2147\" src=\"https:\/\/magoezequias.com.ar\/tienda\/wp-content\/uploads\/2021\/04\/llavero-conejo.jpg\" alt=\"\" width=\"395\" height=\"372\" srcset=\"https:\/\/magoezequias.com.ar\/tienda\/wp-content\/uploads\/2021\/04\/llavero-conejo.jpg 840w, https:\/\/magoezequias.com.ar\/tienda\/wp-content\/uploads\/2021\/04\/llavero-conejo-300x282.jpg 300w, https:\/\/magoezequias.com.ar\/tienda\/wp-content\/uploads\/2021\/04\/llavero-conejo-768x721.jpg 768w\" sizes=\"(max-width: 395px) 100vw, 395px\" \/><\/a><\/p>\n<p style=\"text-align: justify;\">Un elemento de uso diario como llavero, adorno o juego de magia.<\/p>\n<p style=\"text-align: justify;\">Con este llavero usted podr\u00e1 realizar dos juegos de magia, ya que cuenta con dos predicciones grabadas.<\/p>\n<p style=\"text-align: justify;\">Si tiene un mazo de cartas puede usar la predicci\u00f3n del naipe de poker y si s\u00f3lo tiene el llavero podr\u00e1 predecir una figura geom\u00e9trica.<\/p>\n<p>El conejo se retira de la galera.<\/p>\n<p>Tama\u00f1o: 4,5 cent\u00edmetros de alto.<\/p>\n<p>&nbsp;<\/p>\n","protected":false},"excerpt":{"rendered":"<p>Un elemento de uso diario como llavero, adorno o juego de magia. Con este llavero usted podr\u00e1 realizar dos juegos de magia, ya que cuenta con dos predicciones grabadas. Si tiene un mazo de cartas puede usar la predicci\u00f3n del naipe de poker y si s\u00f3lo tiene el llavero podr\u00e1 predecir una figura geom\u00e9trica. El [&hellip;]<\/p>\n","protected":false},"featured_media":2147,"comment_status":"open","ping_status":"closed","template":"","meta":[],"product_brand":[],"product_cat":[7,623],"product_tag":[186,188,184],"class_list":{"0":"post-2146","1":"product","2":"type-product","3":"status-publish","4":"has-post-thumbnail","6":"product_cat-accesorios","7":"product_cat-regalos","8":"product_tag-conejo","9":"product_tag-galera","10":"product_tag-llavero","12":"first","13":"instock","14":"shipping-taxable","15":"purchasable","16":"product-type-simple"},"aioseo_notices":[],"_links":{"self":[{"href":"https:\/\/magoezequias.com.ar\/tienda\/wp-json\/wp\/v2\/product\/2146","targetHints":{"allow":["GET"]}}],"collection":[{"href":"https:\/\/magoezequias.com.ar\/tienda\/wp-json\/wp\/v2\/product"}],"about":[{"href":"https:\/\/magoezequias.com.ar\/tienda\/wp-json\/wp\/v2\/types\/product"}],"replies":[{"embeddable":true,"href":"https:\/\/magoezequias.com.ar\/tienda\/wp-json\/wp\/v2\/comments?post=2146"}],"version-history":[{"count":0,"href":"https:\/\/magoezequias.com.ar\/tienda\/wp-json\/wp\/v2\/product\/2146\/revisions"}],"wp:featuredmedia":[{"embeddable":true,"href":"https:\/\/magoezequias.com.ar\/tienda\/wp-json\/wp\/v2\/media\/2147"}],"wp:attachment":[{"href":"https:\/\/magoezequias.com.ar\/tienda\/wp-json\/wp\/v2\/media?parent=2146"}],"wp:term":[{"taxonomy":"product_brand","embeddable":true,"href":"https:\/\/magoezequias.com.ar\/tienda\/wp-json\/wp\/v2\/product_brand?post=2146"},{"taxonomy":"product_cat","embeddable":true,"href":"https:\/\/magoezequias.com.ar\/tienda\/wp-json\/wp\/v2\/product_cat?post=2146"},{"taxonomy":"product_tag","embeddable":true,"href":"https:\/\/magoezequias.com.ar\/tienda\/wp-json\/wp\/v2\/product_tag?post=2146"}],"curies":[{"name":"wp","href":"https:\/\/api.w.org\/{rel}","templated":true}]}}