{"id":2152,"date":"2021-04-19T00:18:29","date_gmt":"2021-04-19T00:18:29","guid":{"rendered":"https:\/\/magoezequias.com.ar\/tienda\/?post_type=product&#038;p=2152"},"modified":"2021-04-19T00:18:30","modified_gmt":"2021-04-19T00:18:30","slug":"busto-de-harry-houdini","status":"publish","type":"product","link":"https:\/\/magoezequias.com.ar\/tienda\/producto\/busto-de-harry-houdini","title":{"rendered":"Busto de Harry Houdini"},"content":{"rendered":"<p><a href=\"https:\/\/magoezequias.com.ar\/tienda\/wp-content\/uploads\/2021\/04\/busto-houdini.jpeg\"><img fetchpriority=\"high\" decoding=\"async\" class=\"aligncenter  wp-image-2154\" src=\"https:\/\/magoezequias.com.ar\/tienda\/wp-content\/uploads\/2021\/04\/busto-houdini.jpeg\" alt=\"\" width=\"547\" height=\"442\" srcset=\"https:\/\/magoezequias.com.ar\/tienda\/wp-content\/uploads\/2021\/04\/busto-houdini.jpeg 1143w, https:\/\/magoezequias.com.ar\/tienda\/wp-content\/uploads\/2021\/04\/busto-houdini-300x243.jpeg 300w, https:\/\/magoezequias.com.ar\/tienda\/wp-content\/uploads\/2021\/04\/busto-houdini-1024x828.jpeg 1024w, https:\/\/magoezequias.com.ar\/tienda\/wp-content\/uploads\/2021\/04\/busto-houdini-768x621.jpeg 768w\" sizes=\"(max-width: 547px) 100vw, 547px\" \/><\/a><\/p>\n<p style=\"text-align: justify;\">El Busto de Harry Houdini, ideal para decorar su espacio de trabajo o integrarlo a una rutina de cartomagia ya que en la parte de abajo tienen una predicci\u00f3n grabada de una carta de poker.<\/p>\n<p style=\"text-align: justify;\">\n<p style=\"text-align: justify;\">Simil plata. Tama\u00f1o 6 cent\u00edmetros de alto, 3,5 de ancho.<\/p>\n<p>&nbsp;<\/p>\n<p><a href=\"https:\/\/magoezequias.com.ar\/tienda\/wp-content\/uploads\/2021\/04\/busto-houdini-2.jpeg\"><img decoding=\"async\" class=\"aligncenter  wp-image-2153\" src=\"https:\/\/magoezequias.com.ar\/tienda\/wp-content\/uploads\/2021\/04\/busto-houdini-2.jpeg\" alt=\"\" width=\"419\" height=\"371\" srcset=\"https:\/\/magoezequias.com.ar\/tienda\/wp-content\/uploads\/2021\/04\/busto-houdini-2.jpeg 1079w, https:\/\/magoezequias.com.ar\/tienda\/wp-content\/uploads\/2021\/04\/busto-houdini-2-300x266.jpeg 300w, https:\/\/magoezequias.com.ar\/tienda\/wp-content\/uploads\/2021\/04\/busto-houdini-2-1024x906.jpeg 1024w, https:\/\/magoezequias.com.ar\/tienda\/wp-content\/uploads\/2021\/04\/busto-houdini-2-768x680.jpeg 768w\" sizes=\"(max-width: 419px) 100vw, 419px\" \/><\/a><\/p>\n<p>&nbsp;<\/p>\n","protected":false},"excerpt":{"rendered":"<p>El Busto de Harry Houdini, ideal para decorar su espacio de trabajo o integrarlo a una rutina de cartomagia ya que en la parte de abajo tienen una predicci\u00f3n grabada de una carta de poker. Simil plata. Tama\u00f1o 6 cent\u00edmetros de alto, 3,5 de ancho. &nbsp; &nbsp;<\/p>\n","protected":false},"featured_media":2154,"comment_status":"open","ping_status":"closed","template":"","meta":[],"product_brand":[],"product_cat":[7,623],"product_tag":[],"class_list":{"0":"post-2152","1":"product","2":"type-product","3":"status-publish","4":"has-post-thumbnail","6":"product_cat-accesorios","7":"product_cat-regalos","9":"first","10":"instock","11":"shipping-taxable","12":"purchasable","13":"product-type-simple"},"aioseo_notices":[],"_links":{"self":[{"href":"https:\/\/magoezequias.com.ar\/tienda\/wp-json\/wp\/v2\/product\/2152","targetHints":{"allow":["GET"]}}],"collection":[{"href":"https:\/\/magoezequias.com.ar\/tienda\/wp-json\/wp\/v2\/product"}],"about":[{"href":"https:\/\/magoezequias.com.ar\/tienda\/wp-json\/wp\/v2\/types\/product"}],"replies":[{"embeddable":true,"href":"https:\/\/magoezequias.com.ar\/tienda\/wp-json\/wp\/v2\/comments?post=2152"}],"version-history":[{"count":0,"href":"https:\/\/magoezequias.com.ar\/tienda\/wp-json\/wp\/v2\/product\/2152\/revisions"}],"wp:featuredmedia":[{"embeddable":true,"href":"https:\/\/magoezequias.com.ar\/tienda\/wp-json\/wp\/v2\/media\/2154"}],"wp:attachment":[{"href":"https:\/\/magoezequias.com.ar\/tienda\/wp-json\/wp\/v2\/media?parent=2152"}],"wp:term":[{"taxonomy":"product_brand","embeddable":true,"href":"https:\/\/magoezequias.com.ar\/tienda\/wp-json\/wp\/v2\/product_brand?post=2152"},{"taxonomy":"product_cat","embeddable":true,"href":"https:\/\/magoezequias.com.ar\/tienda\/wp-json\/wp\/v2\/product_cat?post=2152"},{"taxonomy":"product_tag","embeddable":true,"href":"https:\/\/magoezequias.com.ar\/tienda\/wp-json\/wp\/v2\/product_tag?post=2152"}],"curies":[{"name":"wp","href":"https:\/\/api.w.org\/{rel}","templated":true}]}}