{"id":217,"date":"2014-11-13T20:05:12","date_gmt":"2014-11-13T20:05:12","guid":{"rendered":"https:\/\/magoezequias.com.ar\/tienda\/?post_type=product&#038;p=217"},"modified":"2020-12-26T18:54:20","modified_gmt":"2020-12-26T18:54:20","slug":"tru-la-la-mago-marcos","status":"publish","type":"product","link":"https:\/\/magoezequias.com.ar\/tienda\/producto\/tru-la-la-mago-marcos","title":{"rendered":"TRU LA LA &#8211; Mago Marcos"},"content":{"rendered":"<p><a href=\"https:\/\/magoezequias.com.ar\/tienda\/wp-content\/uploads\/2014\/11\/libro_trulala.jpg\"><img fetchpriority=\"high\" decoding=\"async\" class=\"alignnone size-full wp-image-218\" src=\"https:\/\/magoezequias.com.ar\/tienda\/wp-content\/uploads\/2014\/11\/libro_trulala.jpg\" alt=\"libro_trulala\" width=\"336\" height=\"435\" srcset=\"https:\/\/magoezequias.com.ar\/tienda\/wp-content\/uploads\/2014\/11\/libro_trulala.jpg 336w, https:\/\/magoezequias.com.ar\/tienda\/wp-content\/uploads\/2014\/11\/libro_trulala-231x300.jpg 231w, https:\/\/magoezequias.com.ar\/tienda\/wp-content\/uploads\/2014\/11\/libro_trulala-300x388.jpg 300w\" sizes=\"(max-width: 336px) 100vw, 336px\" \/><\/a><\/p>\n<p>&nbsp;<\/p>\n<p>Su autor Mago Marcos, reconocido Mago Uruguayo, quien se ha dedicado a recopilar sus experiencias con los peques en fiestas infantiles, nos informa el camino a seguir para entrar en el maravilloso mundo m\u00e1gico infantil.<br \/>\n<br data-reactid=\".ut.$mid=11415900252897=2c116954c9913353728.2:0.0.0.0.0.0.$end:0:$3:0\" \/> <span data-reactid=\".ut.$mid=11415900252897=2c116954c9913353728.2:0.0.0.0.0.0.$end:0:$4:0\">Encontraras excelentes aportes te\u00f3ricos y explicaci\u00f3n de presentaciones m\u00e1gicas de magos reconocidos internacionalmente de la talla de Ling-Fu, Daroca, Jos\u00e9 Antonio Godoy, Marko, Salda\u00f1a, Bachi, Richard, Andres Carmona, Henry Evans, Ignoto, Knapp, Pepe Show, Paco,Galo , Roberto Luas.<\/span><br \/>\n<iframe src=\"\/\/www.youtube.com\/embed\/mZ_NW_y0g9U\" width=\"480\" height=\"360\" frameborder=\"0\" allowfullscreen=\"allowfullscreen\"><\/iframe><\/p>\n","protected":false},"excerpt":{"rendered":"<p>Un congreso de magia infantil unipersonal. Un libro muy \u00fatil para todo aquel profesional de la magia infantil o que quiera iniciarse en ella.<\/p>\n","protected":false},"featured_media":218,"comment_status":"open","ping_status":"closed","template":"","meta":[],"product_brand":[],"product_cat":[8,124],"product_tag":[16,126,125],"class_list":{"0":"post-217","1":"product","2":"type-product","3":"status-publish","4":"has-post-thumbnail","6":"product_cat-infantil","7":"product_cat-dvd-libros","8":"product_tag-mago","9":"product_tag-marcos","10":"product_tag-trulala","12":"first","13":"outofstock","14":"shipping-taxable","15":"purchasable","16":"product-type-simple"},"aioseo_notices":[],"_links":{"self":[{"href":"https:\/\/magoezequias.com.ar\/tienda\/wp-json\/wp\/v2\/product\/217","targetHints":{"allow":["GET"]}}],"collection":[{"href":"https:\/\/magoezequias.com.ar\/tienda\/wp-json\/wp\/v2\/product"}],"about":[{"href":"https:\/\/magoezequias.com.ar\/tienda\/wp-json\/wp\/v2\/types\/product"}],"replies":[{"embeddable":true,"href":"https:\/\/magoezequias.com.ar\/tienda\/wp-json\/wp\/v2\/comments?post=217"}],"version-history":[{"count":0,"href":"https:\/\/magoezequias.com.ar\/tienda\/wp-json\/wp\/v2\/product\/217\/revisions"}],"wp:featuredmedia":[{"embeddable":true,"href":"https:\/\/magoezequias.com.ar\/tienda\/wp-json\/wp\/v2\/media\/218"}],"wp:attachment":[{"href":"https:\/\/magoezequias.com.ar\/tienda\/wp-json\/wp\/v2\/media?parent=217"}],"wp:term":[{"taxonomy":"product_brand","embeddable":true,"href":"https:\/\/magoezequias.com.ar\/tienda\/wp-json\/wp\/v2\/product_brand?post=217"},{"taxonomy":"product_cat","embeddable":true,"href":"https:\/\/magoezequias.com.ar\/tienda\/wp-json\/wp\/v2\/product_cat?post=217"},{"taxonomy":"product_tag","embeddable":true,"href":"https:\/\/magoezequias.com.ar\/tienda\/wp-json\/wp\/v2\/product_tag?post=217"}],"curies":[{"name":"wp","href":"https:\/\/api.w.org\/{rel}","templated":true}]}}