{"id":2199,"date":"2021-06-04T19:50:23","date_gmt":"2021-06-04T19:50:23","guid":{"rendered":"https:\/\/magoezequias.com.ar\/tienda\/?post_type=product&#038;p=2199"},"modified":"2022-10-31T22:43:01","modified_gmt":"2022-10-31T22:43:01","slug":"2199","status":"publish","type":"product","link":"https:\/\/magoezequias.com.ar\/tienda\/producto\/2199","title":{"rendered":"La Serpiente Encantada"},"content":{"rendered":"<p><a href=\"https:\/\/magoezequias.com.ar\/tienda\/wp-content\/uploads\/2021\/06\/serpiente-3.jpg\"><img fetchpriority=\"high\" decoding=\"async\" class=\"aligncenter wp-image-2201\" src=\"https:\/\/magoezequias.com.ar\/tienda\/wp-content\/uploads\/2021\/06\/serpiente-3.jpg\" alt=\"\" width=\"524\" height=\"241\" srcset=\"https:\/\/magoezequias.com.ar\/tienda\/wp-content\/uploads\/2021\/06\/serpiente-3.jpg 1280w, https:\/\/magoezequias.com.ar\/tienda\/wp-content\/uploads\/2021\/06\/serpiente-3-300x138.jpg 300w, https:\/\/magoezequias.com.ar\/tienda\/wp-content\/uploads\/2021\/06\/serpiente-3-1024x472.jpg 1024w, https:\/\/magoezequias.com.ar\/tienda\/wp-content\/uploads\/2021\/06\/serpiente-3-768x354.jpg 768w\" sizes=\"(max-width: 524px) 100vw, 524px\" \/><\/a><\/p>\n<p style=\"text-align: justify;\">Un viaje m\u00e1gico a la India, en una rutina con mucha participaci\u00f3n de los espectadores, creada por Guillermo Avil\u00e9s y Ezequ\u00edas.<\/p>\n<p style=\"text-align: justify;\">El mago presenta una serpientes y a su encantador. Luego brinda detalles como mediante la m\u00fasica puede hacer con ella cosas incre\u00edbles.<\/p>\n<p style=\"text-align: justify;\">El mago junto a los ni\u00f1os intentar\u00e1 que m\u00e1gicamente la serpientes viaje a su cesta. Sonar\u00e1 una flauta m\u00e1gica y all\u00ed comienza la diversi\u00f3n.<\/p>\n<p style=\"text-align: justify;\">La serpiente aparecer\u00e1 y desaparecer\u00e1 m\u00e1gicamente. aparecer\u00e1 hasta un conejo y luego la rutina tendr\u00e1 una sorpresa final.<\/p>\n<p style=\"text-align: justify;\">Una rutina que le podr\u00e1 sacar mucho partido con comedia, interacci\u00f3n, m\u00fasica, canciones, etc.<\/p>\n<p>Construidas en materiales de calidad, muy colorida y visual a mucha distancia. Muy f\u00e1cil de empacar y transportar.<\/p>\n<p>&nbsp;<\/p>\n<p><iframe title=\"YouTube video player\" src=\"https:\/\/www.youtube.com\/embed\/0fRWAhcN-2c\" width=\"560\" height=\"315\" frameborder=\"0\" allowfullscreen=\"allowfullscreen\"><\/iframe><\/p>\n","protected":false},"excerpt":{"rendered":"<p>Una rutina a la cual le podr\u00e1 sacar mucho partido con comedia, interacci\u00f3n, m\u00fasica, canciones, etc.<\/p>\n","protected":false},"featured_media":2203,"comment_status":"open","ping_status":"closed","template":"","meta":[],"product_brand":[],"product_cat":[60,8,9],"product_tag":[644,17,643],"class_list":{"0":"post-2199","1":"product","2":"type-product","3":"status-publish","4":"has-post-thumbnail","6":"product_cat-ezequias-2","7":"product_cat-infantil","8":"product_cat-salon","9":"product_tag-encantador","10":"product_tag-ezequias","11":"product_tag-serpiente","13":"first","14":"outofstock","15":"shipping-taxable","16":"purchasable","17":"product-type-simple"},"aioseo_notices":[],"_links":{"self":[{"href":"https:\/\/magoezequias.com.ar\/tienda\/wp-json\/wp\/v2\/product\/2199","targetHints":{"allow":["GET"]}}],"collection":[{"href":"https:\/\/magoezequias.com.ar\/tienda\/wp-json\/wp\/v2\/product"}],"about":[{"href":"https:\/\/magoezequias.com.ar\/tienda\/wp-json\/wp\/v2\/types\/product"}],"replies":[{"embeddable":true,"href":"https:\/\/magoezequias.com.ar\/tienda\/wp-json\/wp\/v2\/comments?post=2199"}],"version-history":[{"count":0,"href":"https:\/\/magoezequias.com.ar\/tienda\/wp-json\/wp\/v2\/product\/2199\/revisions"}],"wp:featuredmedia":[{"embeddable":true,"href":"https:\/\/magoezequias.com.ar\/tienda\/wp-json\/wp\/v2\/media\/2203"}],"wp:attachment":[{"href":"https:\/\/magoezequias.com.ar\/tienda\/wp-json\/wp\/v2\/media?parent=2199"}],"wp:term":[{"taxonomy":"product_brand","embeddable":true,"href":"https:\/\/magoezequias.com.ar\/tienda\/wp-json\/wp\/v2\/product_brand?post=2199"},{"taxonomy":"product_cat","embeddable":true,"href":"https:\/\/magoezequias.com.ar\/tienda\/wp-json\/wp\/v2\/product_cat?post=2199"},{"taxonomy":"product_tag","embeddable":true,"href":"https:\/\/magoezequias.com.ar\/tienda\/wp-json\/wp\/v2\/product_tag?post=2199"}],"curies":[{"name":"wp","href":"https:\/\/api.w.org\/{rel}","templated":true}]}}