{"id":2206,"date":"2021-06-08T20:34:48","date_gmt":"2021-06-08T20:34:48","guid":{"rendered":"https:\/\/magoezequias.com.ar\/tienda\/?post_type=product&#038;p=2206"},"modified":"2022-11-05T15:52:41","modified_gmt":"2022-11-05T15:52:41","slug":"rising-animals","status":"publish","type":"product","link":"https:\/\/magoezequias.com.ar\/tienda\/producto\/rising-animals","title":{"rendered":"Rising Animals"},"content":{"rendered":"<p><a href=\"https:\/\/magoezequias.com.ar\/tienda\/wp-content\/uploads\/2021\/06\/Rising-Animals-2.jpg\"><img fetchpriority=\"high\" decoding=\"async\" class=\"aligncenter wp-image-2208\" src=\"https:\/\/magoezequias.com.ar\/tienda\/wp-content\/uploads\/2021\/06\/Rising-Animals-2.jpg\" alt=\"\" width=\"374\" height=\"432\" srcset=\"https:\/\/magoezequias.com.ar\/tienda\/wp-content\/uploads\/2021\/06\/Rising-Animals-2.jpg 779w, https:\/\/magoezequias.com.ar\/tienda\/wp-content\/uploads\/2021\/06\/Rising-Animals-2-260x300.jpg 260w, https:\/\/magoezequias.com.ar\/tienda\/wp-content\/uploads\/2021\/06\/Rising-Animals-2-768x887.jpg 768w, https:\/\/magoezequias.com.ar\/tienda\/wp-content\/uploads\/2021\/06\/Rising-Animals-2-300x347.jpg 300w\" sizes=\"(max-width: 374px) 100vw, 374px\" \/><\/a><\/p>\n<p style=\"text-align: justify;\">Una rutina de cartas ascendentes creada por Guillermo Avil\u00e9s, super m\u00e1gica, pensada para magia infantil y con tres fases incre\u00edbles&#8230;<\/p>\n<p style=\"text-align: justify;\">Un set de cartas con tres tipos de animales, de tierra, agua y aire. Los espectadores eligen libremente uno de cada h\u00e1bitat y se pierden en el mazo.<\/p>\n<p style=\"text-align: justify;\">Las cartas se guardan en una caja decorada como una selva de un lado y del otro del fondo del mar.<\/p>\n<p style=\"text-align: justify;\">M\u00e1gicamente las cartas se van elevando de a una, primero debajo de un pa\u00f1uelo, la segunda sin cobertura y el tercer animal sale volando!!!<\/p>\n<p style=\"text-align: justify;\">Con la compra tienes acceso a un grupo secreto de Facebook donde podr\u00e1s ver y compartir m\u00faltiples rutinas con esta baraja, cada una de ellas adaptada a la edad de los espectadores, con\u00a0 y sin participaci\u00f3n activa del p\u00fablico o desde una a varias cartas que se elevan.<\/p>\n<p>Una rutina que se adapta a todo tipo de p\u00fablico, ni\u00f1os o adultos, sal\u00f3n o escena.<\/p>\n<p><iframe title=\"YouTube video player\" src=\"https:\/\/www.youtube.com\/embed\/swt80dKp6_E\" width=\"560\" height=\"315\" frameborder=\"0\" allowfullscreen=\"allowfullscreen\"><\/iframe><\/p>\n","protected":false},"excerpt":{"rendered":"<p>Una rutina que se adapta a todo tipo de p\u00fablico, ni\u00f1os o adultos, sal\u00f3n o escena.<\/p>\n","protected":false},"featured_media":2208,"comment_status":"open","ping_status":"closed","template":"","meta":[],"product_brand":[],"product_cat":[12,8,9],"product_tag":[646,648,17,647,645],"class_list":{"0":"post-2206","1":"product","2":"type-product","3":"status-publish","4":"has-post-thumbnail","6":"product_cat-cartomagia","7":"product_cat-infantil","8":"product_cat-salon","9":"product_tag-animals","10":"product_tag-aviles","11":"product_tag-ezequias","12":"product_tag-guillermo","13":"product_tag-rising","15":"first","16":"outofstock","17":"shipping-taxable","18":"purchasable","19":"product-type-simple"},"aioseo_notices":[],"_links":{"self":[{"href":"https:\/\/magoezequias.com.ar\/tienda\/wp-json\/wp\/v2\/product\/2206","targetHints":{"allow":["GET"]}}],"collection":[{"href":"https:\/\/magoezequias.com.ar\/tienda\/wp-json\/wp\/v2\/product"}],"about":[{"href":"https:\/\/magoezequias.com.ar\/tienda\/wp-json\/wp\/v2\/types\/product"}],"replies":[{"embeddable":true,"href":"https:\/\/magoezequias.com.ar\/tienda\/wp-json\/wp\/v2\/comments?post=2206"}],"version-history":[{"count":0,"href":"https:\/\/magoezequias.com.ar\/tienda\/wp-json\/wp\/v2\/product\/2206\/revisions"}],"wp:featuredmedia":[{"embeddable":true,"href":"https:\/\/magoezequias.com.ar\/tienda\/wp-json\/wp\/v2\/media\/2208"}],"wp:attachment":[{"href":"https:\/\/magoezequias.com.ar\/tienda\/wp-json\/wp\/v2\/media?parent=2206"}],"wp:term":[{"taxonomy":"product_brand","embeddable":true,"href":"https:\/\/magoezequias.com.ar\/tienda\/wp-json\/wp\/v2\/product_brand?post=2206"},{"taxonomy":"product_cat","embeddable":true,"href":"https:\/\/magoezequias.com.ar\/tienda\/wp-json\/wp\/v2\/product_cat?post=2206"},{"taxonomy":"product_tag","embeddable":true,"href":"https:\/\/magoezequias.com.ar\/tienda\/wp-json\/wp\/v2\/product_tag?post=2206"}],"curies":[{"name":"wp","href":"https:\/\/api.w.org\/{rel}","templated":true}]}}