{"id":2218,"date":"2021-06-25T14:44:00","date_gmt":"2021-06-25T14:44:00","guid":{"rendered":"https:\/\/magoezequias.com.ar\/tienda\/?post_type=product&#038;p=2218"},"modified":"2022-10-31T22:42:43","modified_gmt":"2022-10-31T22:42:43","slug":"mosqueta-de-bob-esponja","status":"publish","type":"product","link":"https:\/\/magoezequias.com.ar\/tienda\/producto\/mosqueta-de-bob-esponja","title":{"rendered":"Mosqueta Bob Esponja"},"content":{"rendered":"<p><a href=\"https:\/\/magoezequias.com.ar\/tienda\/wp-content\/uploads\/2021\/06\/rabbit-show-bob-esponja.jpeg\"><img fetchpriority=\"high\" decoding=\"async\" class=\"aligncenter wp-image-2219\" src=\"https:\/\/magoezequias.com.ar\/tienda\/wp-content\/uploads\/2021\/06\/rabbit-show-bob-esponja.jpeg\" alt=\"\" width=\"319\" height=\"408\" srcset=\"https:\/\/magoezequias.com.ar\/tienda\/wp-content\/uploads\/2021\/06\/rabbit-show-bob-esponja.jpeg 947w, https:\/\/magoezequias.com.ar\/tienda\/wp-content\/uploads\/2021\/06\/rabbit-show-bob-esponja-235x300.jpeg 235w, https:\/\/magoezequias.com.ar\/tienda\/wp-content\/uploads\/2021\/06\/rabbit-show-bob-esponja-802x1024.jpeg 802w, https:\/\/magoezequias.com.ar\/tienda\/wp-content\/uploads\/2021\/06\/rabbit-show-bob-esponja-768x980.jpeg 768w, https:\/\/magoezequias.com.ar\/tienda\/wp-content\/uploads\/2021\/06\/rabbit-show-bob-esponja-300x383.jpeg 300w\" sizes=\"(max-width: 319px) 100vw, 319px\" \/><\/a><\/p>\n<p style=\"text-align: justify;\">Una versi\u00f3n diferente de <a href=\"https:\/\/magoezequias.com.ar\/tienda\/producto\/rabbit-show-2\">Rabbit Show<\/a> donde el mago muestra 3 cartas jumbo, 2 con la imagen de una galera y varita m\u00e1gica, la restante con Bob Esponja.<\/p>\n<p>&nbsp;<\/p>\n<p style=\"text-align: justify;\">La idea es que nuestros espectadores adivinen donde esconderemos a Bob Esponja.<\/p>\n<p>&nbsp;<\/p>\n<p style=\"text-align: justify;\">Se pone de dorso Bob Esponja \u00a0y se entremezcla con las dos galeras, pero el mago da vuelta otra galera y all\u00ed es m\u00e1s dif\u00edcil. Se le pide a un espectador que diga donde cree que est\u00e1 Bob Esponja. El espectador falla y se muestra la cara de esa carta.<\/p>\n<p>&nbsp;<\/p>\n<p style=\"text-align: justify;\">Para hacerlo m\u00e1s f\u00e1cil el mago saca una galera y ahora quedan dos cartas, se pone de dorso, se mezclan y se pide que elija nuevamente\u2026 pero nuevamente no acierta ya que es otra galera, la cual se retira tambi\u00e9n.<\/p>\n<p>&nbsp;<\/p>\n<p style=\"text-align: justify;\">Solo queda una carta de dorso que tiene que ser Bob Esponja, \u00a0imposible que el p\u00fablico falle, pero el mago mezcla, da a elegir\u2026 y nuevamente falla el espectador. Al mostrar la cara es una galera.<\/p>\n<p>&nbsp;<\/p>\n<p style=\"text-align: justify;\">La pregunta es donde est\u00e1 Bob Esponja?<\/p>\n<p>&nbsp;<\/p>\n<p style=\"text-align: justify;\">El mago muestra el sobre donde al principio sac\u00f3 las cartas y est\u00e1 sin nada. Se le entrega al espectador a Bob Esponja invisible y se le solicita que lo lance al sobre. Ahora m\u00e1gicamente\u00a0 y de una manera totalmente visual nuestro amigo Bob Esponja aparece!!!!<\/p>\n<p>&nbsp;<\/p>\n<p style=\"text-align: justify;\">Una rutina que genera mucha comedia, magia y diversi\u00f3n, muy f\u00e1cil de realizar, solamente se necesita una t\u00e9cnica explicada en el video. Cartas de tama\u00f1o jumbo para ser vistas a grandes distancias.<\/p>\n<p>&nbsp;<\/p>\n<p style=\"text-align: justify;\">Una rutina ideal para shows virtuales o presenciales, para todo tipo de p\u00fablico, que ocupa muy poco lugar para transportar y rinde mucho en escena.<\/p>\n<p>&nbsp;<\/p>\n<p style=\"text-align: justify;\">Usted recibe las cartas especiales laminadas, el sobre y un video explicativo.<\/p>\n<p>&nbsp;<\/p>\n<p><strong>Video de Rabbit Show donde s\u00f3lo cambia la imagen del conejo por Bob Esponja y el sobre.<\/strong><\/p>\n<p><iframe title=\"YouTube video player\" src=\"https:\/\/www.youtube.com\/embed\/5J0Kpra0bAk\" width=\"560\" height=\"315\" frameborder=\"0\" allowfullscreen=\"allowfullscreen\"><\/iframe><\/p>\n","protected":false},"excerpt":{"rendered":"<p>Una \u00a0rutina del estilo mosqueta para el p\u00fablico infantil o familiar, generando mucha comedia, magia y diversi\u00f3n; muy f\u00e1cil de realizar.<\/p>\n","protected":false},"featured_media":2219,"comment_status":"open","ping_status":"closed","template":"","meta":[],"product_brand":[],"product_cat":[60,8,319,9],"product_tag":[649,311,17,161,219,409],"class_list":{"0":"post-2218","1":"product","2":"type-product","3":"status-publish","4":"has-post-thumbnail","6":"product_cat-ezequias-2","7":"product_cat-infantil","8":"product_cat-principiantes","9":"product_cat-salon","10":"product_tag-bob","11":"product_tag-esponja","12":"product_tag-ezequias","13":"product_tag-mosqueta","14":"product_tag-rabbit","15":"product_tag-show","17":"first","18":"instock","19":"shipping-taxable","20":"purchasable","21":"product-type-simple"},"aioseo_notices":[],"_links":{"self":[{"href":"https:\/\/magoezequias.com.ar\/tienda\/wp-json\/wp\/v2\/product\/2218","targetHints":{"allow":["GET"]}}],"collection":[{"href":"https:\/\/magoezequias.com.ar\/tienda\/wp-json\/wp\/v2\/product"}],"about":[{"href":"https:\/\/magoezequias.com.ar\/tienda\/wp-json\/wp\/v2\/types\/product"}],"replies":[{"embeddable":true,"href":"https:\/\/magoezequias.com.ar\/tienda\/wp-json\/wp\/v2\/comments?post=2218"}],"version-history":[{"count":0,"href":"https:\/\/magoezequias.com.ar\/tienda\/wp-json\/wp\/v2\/product\/2218\/revisions"}],"wp:featuredmedia":[{"embeddable":true,"href":"https:\/\/magoezequias.com.ar\/tienda\/wp-json\/wp\/v2\/media\/2219"}],"wp:attachment":[{"href":"https:\/\/magoezequias.com.ar\/tienda\/wp-json\/wp\/v2\/media?parent=2218"}],"wp:term":[{"taxonomy":"product_brand","embeddable":true,"href":"https:\/\/magoezequias.com.ar\/tienda\/wp-json\/wp\/v2\/product_brand?post=2218"},{"taxonomy":"product_cat","embeddable":true,"href":"https:\/\/magoezequias.com.ar\/tienda\/wp-json\/wp\/v2\/product_cat?post=2218"},{"taxonomy":"product_tag","embeddable":true,"href":"https:\/\/magoezequias.com.ar\/tienda\/wp-json\/wp\/v2\/product_tag?post=2218"}],"curies":[{"name":"wp","href":"https:\/\/api.w.org\/{rel}","templated":true}]}}