{"id":226,"date":"2014-11-13T20:58:35","date_gmt":"2014-11-13T20:58:35","guid":{"rendered":"https:\/\/magoezequias.com.ar\/tienda\/?post_type=product&#038;p=226"},"modified":"2019-11-23T15:26:38","modified_gmt":"2019-11-23T15:26:38","slug":"lata-zombie-con-dvd","status":"publish","type":"product","link":"https:\/\/magoezequias.com.ar\/tienda\/producto\/lata-zombie-con-dvd","title":{"rendered":"Lata y bola Zombie con DVD"},"content":{"rendered":"<p><a href=\"https:\/\/magoezequias.com.ar\/tienda\/wp-content\/uploads\/2014\/11\/marcius_lata.jpg\"><img fetchpriority=\"high\" decoding=\"async\" class=\"alignnone size-full wp-image-227\" src=\"https:\/\/magoezequias.com.ar\/tienda\/wp-content\/uploads\/2014\/11\/marcius_lata.jpg\" alt=\"marcius_lata\" width=\"361\" height=\"336\" srcset=\"https:\/\/magoezequias.com.ar\/tienda\/wp-content\/uploads\/2014\/11\/marcius_lata.jpg 361w, https:\/\/magoezequias.com.ar\/tienda\/wp-content\/uploads\/2014\/11\/marcius_lata-300x279.jpg 300w\" sizes=\"(max-width: 361px) 100vw, 361px\" \/><\/a><\/p>\n<p>De la mano de Marcius una nueva versi\u00f3n del cl\u00e1sico efecto de la bola zombie pero ahora con una lata de gaseosa llena.<\/p>\n<p>Usted adem\u00e1s de poder hacer todos los pases de la bola zombie, como final tambi\u00e9n podr\u00e1 servir el contenido de la lata en un vaso mientras levita.<\/p>\n<p>Una rutina s\u00faper practica y moderna con todos los elementos para ejecutarla y un DVD donde Marcius\u00a0 explica detalladamente toda la rutina.<\/p>\n<p>Adem\u00e1s usted recibe una bola luminosa de led que cambia de colores para hacer la rutina cl\u00e1sica.<\/p>\n<p>Usted recibe: el\u00a0gimmick especialmente creado,\u00a0bola luminosa de led y dvd explicativo.<\/p>\n<p><iframe src=\"https:\/\/www.youtube.com\/embed\/pexYDu8H69c\" width=\"420\" height=\"315\" frameborder=\"0\" allowfullscreen=\"allowfullscreen\"><\/iframe><\/p>\n<p>&nbsp;<\/p>\n<p>&nbsp;<\/p>\n","protected":false},"excerpt":{"rendered":"<p>Una rutina s\u00faper practica y moderna con todos los elementos para ejecutarla y un DVD donde Marcius\u00a0 explica detalladamente toda la rutina.<\/p>\n","protected":false},"featured_media":227,"comment_status":"open","ping_status":"closed","template":"","meta":[],"product_brand":[],"product_cat":[10,9,124],"product_tag":[69,83,173,127,132],"class_list":{"0":"post-226","1":"product","2":"type-product","3":"status-publish","4":"has-post-thumbnail","6":"product_cat-escena","7":"product_cat-salon","8":"product_cat-dvd-libros","9":"product_tag-bola","10":"product_tag-lata","11":"product_tag-luminosa","12":"product_tag-marcius","13":"product_tag-zombie","15":"first","16":"outofstock","17":"shipping-taxable","18":"purchasable","19":"product-type-simple"},"aioseo_notices":[],"_links":{"self":[{"href":"https:\/\/magoezequias.com.ar\/tienda\/wp-json\/wp\/v2\/product\/226","targetHints":{"allow":["GET"]}}],"collection":[{"href":"https:\/\/magoezequias.com.ar\/tienda\/wp-json\/wp\/v2\/product"}],"about":[{"href":"https:\/\/magoezequias.com.ar\/tienda\/wp-json\/wp\/v2\/types\/product"}],"replies":[{"embeddable":true,"href":"https:\/\/magoezequias.com.ar\/tienda\/wp-json\/wp\/v2\/comments?post=226"}],"version-history":[{"count":0,"href":"https:\/\/magoezequias.com.ar\/tienda\/wp-json\/wp\/v2\/product\/226\/revisions"}],"wp:featuredmedia":[{"embeddable":true,"href":"https:\/\/magoezequias.com.ar\/tienda\/wp-json\/wp\/v2\/media\/227"}],"wp:attachment":[{"href":"https:\/\/magoezequias.com.ar\/tienda\/wp-json\/wp\/v2\/media?parent=226"}],"wp:term":[{"taxonomy":"product_brand","embeddable":true,"href":"https:\/\/magoezequias.com.ar\/tienda\/wp-json\/wp\/v2\/product_brand?post=226"},{"taxonomy":"product_cat","embeddable":true,"href":"https:\/\/magoezequias.com.ar\/tienda\/wp-json\/wp\/v2\/product_cat?post=226"},{"taxonomy":"product_tag","embeddable":true,"href":"https:\/\/magoezequias.com.ar\/tienda\/wp-json\/wp\/v2\/product_tag?post=226"}],"curies":[{"name":"wp","href":"https:\/\/api.w.org\/{rel}","templated":true}]}}