{"id":2360,"date":"2022-01-11T00:11:48","date_gmt":"2022-01-11T00:11:48","guid":{"rendered":"https:\/\/magoezequias.com.ar\/tienda\/?post_type=product&#038;p=2360"},"modified":"2024-08-01T12:17:37","modified_gmt":"2024-08-01T12:17:37","slug":"aparicion-de-varita-gigante","status":"publish","type":"product","link":"https:\/\/magoezequias.com.ar\/tienda\/producto\/aparicion-de-varita-gigante","title":{"rendered":"Aparici\u00f3n de varita gigante"},"content":{"rendered":"<p style=\"text-align: justify;\"><a href=\"https:\/\/magoezequias.com.ar\/tienda\/wp-content\/uploads\/2022\/01\/varita-aparicion.jpg\"><img fetchpriority=\"high\" decoding=\"async\" class=\"aligncenter wp-image-2362\" src=\"https:\/\/magoezequias.com.ar\/tienda\/wp-content\/uploads\/2022\/01\/varita-aparicion.jpg\" alt=\"\" width=\"448\" height=\"318\" srcset=\"https:\/\/magoezequias.com.ar\/tienda\/wp-content\/uploads\/2022\/01\/varita-aparicion.jpg 1085w, https:\/\/magoezequias.com.ar\/tienda\/wp-content\/uploads\/2022\/01\/varita-aparicion-300x213.jpg 300w, https:\/\/magoezequias.com.ar\/tienda\/wp-content\/uploads\/2022\/01\/varita-aparicion-1024x728.jpg 1024w, https:\/\/magoezequias.com.ar\/tienda\/wp-content\/uploads\/2022\/01\/varita-aparicion-768x546.jpg 768w\" sizes=\"(max-width: 448px) 100vw, 448px\" \/><\/a><\/p>\n<p style=\"text-align: justify;\">\u00a1Imag\u00ednate la aparici\u00f3n en la misma cara del espectador de una gran varita de 1,80 metros que sacas de una peque\u00f1a bolsa, galera o de tu bolsillo!!<\/p>\n<p style=\"text-align: justify;\">Es visualmente incre\u00edble. El p\u00fablico no creer\u00e1 lo que realmente est\u00e1 viendo.<\/p>\n<p style=\"text-align: justify;\">\u00c9sta es magia de alta potencia visual y genera muchas situaciones de comedia.<\/p>\n<p style=\"text-align: justify;\">\u00a1Puedes hacerlo en cualquier momento de tu actuaci\u00f3n, y es muy simple!<\/p>\n<p style=\"text-align: justify;\">No confundas este efecto con otras varitas similares en el mercado. El sistema de aparici\u00f3n es diferente y est\u00e1 totalmente construido en pl\u00e1stico por lo que lo hace de mucha durabilidad.<\/p>\n<p style=\"text-align: justify;\">Olv\u00eddese de los problemas para guardarla delante del p\u00fablico&#8230; ahora es simple.<\/p>\n<p style=\"text-align: justify;\">El espectador puede tener la varita en sus manos ya que es s\u00faper firme y resistente.<\/p>\n<p style=\"text-align: center;\"><a href=\"https:\/\/magoezequias.com.ar\/tienda\/wp-content\/uploads\/2022\/01\/varita-aparicion-2.jpg\"><img decoding=\"async\" class=\"aligncenter wp-image-2361\" src=\"https:\/\/magoezequias.com.ar\/tienda\/wp-content\/uploads\/2022\/01\/varita-aparicion-2.jpg\" alt=\"\" width=\"459\" height=\"352\" srcset=\"https:\/\/magoezequias.com.ar\/tienda\/wp-content\/uploads\/2022\/01\/varita-aparicion-2.jpg 628w, https:\/\/magoezequias.com.ar\/tienda\/wp-content\/uploads\/2022\/01\/varita-aparicion-2-300x230.jpg 300w\" sizes=\"(max-width: 459px) 100vw, 459px\" \/><\/a><\/p>\n<p style=\"text-align: justify;\">Dos modos de uso. Puede llevarla de 20 cent\u00edmetros a 90 o de 40 cent\u00edmetros a 180.<\/p>\n<p style=\"text-align: justify;\">Puedes hacer este efecto sin miedo que te descubran, incluso totalmente rodeado.<\/p>\n<p style=\"text-align: justify;\">\u00a1No olvidar\u00e1s la cara del p\u00fablico con las caras de asombro que les quedar\u00e1n!!<\/p>\n<p><iframe title=\"YouTube video player\" src=\"https:\/\/www.youtube.com\/embed\/0ZbN2Qx-X9I\" width=\"560\" height=\"315\" frameborder=\"0\" allowfullscreen=\"allowfullscreen\"><\/iframe><\/p>\n","protected":false},"excerpt":{"rendered":"<p>Una varita de aparici\u00f3n de 1,80 metros, con un nuevo sistema, s\u00faper resistente y en pl\u00e1stico.<\/p>\n","protected":false},"featured_media":2361,"comment_status":"open","ping_status":"closed","template":"","meta":[],"product_brand":[],"product_cat":[7,60,8],"product_tag":[356,17,86],"class_list":{"0":"post-2360","1":"product","2":"type-product","3":"status-publish","4":"has-post-thumbnail","6":"product_cat-accesorios","7":"product_cat-ezequias-2","8":"product_cat-infantil","9":"product_tag-aparicion","10":"product_tag-ezequias","11":"product_tag-varita","13":"first","14":"instock","15":"shipping-taxable","16":"purchasable","17":"product-type-simple"},"aioseo_notices":[],"_links":{"self":[{"href":"https:\/\/magoezequias.com.ar\/tienda\/wp-json\/wp\/v2\/product\/2360","targetHints":{"allow":["GET"]}}],"collection":[{"href":"https:\/\/magoezequias.com.ar\/tienda\/wp-json\/wp\/v2\/product"}],"about":[{"href":"https:\/\/magoezequias.com.ar\/tienda\/wp-json\/wp\/v2\/types\/product"}],"replies":[{"embeddable":true,"href":"https:\/\/magoezequias.com.ar\/tienda\/wp-json\/wp\/v2\/comments?post=2360"}],"version-history":[{"count":0,"href":"https:\/\/magoezequias.com.ar\/tienda\/wp-json\/wp\/v2\/product\/2360\/revisions"}],"wp:featuredmedia":[{"embeddable":true,"href":"https:\/\/magoezequias.com.ar\/tienda\/wp-json\/wp\/v2\/media\/2361"}],"wp:attachment":[{"href":"https:\/\/magoezequias.com.ar\/tienda\/wp-json\/wp\/v2\/media?parent=2360"}],"wp:term":[{"taxonomy":"product_brand","embeddable":true,"href":"https:\/\/magoezequias.com.ar\/tienda\/wp-json\/wp\/v2\/product_brand?post=2360"},{"taxonomy":"product_cat","embeddable":true,"href":"https:\/\/magoezequias.com.ar\/tienda\/wp-json\/wp\/v2\/product_cat?post=2360"},{"taxonomy":"product_tag","embeddable":true,"href":"https:\/\/magoezequias.com.ar\/tienda\/wp-json\/wp\/v2\/product_tag?post=2360"}],"curies":[{"name":"wp","href":"https:\/\/api.w.org\/{rel}","templated":true}]}}