{"id":2374,"date":"2022-01-12T19:30:10","date_gmt":"2022-01-12T19:30:10","guid":{"rendered":"https:\/\/magoezequias.com.ar\/tienda\/?post_type=product&#038;p=2374"},"modified":"2024-10-17T22:41:26","modified_gmt":"2024-10-17T22:41:26","slug":"super-heroes-siglo-xx","status":"publish","type":"product","link":"https:\/\/magoezequias.com.ar\/tienda\/producto\/super-heroes-siglo-xx","title":{"rendered":"Super H\u00e9roes Siglo XX"},"content":{"rendered":"<p><a href=\"https:\/\/magoezequias.com.ar\/tienda\/wp-content\/uploads\/2022\/01\/super-heroe-4.png\"><img fetchpriority=\"high\" decoding=\"async\" class=\"aligncenter wp-image-2377\" src=\"https:\/\/magoezequias.com.ar\/tienda\/wp-content\/uploads\/2022\/01\/super-heroe-4.png\" alt=\"\" width=\"438\" height=\"347\" srcset=\"https:\/\/magoezequias.com.ar\/tienda\/wp-content\/uploads\/2022\/01\/super-heroe-4.png 1362w, https:\/\/magoezequias.com.ar\/tienda\/wp-content\/uploads\/2022\/01\/super-heroe-4-300x238.png 300w, https:\/\/magoezequias.com.ar\/tienda\/wp-content\/uploads\/2022\/01\/super-heroe-4-1024x811.png 1024w, https:\/\/magoezequias.com.ar\/tienda\/wp-content\/uploads\/2022\/01\/super-heroe-4-768x608.png 768w\" sizes=\"(max-width: 438px) 100vw, 438px\" \/><\/a><\/p>\n<p style=\"text-align: justify;\">El mago muestra 13 cartas de S\u00faper H\u00e9roes y villanos que estaban deambulando por la ciudad y explica que con la ayuda de dos de ellos realizar\u00e1 una rutina de magia.<\/p>\n<p style=\"text-align: justify;\">Muestra a Superman y al Hombre Ara\u00f1a, que lanz\u00f3 su tela de ara\u00f1a y se uni\u00f3 a su compa\u00f1ero.<\/p>\n<p>&nbsp;<\/p>\n<p style=\"text-align: justify;\">Los chicos ven las dos cartas unidas por una cinta, las cuales quedan siempre a la vista apoyadas en un atril.<\/p>\n<p style=\"text-align: center;\"><a href=\"https:\/\/magoezequias.com.ar\/tienda\/wp-content\/uploads\/2022\/01\/super-heroe-3.png\"><img decoding=\"async\" class=\"aligncenter wp-image-2376\" src=\"https:\/\/magoezequias.com.ar\/tienda\/wp-content\/uploads\/2022\/01\/super-heroe-3.png\" alt=\"\" width=\"447\" height=\"360\" srcset=\"https:\/\/magoezequias.com.ar\/tienda\/wp-content\/uploads\/2022\/01\/super-heroe-3.png 1339w, https:\/\/magoezequias.com.ar\/tienda\/wp-content\/uploads\/2022\/01\/super-heroe-3-300x242.png 300w, https:\/\/magoezequias.com.ar\/tienda\/wp-content\/uploads\/2022\/01\/super-heroe-3-1024x825.png 1024w, https:\/\/magoezequias.com.ar\/tienda\/wp-content\/uploads\/2022\/01\/super-heroe-3-768x619.png 768w\" sizes=\"(max-width: 447px) 100vw, 447px\" \/><\/a><\/p>\n<p style=\"text-align: justify;\">Del resto de super h\u00e9roes un ni\u00f1o selecciona a uno, por ejemplo el Incre\u00edble Hulk, el cual luego de mostrarlo claramente, se pierde entre el resto.<\/p>\n<p style=\"text-align: justify;\">El mago explica que Superman y el hombre ara\u00f1a realizar\u00e1n un vuelo sobre las cartas y salvar\u00e1n al Incre\u00edble Hulk&#8230; el mago pasa las dos cartas a distancia y dice YA EST\u00c4!!!<\/p>\n<p>&nbsp;<\/p>\n<p style=\"text-align: justify;\">Los ni\u00f1os no vieron nada y desconf\u00edan&#8230;<\/p>\n<p>&nbsp;<\/p>\n<p style=\"text-align: justify;\">El mago muestra uno por uno los s\u00faper h\u00e9roes y villanos y Hulk no est\u00e1!!! desapareci\u00f3.<\/p>\n<p>&nbsp;<\/p>\n<p style=\"text-align: justify;\">Al tomar la cinta que atravesaba con el Hombre ara\u00f1a y Superman&#8230; entre ellos aparece Hulk!!!!<\/p>\n<p style=\"text-align: center;\"><a href=\"https:\/\/magoezequias.com.ar\/tienda\/wp-content\/uploads\/2022\/01\/super-heroe-5.png\"><img decoding=\"async\" class=\"aligncenter wp-image-2378\" src=\"https:\/\/magoezequias.com.ar\/tienda\/wp-content\/uploads\/2022\/01\/super-heroe-5.png\" alt=\"\" width=\"449\" height=\"253\" srcset=\"https:\/\/magoezequias.com.ar\/tienda\/wp-content\/uploads\/2022\/01\/super-heroe-5.png 1920w, https:\/\/magoezequias.com.ar\/tienda\/wp-content\/uploads\/2022\/01\/super-heroe-5-300x169.png 300w, https:\/\/magoezequias.com.ar\/tienda\/wp-content\/uploads\/2022\/01\/super-heroe-5-1024x576.png 1024w, https:\/\/magoezequias.com.ar\/tienda\/wp-content\/uploads\/2022\/01\/super-heroe-5-768x432.png 768w, https:\/\/magoezequias.com.ar\/tienda\/wp-content\/uploads\/2022\/01\/super-heroe-5-1536x864.png 1536w\" sizes=\"(max-width: 449px) 100vw, 449px\" \/><\/a><\/p>\n<p style=\"text-align: justify;\">Una rutina muy divertida con personajes que todos los ni\u00f1os conocen. Muy pr\u00e1ctico y sencillo de ejecutar pero de gran impacto.<\/p>\n<p>&nbsp;<\/p>\n<p style=\"text-align: justify;\">Usted recibe 13 cartas Semi Jumbo laminadas y el set preparado para atrapar los super h\u00e9roes con la cinta. M\u00e1s un pedestal plegable para lograr una mayor est\u00e9tica y limpieza en la rutina. Un link con la rutina y explicaci\u00f3n en video.<\/p>\n<p style=\"text-align: center;\"><a href=\"https:\/\/magoezequias.com.ar\/tienda\/wp-content\/uploads\/2022\/01\/super-heroe-6.png\"><img loading=\"lazy\" decoding=\"async\" class=\"aligncenter wp-image-2379\" src=\"https:\/\/magoezequias.com.ar\/tienda\/wp-content\/uploads\/2022\/01\/super-heroe-6.png\" alt=\"\" width=\"443\" height=\"311\" srcset=\"https:\/\/magoezequias.com.ar\/tienda\/wp-content\/uploads\/2022\/01\/super-heroe-6.png 1540w, https:\/\/magoezequias.com.ar\/tienda\/wp-content\/uploads\/2022\/01\/super-heroe-6-300x210.png 300w, https:\/\/magoezequias.com.ar\/tienda\/wp-content\/uploads\/2022\/01\/super-heroe-6-1024x717.png 1024w, https:\/\/magoezequias.com.ar\/tienda\/wp-content\/uploads\/2022\/01\/super-heroe-6-768x538.png 768w, https:\/\/magoezequias.com.ar\/tienda\/wp-content\/uploads\/2022\/01\/super-heroe-6-1536x1076.png 1536w\" sizes=\"(max-width: 443px) 100vw, 443px\" \/><\/a><\/p>\n<p>&nbsp;<\/p>\n","protected":false},"excerpt":{"rendered":"<p>Siglo XX, un cl\u00e1sico de pa\u00f1uelos, llevado a una versi\u00f3n infantil con cartas por Rodo y Ezequ\u00edas<\/p>\n","protected":false},"featured_media":2381,"comment_status":"open","ping_status":"closed","template":"","meta":[],"product_brand":[],"product_cat":[10,60,8],"product_tag":[17,659,660,661,559],"class_list":{"0":"post-2374","1":"product","2":"type-product","3":"status-publish","4":"has-post-thumbnail","6":"product_cat-escena","7":"product_cat-ezequias-2","8":"product_cat-infantil","9":"product_tag-ezequias","10":"product_tag-heroe","11":"product_tag-rodo","12":"product_tag-siglo","13":"product_tag-super","15":"first","16":"instock","17":"shipping-taxable","18":"purchasable","19":"product-type-simple"},"aioseo_notices":[],"_links":{"self":[{"href":"https:\/\/magoezequias.com.ar\/tienda\/wp-json\/wp\/v2\/product\/2374","targetHints":{"allow":["GET"]}}],"collection":[{"href":"https:\/\/magoezequias.com.ar\/tienda\/wp-json\/wp\/v2\/product"}],"about":[{"href":"https:\/\/magoezequias.com.ar\/tienda\/wp-json\/wp\/v2\/types\/product"}],"replies":[{"embeddable":true,"href":"https:\/\/magoezequias.com.ar\/tienda\/wp-json\/wp\/v2\/comments?post=2374"}],"version-history":[{"count":0,"href":"https:\/\/magoezequias.com.ar\/tienda\/wp-json\/wp\/v2\/product\/2374\/revisions"}],"wp:featuredmedia":[{"embeddable":true,"href":"https:\/\/magoezequias.com.ar\/tienda\/wp-json\/wp\/v2\/media\/2381"}],"wp:attachment":[{"href":"https:\/\/magoezequias.com.ar\/tienda\/wp-json\/wp\/v2\/media?parent=2374"}],"wp:term":[{"taxonomy":"product_brand","embeddable":true,"href":"https:\/\/magoezequias.com.ar\/tienda\/wp-json\/wp\/v2\/product_brand?post=2374"},{"taxonomy":"product_cat","embeddable":true,"href":"https:\/\/magoezequias.com.ar\/tienda\/wp-json\/wp\/v2\/product_cat?post=2374"},{"taxonomy":"product_tag","embeddable":true,"href":"https:\/\/magoezequias.com.ar\/tienda\/wp-json\/wp\/v2\/product_tag?post=2374"}],"curies":[{"name":"wp","href":"https:\/\/api.w.org\/{rel}","templated":true}]}}