{"id":2385,"date":"2022-01-23T02:05:39","date_gmt":"2022-01-23T02:05:39","guid":{"rendered":"https:\/\/magoezequias.com.ar\/tienda\/?post_type=product&#038;p=2385"},"modified":"2023-01-01T10:03:03","modified_gmt":"2023-01-01T10:03:03","slug":"la-granja-de-zenon","status":"publish","type":"product","link":"https:\/\/magoezequias.com.ar\/tienda\/producto\/la-granja-de-zenon","title":{"rendered":"La Granja de Zen\u00f3n"},"content":{"rendered":"<p><a href=\"https:\/\/magoezequias.com.ar\/tienda\/wp-content\/uploads\/2022\/01\/granja-zenon.png\"><img fetchpriority=\"high\" decoding=\"async\" class=\"aligncenter wp-image-2389\" src=\"https:\/\/magoezequias.com.ar\/tienda\/wp-content\/uploads\/2022\/01\/granja-zenon.png\" alt=\"\" width=\"482\" height=\"339\" srcset=\"https:\/\/magoezequias.com.ar\/tienda\/wp-content\/uploads\/2022\/01\/granja-zenon.png 1535w, https:\/\/magoezequias.com.ar\/tienda\/wp-content\/uploads\/2022\/01\/granja-zenon-300x211.png 300w, https:\/\/magoezequias.com.ar\/tienda\/wp-content\/uploads\/2022\/01\/granja-zenon-1024x720.png 1024w, https:\/\/magoezequias.com.ar\/tienda\/wp-content\/uploads\/2022\/01\/granja-zenon-768x540.png 768w\" sizes=\"(max-width: 482px) 100vw, 482px\" \/><\/a><\/p>\n<p style=\"text-align: justify;\">Una rutina con los adorables personajes de la Granja de Zen\u00f3n!!! ideal para magia infantil. Diversi\u00f3n y acci\u00f3n al por mayor.<\/p>\n<p>&nbsp;<\/p>\n<p style=\"text-align: justify;\">El mago muestra varias im\u00e1genes gigantes con Zen\u00f3n y sus amigos, la Vaca Lola, El caballo Redom\u00f3n y el gallo Bartolito. Adem\u00e1s la granja donde va a transcurrir la historia.<\/p>\n<p>&nbsp;<\/p>\n<p style=\"text-align: justify;\">El mago relata que todos los animales se fueron con Zen\u00f3n al campo y m\u00e1gicamente uno de ellos desapareci\u00f3.<\/p>\n<p><a href=\"https:\/\/magoezequias.com.ar\/tienda\/wp-content\/uploads\/2022\/01\/granja-zenon-2.png\"><img decoding=\"async\" class=\"aligncenter wp-image-2386\" src=\"https:\/\/magoezequias.com.ar\/tienda\/wp-content\/uploads\/2022\/01\/granja-zenon-2.png\" alt=\"\" width=\"435\" height=\"309\" srcset=\"https:\/\/magoezequias.com.ar\/tienda\/wp-content\/uploads\/2022\/01\/granja-zenon-2.png 1520w, https:\/\/magoezequias.com.ar\/tienda\/wp-content\/uploads\/2022\/01\/granja-zenon-2-300x213.png 300w, https:\/\/magoezequias.com.ar\/tienda\/wp-content\/uploads\/2022\/01\/granja-zenon-2-1024x727.png 1024w, https:\/\/magoezequias.com.ar\/tienda\/wp-content\/uploads\/2022\/01\/granja-zenon-2-768x545.png 768w\" sizes=\"(max-width: 435px) 100vw, 435px\" \/><\/a><\/p>\n<p style=\"text-align: justify;\">All\u00ed comienza una comedia de enredos donde el mago muestra uno por uno los personajes y demostrando que Bartolito desapareci\u00f3!!!<\/p>\n<p>&nbsp;<\/p>\n<p style=\"text-align: justify;\">El gallo no aparece por ning\u00fan lado&#8230;<\/p>\n<p style=\"text-align: center;\"><a href=\"https:\/\/magoezequias.com.ar\/tienda\/wp-content\/uploads\/2022\/01\/granja-zenon-4.png\"><img decoding=\"async\" class=\"aligncenter wp-image-2388\" src=\"https:\/\/magoezequias.com.ar\/tienda\/wp-content\/uploads\/2022\/01\/granja-zenon-4.png\" alt=\"\" width=\"420\" height=\"338\" srcset=\"https:\/\/magoezequias.com.ar\/tienda\/wp-content\/uploads\/2022\/01\/granja-zenon-4.png 1339w, https:\/\/magoezequias.com.ar\/tienda\/wp-content\/uploads\/2022\/01\/granja-zenon-4-300x242.png 300w, https:\/\/magoezequias.com.ar\/tienda\/wp-content\/uploads\/2022\/01\/granja-zenon-4-1024x825.png 1024w, https:\/\/magoezequias.com.ar\/tienda\/wp-content\/uploads\/2022\/01\/granja-zenon-4-768x619.png 768w\" sizes=\"(max-width: 420px) 100vw, 420px\" \/><\/a><\/p>\n<p style=\"text-align: justify;\">Hasta que el muy travieso empieza a aparecer sin que el mago se de cuenta y los ni\u00f1os gritaran de alegr\u00eda al verlo&#8230;<\/p>\n<p>&nbsp;<\/p>\n<p style=\"text-align: justify;\">Finalmente Bartolito aparece y Zen\u00f3n puede continuar disfrutando de la granja y sus amigos&#8230;<\/p>\n<p>&nbsp;<\/p>\n<p style=\"text-align: justify;\">Usted recibe el material para hacer finales diferentes, como se ve en el video o tambi\u00e9n podr\u00eda hacer que luego el animal aparezca en su espalda o en otro lugar.\u00a0 Recibir\u00e1 los elementos para hacer desaparecer a la Vaca Lola o Bartolito, seg\u00fan usted quiera.<\/p>\n<p>&nbsp;<\/p>\n<p>Rutina desarrollada sobre ideas de George Arrowsmith y Edwin Hooper.\u00a0Material muy durable, de cart\u00f3n laminado. S\u00faper plano y muy visual.<\/p>\n<p>&nbsp;<\/p>\n<p><iframe title=\"YouTube video player\" src=\"https:\/\/www.youtube.com\/embed\/7xMe407KizM\" width=\"560\" height=\"315\" frameborder=\"0\" allowfullscreen=\"allowfullscreen\"><\/iframe><\/p>\n","protected":false},"excerpt":{"rendered":"<p>Una rutina con los adorables personajes de la Granja de Zen\u00f3n!!! Diversi\u00f3n y acci\u00f3n al por mayor.<\/p>\n","protected":false},"featured_media":2390,"comment_status":"open","ping_status":"closed","template":"","meta":[],"product_brand":[],"product_cat":[60,8],"product_tag":[566,525,662,17,523,633,464,524],"class_list":{"0":"post-2385","1":"product","2":"type-product","3":"status-publish","4":"has-post-thumbnail","6":"product_cat-ezequias-2","7":"product_cat-infantil","8":"product_tag-animal","9":"product_tag-animales","10":"product_tag-bartolito","11":"product_tag-ezequias","12":"product_tag-granja","13":"product_tag-lola","14":"product_tag-vaca","15":"product_tag-zenon","17":"first","18":"instock","19":"shipping-taxable","20":"purchasable","21":"product-type-simple"},"aioseo_notices":[],"_links":{"self":[{"href":"https:\/\/magoezequias.com.ar\/tienda\/wp-json\/wp\/v2\/product\/2385","targetHints":{"allow":["GET"]}}],"collection":[{"href":"https:\/\/magoezequias.com.ar\/tienda\/wp-json\/wp\/v2\/product"}],"about":[{"href":"https:\/\/magoezequias.com.ar\/tienda\/wp-json\/wp\/v2\/types\/product"}],"replies":[{"embeddable":true,"href":"https:\/\/magoezequias.com.ar\/tienda\/wp-json\/wp\/v2\/comments?post=2385"}],"version-history":[{"count":0,"href":"https:\/\/magoezequias.com.ar\/tienda\/wp-json\/wp\/v2\/product\/2385\/revisions"}],"wp:featuredmedia":[{"embeddable":true,"href":"https:\/\/magoezequias.com.ar\/tienda\/wp-json\/wp\/v2\/media\/2390"}],"wp:attachment":[{"href":"https:\/\/magoezequias.com.ar\/tienda\/wp-json\/wp\/v2\/media?parent=2385"}],"wp:term":[{"taxonomy":"product_brand","embeddable":true,"href":"https:\/\/magoezequias.com.ar\/tienda\/wp-json\/wp\/v2\/product_brand?post=2385"},{"taxonomy":"product_cat","embeddable":true,"href":"https:\/\/magoezequias.com.ar\/tienda\/wp-json\/wp\/v2\/product_cat?post=2385"},{"taxonomy":"product_tag","embeddable":true,"href":"https:\/\/magoezequias.com.ar\/tienda\/wp-json\/wp\/v2\/product_tag?post=2385"}],"curies":[{"name":"wp","href":"https:\/\/api.w.org\/{rel}","templated":true}]}}