{"id":2392,"date":"2022-01-23T18:29:04","date_gmt":"2022-01-23T18:29:04","guid":{"rendered":"https:\/\/magoezequias.com.ar\/tienda\/?post_type=product&#038;p=2392"},"modified":"2022-01-23T18:29:05","modified_gmt":"2022-01-23T18:29:05","slug":"prediccion-tecnicolor-sobre-ventana","status":"publish","type":"product","link":"https:\/\/magoezequias.com.ar\/tienda\/producto\/prediccion-tecnicolor-sobre-ventana","title":{"rendered":"Predicci\u00f3n tecnicolor &#8211; Sobre ventana"},"content":{"rendered":"<p style=\"text-align: justify;\"><a href=\"https:\/\/magoezequias.com.ar\/tienda\/wp-content\/uploads\/2022\/01\/tecnicolor-3-scaled.jpg\"><img fetchpriority=\"high\" decoding=\"async\" class=\"aligncenter  wp-image-2395\" src=\"https:\/\/magoezequias.com.ar\/tienda\/wp-content\/uploads\/2022\/01\/tecnicolor-3-scaled.jpg\" alt=\"\" width=\"424\" height=\"312\" srcset=\"https:\/\/magoezequias.com.ar\/tienda\/wp-content\/uploads\/2022\/01\/tecnicolor-3-scaled.jpg 2560w, https:\/\/magoezequias.com.ar\/tienda\/wp-content\/uploads\/2022\/01\/tecnicolor-3-300x220.jpg 300w, https:\/\/magoezequias.com.ar\/tienda\/wp-content\/uploads\/2022\/01\/tecnicolor-3-1024x752.jpg 1024w, https:\/\/magoezequias.com.ar\/tienda\/wp-content\/uploads\/2022\/01\/tecnicolor-3-768x564.jpg 768w, https:\/\/magoezequias.com.ar\/tienda\/wp-content\/uploads\/2022\/01\/tecnicolor-3-1536x1129.jpg 1536w, https:\/\/magoezequias.com.ar\/tienda\/wp-content\/uploads\/2022\/01\/tecnicolor-3-2048x1505.jpg 2048w\" sizes=\"(max-width: 424px) 100vw, 424px\" \/><\/a><\/p>\n<p style=\"text-align: justify;\"><span>Un efecto c\u00f3mico de lectura mental con un cl\u00edmax sorprendente. Ideal para sal\u00f3n o escena.\u00a0<\/span><\/p>\n<p style=\"text-align: justify;\"><span>El artista muestra tres sobres, cada uno de ellos tiene una figura geom\u00e9trica de un color diferente: uno rojo, uno verde y uno amarillo. Se invita a dos espectadores, a seleccionar cada uno un sobre. La elecci\u00f3n es justa y totalmente libre, pero el mago insiste en que ha predicho las acciones de los espectadores.<\/span><\/p>\n<p style=\"text-align: justify;\"><span>Supondremos que el primero elige el rojo, y el segundo el amarillo. El mago saca del sobre que tiene una ventana la predicci\u00f3n, la cual siempre estuvo\u00a0a la vista.<\/span><\/p>\n<p style=\"text-align: justify;\"><span>El mago muestra la predicci\u00f3n y lee en voz alta el mensaje&#8230;\u00a0 la cual para el espectador que hab\u00eda elegido el sobre rojo dice \u00a8ELEGIR\u00c1S el ROJO\u00a8.<\/span><\/p>\n<p style=\"text-align: justify;\"><span>Para el segundo espectador dir\u00e1: \u00a8ELEGIR\u00c1S el AMARILLO\u00a8<\/span><\/p>\n<p><a href=\"https:\/\/magoezequias.com.ar\/tienda\/wp-content\/uploads\/2022\/01\/prediccion-tecnicolor-scaled.jpg\"><img decoding=\"async\" class=\"aligncenter  wp-image-2393\" src=\"https:\/\/magoezequias.com.ar\/tienda\/wp-content\/uploads\/2022\/01\/prediccion-tecnicolor-scaled.jpg\" alt=\"\" width=\"431\" height=\"348\" srcset=\"https:\/\/magoezequias.com.ar\/tienda\/wp-content\/uploads\/2022\/01\/prediccion-tecnicolor-scaled.jpg 2560w, https:\/\/magoezequias.com.ar\/tienda\/wp-content\/uploads\/2022\/01\/prediccion-tecnicolor-300x242.jpg 300w, https:\/\/magoezequias.com.ar\/tienda\/wp-content\/uploads\/2022\/01\/prediccion-tecnicolor-1024x827.jpg 1024w, https:\/\/magoezequias.com.ar\/tienda\/wp-content\/uploads\/2022\/01\/prediccion-tecnicolor-768x620.jpg 768w, https:\/\/magoezequias.com.ar\/tienda\/wp-content\/uploads\/2022\/01\/prediccion-tecnicolor-1536x1240.jpg 1536w, https:\/\/magoezequias.com.ar\/tienda\/wp-content\/uploads\/2022\/01\/prediccion-tecnicolor-2048x1654.jpg 2048w\" sizes=\"(max-width: 431px) 100vw, 431px\" \/><\/a><\/p>\n<p style=\"text-align: justify;\"><span>Por supuesto, la audiencia asume que esto es una broma y no mentalismo. Sin embargo, el sobre verde del artista contiene una carta que dice los colores que elegir\u00edan los espectadores y cual quedar\u00eda para el mago.<\/span><\/p>\n<p style=\"text-align: justify;\">Una predicci\u00f3n exacta y sorprendente!!!<\/p>\n<p style=\"text-align: center;\"><a href=\"https:\/\/magoezequias.com.ar\/tienda\/wp-content\/uploads\/2022\/01\/tecnicolor-2-scaled.jpg\"><img decoding=\"async\" class=\"aligncenter  wp-image-2394\" src=\"https:\/\/magoezequias.com.ar\/tienda\/wp-content\/uploads\/2022\/01\/tecnicolor-2-scaled.jpg\" alt=\"\" width=\"472\" height=\"348\" srcset=\"https:\/\/magoezequias.com.ar\/tienda\/wp-content\/uploads\/2022\/01\/tecnicolor-2-scaled.jpg 2560w, https:\/\/magoezequias.com.ar\/tienda\/wp-content\/uploads\/2022\/01\/tecnicolor-2-300x221.jpg 300w, https:\/\/magoezequias.com.ar\/tienda\/wp-content\/uploads\/2022\/01\/tecnicolor-2-1024x755.jpg 1024w, https:\/\/magoezequias.com.ar\/tienda\/wp-content\/uploads\/2022\/01\/tecnicolor-2-768x566.jpg 768w, https:\/\/magoezequias.com.ar\/tienda\/wp-content\/uploads\/2022\/01\/tecnicolor-2-1536x1132.jpg 1536w, https:\/\/magoezequias.com.ar\/tienda\/wp-content\/uploads\/2022\/01\/tecnicolor-2-2048x1510.jpg 2048w\" sizes=\"(max-width: 472px) 100vw, 472px\" \/><\/a><\/p>\n<p style=\"text-align: justify;\"><span> Una rutina donde las elecciones son totalmente libre y los resultados son diferentes cada vez. Tiene todo lo que necesitas para un gran show: drama, suspenso y comedia. Muy f\u00e1cil de hacer para que se dedique a la presentaci\u00f3n.<\/span><\/p>\n<p style=\"text-align: justify;\"><span>Tama\u00f1o ideal para escena o sal\u00f3n, 12 cm de ancho por 20 cm de alto.\u00a0<\/span><\/p>\n","protected":false},"excerpt":{"rendered":"<p>Un efecto c\u00f3mico de lectura mental con un cl\u00edmax sorprendente que tiene todo lo que necesitas para un gran show: drama, suspenso y comedia.<\/p>\n","protected":false},"featured_media":2395,"comment_status":"open","ping_status":"closed","template":"","meta":[],"product_brand":[],"product_cat":[10,13,9],"product_tag":[223,335,609,663],"class_list":{"0":"post-2392","1":"product","2":"type-product","3":"status-publish","4":"has-post-thumbnail","6":"product_cat-escena","7":"product_cat-mentalismo","8":"product_cat-salon","9":"product_tag-color","10":"product_tag-prediccion","11":"product_tag-sobre","12":"product_tag-tecnicolor","14":"first","15":"instock","16":"shipping-taxable","17":"purchasable","18":"product-type-simple"},"aioseo_notices":[],"_links":{"self":[{"href":"https:\/\/magoezequias.com.ar\/tienda\/wp-json\/wp\/v2\/product\/2392","targetHints":{"allow":["GET"]}}],"collection":[{"href":"https:\/\/magoezequias.com.ar\/tienda\/wp-json\/wp\/v2\/product"}],"about":[{"href":"https:\/\/magoezequias.com.ar\/tienda\/wp-json\/wp\/v2\/types\/product"}],"replies":[{"embeddable":true,"href":"https:\/\/magoezequias.com.ar\/tienda\/wp-json\/wp\/v2\/comments?post=2392"}],"version-history":[{"count":0,"href":"https:\/\/magoezequias.com.ar\/tienda\/wp-json\/wp\/v2\/product\/2392\/revisions"}],"wp:featuredmedia":[{"embeddable":true,"href":"https:\/\/magoezequias.com.ar\/tienda\/wp-json\/wp\/v2\/media\/2395"}],"wp:attachment":[{"href":"https:\/\/magoezequias.com.ar\/tienda\/wp-json\/wp\/v2\/media?parent=2392"}],"wp:term":[{"taxonomy":"product_brand","embeddable":true,"href":"https:\/\/magoezequias.com.ar\/tienda\/wp-json\/wp\/v2\/product_brand?post=2392"},{"taxonomy":"product_cat","embeddable":true,"href":"https:\/\/magoezequias.com.ar\/tienda\/wp-json\/wp\/v2\/product_cat?post=2392"},{"taxonomy":"product_tag","embeddable":true,"href":"https:\/\/magoezequias.com.ar\/tienda\/wp-json\/wp\/v2\/product_tag?post=2392"}],"curies":[{"name":"wp","href":"https:\/\/api.w.org\/{rel}","templated":true}]}}