{"id":244,"date":"2014-11-18T00:42:22","date_gmt":"2014-11-18T00:42:22","guid":{"rendered":"https:\/\/magoezequias.com.ar\/tienda\/?post_type=product&#038;p=244"},"modified":"2019-11-20T02:48:55","modified_gmt":"2019-11-20T02:48:55","slug":"hilo-flash","status":"publish","type":"product","link":"https:\/\/magoezequias.com.ar\/tienda\/producto\/hilo-flash","title":{"rendered":"Hilo Flash"},"content":{"rendered":"<p><a href=\"https:\/\/magoezequias.com.ar\/tienda\/wp-content\/uploads\/2014\/11\/hilo_flash.jpg\"><img fetchpriority=\"high\" decoding=\"async\" class=\"alignnone size-full wp-image-242\" src=\"https:\/\/magoezequias.com.ar\/tienda\/wp-content\/uploads\/2014\/11\/hilo_flash.jpg\" alt=\"hilo_flash\" width=\"480\" height=\"484\" srcset=\"https:\/\/magoezequias.com.ar\/tienda\/wp-content\/uploads\/2014\/11\/hilo_flash.jpg 480w, https:\/\/magoezequias.com.ar\/tienda\/wp-content\/uploads\/2014\/11\/hilo_flash-297x300.jpg 297w, https:\/\/magoezequias.com.ar\/tienda\/wp-content\/uploads\/2014\/11\/hilo_flash-300x302.jpg 300w, https:\/\/magoezequias.com.ar\/tienda\/wp-content\/uploads\/2014\/11\/hilo_flash-90x90.jpg 90w, https:\/\/magoezequias.com.ar\/tienda\/wp-content\/uploads\/2014\/11\/hilo_flash-150x150.jpg 150w\" sizes=\"(max-width: 480px) 100vw, 480px\" \/><\/a><\/p>\n<p>&nbsp;<\/p>\n<p>Se muestra un trozo de hilo, se le acerca un encendedor y el hilo producir\u00e1 una enorme llamarada de fuego y desaparecer\u00e1 sin dejar ning\u00fan tipo de residuo.<br \/>\nIdeal para combinar con apariciones de pa\u00f1uelos y otros objeto.<\/p>\n<p>Usted recibe 6 hebras con un largo de 5 metros cada una, haciendo un total de 30 metros.<\/p>\n<p>&nbsp;<\/p>\n","protected":false},"excerpt":{"rendered":"<p>Hilo de excelente calidad.<\/p>\n","protected":false},"featured_media":242,"comment_status":"open","ping_status":"closed","template":"","meta":[],"product_brand":[],"product_cat":[7],"product_tag":[82,75],"class_list":{"0":"post-244","1":"product","2":"type-product","3":"status-publish","4":"has-post-thumbnail","6":"product_cat-accesorios","7":"product_tag-flash","8":"product_tag-hilo","10":"first","11":"outofstock","12":"shipping-taxable","13":"purchasable","14":"product-type-simple"},"aioseo_notices":[],"_links":{"self":[{"href":"https:\/\/magoezequias.com.ar\/tienda\/wp-json\/wp\/v2\/product\/244","targetHints":{"allow":["GET"]}}],"collection":[{"href":"https:\/\/magoezequias.com.ar\/tienda\/wp-json\/wp\/v2\/product"}],"about":[{"href":"https:\/\/magoezequias.com.ar\/tienda\/wp-json\/wp\/v2\/types\/product"}],"replies":[{"embeddable":true,"href":"https:\/\/magoezequias.com.ar\/tienda\/wp-json\/wp\/v2\/comments?post=244"}],"version-history":[{"count":0,"href":"https:\/\/magoezequias.com.ar\/tienda\/wp-json\/wp\/v2\/product\/244\/revisions"}],"wp:featuredmedia":[{"embeddable":true,"href":"https:\/\/magoezequias.com.ar\/tienda\/wp-json\/wp\/v2\/media\/242"}],"wp:attachment":[{"href":"https:\/\/magoezequias.com.ar\/tienda\/wp-json\/wp\/v2\/media?parent=244"}],"wp:term":[{"taxonomy":"product_brand","embeddable":true,"href":"https:\/\/magoezequias.com.ar\/tienda\/wp-json\/wp\/v2\/product_brand?post=244"},{"taxonomy":"product_cat","embeddable":true,"href":"https:\/\/magoezequias.com.ar\/tienda\/wp-json\/wp\/v2\/product_cat?post=244"},{"taxonomy":"product_tag","embeddable":true,"href":"https:\/\/magoezequias.com.ar\/tienda\/wp-json\/wp\/v2\/product_tag?post=244"}],"curies":[{"name":"wp","href":"https:\/\/api.w.org\/{rel}","templated":true}]}}