{"id":245,"date":"2014-11-18T00:49:12","date_gmt":"2014-11-18T00:49:12","guid":{"rendered":"https:\/\/magoezequias.com.ar\/tienda\/?post_type=product&#038;p=245"},"modified":"2019-11-20T02:48:41","modified_gmt":"2019-11-20T02:48:41","slug":"wild-card","status":"publish","type":"product","link":"https:\/\/magoezequias.com.ar\/tienda\/producto\/wild-card","title":{"rendered":"Wild Card"},"content":{"rendered":"<p><a href=\"https:\/\/magoezequias.com.ar\/tienda\/wp-content\/uploads\/2014\/11\/wild_card_rojo.jpg\"><img fetchpriority=\"high\" decoding=\"async\" class=\"alignnone size-full wp-image-247\" src=\"https:\/\/magoezequias.com.ar\/tienda\/wp-content\/uploads\/2014\/11\/wild_card_rojo.jpg\" alt=\"wild_card_rojo\" width=\"542\" height=\"480\" srcset=\"https:\/\/magoezequias.com.ar\/tienda\/wp-content\/uploads\/2014\/11\/wild_card_rojo.jpg 542w, https:\/\/magoezequias.com.ar\/tienda\/wp-content\/uploads\/2014\/11\/wild_card_rojo-300x265.jpg 300w\" sizes=\"(max-width: 542px) 100vw, 542px\" \/><\/a><\/p>\n<p>Se muestran 8 cartas iguales y una de diferente valor y color. Todas las cartas se colocan sobre la mesa en dos hileras.<br \/>\nCon solo pasar la carta indistinta por encima de las cartas, estas se transforman una a una en el valor de la carta.<br \/>\nFinalmente para sorpresa de los espectadores todas las cartas quedan iguales.<\/p>\n<p>Incluye las cartas especiales para presentar el efecto.<\/p>\n<p>&nbsp;<\/p>\n","protected":false},"excerpt":{"rendered":"<p>Requiere una m\u00ednima manipulaci\u00f3n f\u00e1cil de realizar y de r\u00e1pido reseteo.<\/p>\n","protected":false},"featured_media":247,"comment_status":"open","ping_status":"closed","template":"","meta":[],"product_brand":[],"product_cat":[12,11],"product_tag":[137,136],"class_list":{"0":"post-245","1":"product","2":"type-product","3":"status-publish","4":"has-post-thumbnail","6":"product_cat-cartomagia","7":"product_cat-close-up","8":"product_tag-card","9":"product_tag-wild","11":"first","12":"outofstock","13":"shipping-taxable","14":"purchasable","15":"product-type-simple"},"aioseo_notices":[],"_links":{"self":[{"href":"https:\/\/magoezequias.com.ar\/tienda\/wp-json\/wp\/v2\/product\/245","targetHints":{"allow":["GET"]}}],"collection":[{"href":"https:\/\/magoezequias.com.ar\/tienda\/wp-json\/wp\/v2\/product"}],"about":[{"href":"https:\/\/magoezequias.com.ar\/tienda\/wp-json\/wp\/v2\/types\/product"}],"replies":[{"embeddable":true,"href":"https:\/\/magoezequias.com.ar\/tienda\/wp-json\/wp\/v2\/comments?post=245"}],"version-history":[{"count":0,"href":"https:\/\/magoezequias.com.ar\/tienda\/wp-json\/wp\/v2\/product\/245\/revisions"}],"wp:featuredmedia":[{"embeddable":true,"href":"https:\/\/magoezequias.com.ar\/tienda\/wp-json\/wp\/v2\/media\/247"}],"wp:attachment":[{"href":"https:\/\/magoezequias.com.ar\/tienda\/wp-json\/wp\/v2\/media?parent=245"}],"wp:term":[{"taxonomy":"product_brand","embeddable":true,"href":"https:\/\/magoezequias.com.ar\/tienda\/wp-json\/wp\/v2\/product_brand?post=245"},{"taxonomy":"product_cat","embeddable":true,"href":"https:\/\/magoezequias.com.ar\/tienda\/wp-json\/wp\/v2\/product_cat?post=245"},{"taxonomy":"product_tag","embeddable":true,"href":"https:\/\/magoezequias.com.ar\/tienda\/wp-json\/wp\/v2\/product_tag?post=245"}],"curies":[{"name":"wp","href":"https:\/\/api.w.org\/{rel}","templated":true}]}}