{"id":249,"date":"2014-11-19T01:53:56","date_gmt":"2014-11-19T01:53:56","guid":{"rendered":"https:\/\/magoezequias.com.ar\/tienda\/?post_type=product&#038;p=249"},"modified":"2023-07-24T13:45:14","modified_gmt":"2023-07-24T13:45:14","slug":"cubos-obedientes","status":"publish","type":"product","link":"https:\/\/magoezequias.com.ar\/tienda\/producto\/cubos-obedientes","title":{"rendered":"Cubos  Obedientes"},"content":{"rendered":"<p><a href=\"https:\/\/magoezequias.com.ar\/tienda\/wp-content\/uploads\/2014\/11\/cubos-obedientes-dos.jpg\"><img fetchpriority=\"high\" decoding=\"async\" class=\"alignnone size-full wp-image-251\" src=\"https:\/\/magoezequias.com.ar\/tienda\/wp-content\/uploads\/2014\/11\/cubos-obedientes-dos.jpg\" alt=\"cubos obedientes dos\" width=\"7225\" height=\"2474\" srcset=\"https:\/\/magoezequias.com.ar\/tienda\/wp-content\/uploads\/2014\/11\/cubos-obedientes-dos.jpg 7225w, https:\/\/magoezequias.com.ar\/tienda\/wp-content\/uploads\/2014\/11\/cubos-obedientes-dos-300x102.jpg 300w, https:\/\/magoezequias.com.ar\/tienda\/wp-content\/uploads\/2014\/11\/cubos-obedientes-dos-1024x350.jpg 1024w\" sizes=\"(max-width: 7225px) 100vw, 7225px\" \/><\/a><\/p>\n<p>Usted podr\u00e1 crear la rutina que quiera, con distintas fases y lograr una puesta musical o hablada de por lo menos ocho minutos. Un juego que asombra a magos y profanos.<\/p>\n<p>La premisa es tan sencilla que se puede realizar para ni\u00f1os, pero puede sofisticar la presentaci\u00f3n para impactar al p\u00fablico adulto.\u00a0No est\u00e1 obligado a tener voluntarios en el escenario, pero ellos pueden interactuar durante la rutina.<\/p>\n<p>Se muestran los cuatro bloques separados numeradas del 1 al 4, como en la imagen.\u00a0El artista explica a la audiencia que la pila puede estar dispuesta en cualquier orden y sin embargo por arte de magia al taparla se ordenan como el mago quiere.<\/p>\n<p>Las acciones se llevan a cabo varias veces, incrementando la imposibilidad, en una secuencia f\u00e1cil de seguir.\u00a0Toda la rutina es l\u00f3gica desde el principio hasta el final y usted tendr\u00e1 un aplauso garantizado.<\/p>\n<p>Una de las fases le permite que sean los propios espectadores los que seleccionen el orden de los cubos, los cuales finalmente aparecen ordenados. Tambi\u00e9n pueden los espectadores seleccionar el orden final en que desean que los n\u00fameros y cubos queden ordenados. Esto es anotado en el tubo con un marcador para pizarr\u00f3n. Mire el video y disfrute de la rutina.<\/p>\n<p>&nbsp;<\/p>\n<p>El juego est\u00e1 fabricado a mano, de manera artesanal y todo construido en madera para que sea eterno su uso. Usted recibir\u00e1 4 cubos con n\u00fameros permanentes, el tubo exterior y un video con una rutina de varias fases, con su explicaci\u00f3n y consejos del manejo para crear sus propios pases. Esta es una rutina para profesionales que requiere su pr\u00e1ctica para que pueda ejecutarse con fluidez.<\/p>\n<p><iframe src=\"\/\/www.youtube.com\/embed\/buP3HDfWrxQ\" width=\"560\" height=\"315\" frameborder=\"0\" allowfullscreen=\"allowfullscreen\"><\/iframe><\/p>\n","protected":false},"excerpt":{"rendered":"<p>Una versi\u00f3n sencilla de presentar y transportar de un cl\u00e1sico que tiene m\u00faltiples versiones conocidas como Cuba Libre, The Magic Bricks, Mini Cube, Bewildering Blocks, Cube, Crazy Cubes, etc.<\/p>\n<p>&nbsp;<\/p>\n","protected":false},"featured_media":252,"comment_status":"open","ping_status":"closed","template":"","meta":[],"product_brand":[],"product_cat":[10,60,9],"product_tag":[140,142,138,141,139],"class_list":{"0":"post-249","1":"product","2":"type-product","3":"status-publish","4":"has-post-thumbnail","6":"product_cat-escena","7":"product_cat-ezequias-2","8":"product_cat-salon","9":"product_tag-cuba","10":"product_tag-cubes","11":"product_tag-cubos","12":"product_tag-libre","13":"product_tag-obedientes","15":"first","16":"instock","17":"shipping-taxable","18":"purchasable","19":"product-type-simple"},"aioseo_notices":[],"_links":{"self":[{"href":"https:\/\/magoezequias.com.ar\/tienda\/wp-json\/wp\/v2\/product\/249","targetHints":{"allow":["GET"]}}],"collection":[{"href":"https:\/\/magoezequias.com.ar\/tienda\/wp-json\/wp\/v2\/product"}],"about":[{"href":"https:\/\/magoezequias.com.ar\/tienda\/wp-json\/wp\/v2\/types\/product"}],"replies":[{"embeddable":true,"href":"https:\/\/magoezequias.com.ar\/tienda\/wp-json\/wp\/v2\/comments?post=249"}],"version-history":[{"count":0,"href":"https:\/\/magoezequias.com.ar\/tienda\/wp-json\/wp\/v2\/product\/249\/revisions"}],"wp:featuredmedia":[{"embeddable":true,"href":"https:\/\/magoezequias.com.ar\/tienda\/wp-json\/wp\/v2\/media\/252"}],"wp:attachment":[{"href":"https:\/\/magoezequias.com.ar\/tienda\/wp-json\/wp\/v2\/media?parent=249"}],"wp:term":[{"taxonomy":"product_brand","embeddable":true,"href":"https:\/\/magoezequias.com.ar\/tienda\/wp-json\/wp\/v2\/product_brand?post=249"},{"taxonomy":"product_cat","embeddable":true,"href":"https:\/\/magoezequias.com.ar\/tienda\/wp-json\/wp\/v2\/product_cat?post=249"},{"taxonomy":"product_tag","embeddable":true,"href":"https:\/\/magoezequias.com.ar\/tienda\/wp-json\/wp\/v2\/product_tag?post=249"}],"curies":[{"name":"wp","href":"https:\/\/api.w.org\/{rel}","templated":true}]}}