{"id":2511,"date":"2023-02-26T03:42:23","date_gmt":"2023-02-26T03:42:23","guid":{"rendered":"https:\/\/magoezequias.com.ar\/tienda\/?post_type=product&#038;p=2511"},"modified":"2024-10-17T22:40:23","modified_gmt":"2024-10-17T22:40:23","slug":"multiplicacion-de-botellas-de-jugo-por-6","status":"publish","type":"product","link":"https:\/\/magoezequias.com.ar\/tienda\/producto\/multiplicacion-de-botellas-de-jugo-por-6","title":{"rendered":"Multiplicaci\u00f3n de Botellas de Jugo por 6"},"content":{"rendered":"<p><a href=\"https:\/\/magoezequias.com.ar\/tienda\/wp-content\/uploads\/2023\/02\/botella-por-6-kiwi.jpeg\"><img fetchpriority=\"high\" decoding=\"async\" class=\"aligncenter wp-image-2512\" src=\"https:\/\/magoezequias.com.ar\/tienda\/wp-content\/uploads\/2023\/02\/botella-por-6-kiwi.jpeg\" alt=\"\" width=\"499\" height=\"378\" srcset=\"https:\/\/magoezequias.com.ar\/tienda\/wp-content\/uploads\/2023\/02\/botella-por-6-kiwi.jpeg 1263w, https:\/\/magoezequias.com.ar\/tienda\/wp-content\/uploads\/2023\/02\/botella-por-6-kiwi-300x227.jpeg 300w, https:\/\/magoezequias.com.ar\/tienda\/wp-content\/uploads\/2023\/02\/botella-por-6-kiwi-1024x776.jpeg 1024w, https:\/\/magoezequias.com.ar\/tienda\/wp-content\/uploads\/2023\/02\/botella-por-6-kiwi-768x582.jpeg 768w\" sizes=\"(max-width: 499px) 100vw, 499px\" \/><\/a><\/p>\n<p style=\"text-align: justify;\">Un cl\u00e1sico de la magia de escena o sal\u00f3n, la multiplicaci\u00f3n de botellas.<\/p>\n<p style=\"text-align: justify;\">Usted recibe un material de primera calidad, botellas de pl\u00e1stico que simulan ser de sabores de jugos.<\/p>\n<p style=\"text-align: justify;\">Lograr\u00e1 hacer aparecer 6 botellas en su rutina musical o hablada.<\/p>\n<p style=\"text-align: justify;\">Usted recibe dos tubos de pl\u00e1stico y 6 botellas donde una de ellas puede contener l\u00edquido para una carga final.<\/p>\n<p>Etiquetas impresas en vinilo para mayor durabilidad.<\/p>\n<p style=\"text-align: justify;\">La versi\u00f3n est\u00e1ndar es con 6 botellas de kiwi de color verde, puede consultar si desea disponibilidad en stock del set rojo de frutilla o de naranja.<\/p>\n<p><iframe title=\"YouTube video player\" src=\"https:\/\/www.youtube.com\/embed\/atdOeSgh7fc\" width=\"560\" height=\"315\" frameborder=\"0\" allowfullscreen=\"allowfullscreen\"><\/iframe><\/p>\n<p>&nbsp;<\/p>\n","protected":false},"excerpt":{"rendered":"<p>Un cl\u00e1sico infaltable en todo show. Muy visual!!!<\/p>\n","protected":false},"featured_media":2537,"comment_status":"open","ping_status":"closed","template":"","meta":[],"product_brand":[],"product_cat":[10,60,8,9],"product_tag":[51,17,674,675,71],"class_list":{"0":"post-2511","1":"product","2":"type-product","3":"status-publish","4":"has-post-thumbnail","6":"product_cat-escena","7":"product_cat-ezequias-2","8":"product_cat-infantil","9":"product_cat-salon","10":"product_tag-botella","11":"product_tag-ezequias","12":"product_tag-jugo","13":"product_tag-kiwi","14":"product_tag-multiplicacion","16":"first","17":"instock","18":"shipping-taxable","19":"purchasable","20":"product-type-simple"},"aioseo_notices":[],"_links":{"self":[{"href":"https:\/\/magoezequias.com.ar\/tienda\/wp-json\/wp\/v2\/product\/2511","targetHints":{"allow":["GET"]}}],"collection":[{"href":"https:\/\/magoezequias.com.ar\/tienda\/wp-json\/wp\/v2\/product"}],"about":[{"href":"https:\/\/magoezequias.com.ar\/tienda\/wp-json\/wp\/v2\/types\/product"}],"replies":[{"embeddable":true,"href":"https:\/\/magoezequias.com.ar\/tienda\/wp-json\/wp\/v2\/comments?post=2511"}],"version-history":[{"count":0,"href":"https:\/\/magoezequias.com.ar\/tienda\/wp-json\/wp\/v2\/product\/2511\/revisions"}],"wp:featuredmedia":[{"embeddable":true,"href":"https:\/\/magoezequias.com.ar\/tienda\/wp-json\/wp\/v2\/media\/2537"}],"wp:attachment":[{"href":"https:\/\/magoezequias.com.ar\/tienda\/wp-json\/wp\/v2\/media?parent=2511"}],"wp:term":[{"taxonomy":"product_brand","embeddable":true,"href":"https:\/\/magoezequias.com.ar\/tienda\/wp-json\/wp\/v2\/product_brand?post=2511"},{"taxonomy":"product_cat","embeddable":true,"href":"https:\/\/magoezequias.com.ar\/tienda\/wp-json\/wp\/v2\/product_cat?post=2511"},{"taxonomy":"product_tag","embeddable":true,"href":"https:\/\/magoezequias.com.ar\/tienda\/wp-json\/wp\/v2\/product_tag?post=2511"}],"curies":[{"name":"wp","href":"https:\/\/api.w.org\/{rel}","templated":true}]}}