{"id":2519,"date":"2023-02-26T13:56:52","date_gmt":"2023-02-26T13:56:52","guid":{"rendered":"https:\/\/magoezequias.com.ar\/tienda\/?post_type=product&#038;p=2519"},"modified":"2024-10-17T22:39:51","modified_gmt":"2024-10-17T22:39:51","slug":"botella-de-jugo-pasa-pasa-con-climax-final","status":"publish","type":"product","link":"https:\/\/magoezequias.com.ar\/tienda\/producto\/botella-de-jugo-pasa-pasa-con-climax-final","title":{"rendered":"Botella de Jugo pasa pasa con cl\u00edmax final"},"content":{"rendered":"<p><a href=\"https:\/\/magoezequias.com.ar\/tienda\/wp-content\/uploads\/2023\/02\/botella-climax-2.jpeg\"><img fetchpriority=\"high\" decoding=\"async\" class=\"aligncenter wp-image-2521\" src=\"https:\/\/magoezequias.com.ar\/tienda\/wp-content\/uploads\/2023\/02\/botella-climax-2.jpeg\" alt=\"\" width=\"370\" height=\"339\" srcset=\"https:\/\/magoezequias.com.ar\/tienda\/wp-content\/uploads\/2023\/02\/botella-climax-2.jpeg 955w, https:\/\/magoezequias.com.ar\/tienda\/wp-content\/uploads\/2023\/02\/botella-climax-2-300x275.jpeg 300w, https:\/\/magoezequias.com.ar\/tienda\/wp-content\/uploads\/2023\/02\/botella-climax-2-768x704.jpeg 768w\" sizes=\"(max-width: 370px) 100vw, 370px\" \/><\/a><\/p>\n<p style=\"text-align: justify;\">Un cl\u00e1sico de la magia de escena o sal\u00f3n, para adultos o infantil, el pasa pasa de una botella y un vaso.<\/p>\n<p style=\"text-align: justify;\">Usted recibe un material de primera calidad, botellas de pl\u00e1stico que simulan ser de sabores de jugos.<\/p>\n<p style=\"text-align: justify;\">Lograr\u00e1 hacer viajar y que se intercambien entre los tubos, la botella y el vaso. El sistema permite hacerlo las veces que desee, tanto musical como hablado.<\/p>\n<p>En esta versi\u00f3n usted o un ayudante de forma secreta puede sacar una botella desde el tubo, generando la comedia del resto que lo ve&#8230; pero el mago no se da cuenta y puede continuar con la rutina. Ya que la botella vuelve a aparecer!!!!<\/p>\n<p style=\"text-align: justify;\">Usted recibe dos tubos de pl\u00e1stico, donde uno puede meterse dentro del otro para que ocupe menos lugar al transportarlo. 3 botellas, donde una de ellas puede contener l\u00edquido para una carga final.<\/p>\n<p>Etiquetas impresas en vinilo para mayor durabilidad.<\/p>\n<p style=\"text-align: justify;\">La versi\u00f3n est\u00e1ndar incluye 3 botellas de kiwi de color verde, puede consultar disponibilidad en stock del set rojo de frutilla o de naranja.<\/p>\n<p style=\"text-align: center;\"><a href=\"https:\/\/magoezequias.com.ar\/tienda\/wp-content\/uploads\/2023\/02\/botella-climax-1.jpeg\"><img decoding=\"async\" class=\"aligncenter wp-image-2520\" src=\"https:\/\/magoezequias.com.ar\/tienda\/wp-content\/uploads\/2023\/02\/botella-climax-1.jpeg\" alt=\"\" width=\"424\" height=\"318\" srcset=\"https:\/\/magoezequias.com.ar\/tienda\/wp-content\/uploads\/2023\/02\/botella-climax-1.jpeg 1161w, https:\/\/magoezequias.com.ar\/tienda\/wp-content\/uploads\/2023\/02\/botella-climax-1-300x225.jpeg 300w, https:\/\/magoezequias.com.ar\/tienda\/wp-content\/uploads\/2023\/02\/botella-climax-1-1024x768.jpeg 1024w, https:\/\/magoezequias.com.ar\/tienda\/wp-content\/uploads\/2023\/02\/botella-climax-1-768x576.jpeg 768w\" sizes=\"(max-width: 424px) 100vw, 424px\" \/><\/a><\/p>\n<p style=\"text-align: justify;\">Tambi\u00e9n tenemos una versi\u00f3n con 2 botellas verdes y la tercera puede ser de frutilla, esto le permite una transformaci\u00f3n final o aparici\u00f3n de una botella de otro sabor seg\u00fan su presentaci\u00f3n!!!<\/p>\n<p><iframe title=\"YouTube video player\" src=\"https:\/\/www.youtube.com\/embed\/ZyZ3Yrm6yT0\" width=\"560\" height=\"315\" frameborder=\"0\" allowfullscreen=\"allowfullscreen\"><\/iframe><\/p>\n<p>&nbsp;<\/p>\n<p><strong>Cl\u00edmax con un sabor diferente<\/strong><\/p>\n<p><iframe title=\"YouTube video player\" src=\"https:\/\/www.youtube.com\/embed\/ey50cBbECt0\" width=\"560\" height=\"315\" frameborder=\"0\" allowfullscreen=\"allowfullscreen\"><\/iframe><\/p>\n","protected":false},"excerpt":{"rendered":"<p>Un cl\u00e1sico infaltable en todo show. Muy visual!!!<\/p>\n","protected":false},"featured_media":2521,"comment_status":"open","ping_status":"closed","template":"","meta":[],"product_brand":[],"product_cat":[10,8,13,9],"product_tag":[51,17,674,71,38],"class_list":{"0":"post-2519","1":"product","2":"type-product","3":"status-publish","4":"has-post-thumbnail","6":"product_cat-escena","7":"product_cat-infantil","8":"product_cat-mentalismo","9":"product_cat-salon","10":"product_tag-botella","11":"product_tag-ezequias","12":"product_tag-jugo","13":"product_tag-multiplicacion","14":"product_tag-pasa","16":"first","17":"instock","18":"shipping-taxable","19":"purchasable","20":"product-type-simple"},"aioseo_notices":[],"_links":{"self":[{"href":"https:\/\/magoezequias.com.ar\/tienda\/wp-json\/wp\/v2\/product\/2519","targetHints":{"allow":["GET"]}}],"collection":[{"href":"https:\/\/magoezequias.com.ar\/tienda\/wp-json\/wp\/v2\/product"}],"about":[{"href":"https:\/\/magoezequias.com.ar\/tienda\/wp-json\/wp\/v2\/types\/product"}],"replies":[{"embeddable":true,"href":"https:\/\/magoezequias.com.ar\/tienda\/wp-json\/wp\/v2\/comments?post=2519"}],"version-history":[{"count":0,"href":"https:\/\/magoezequias.com.ar\/tienda\/wp-json\/wp\/v2\/product\/2519\/revisions"}],"wp:featuredmedia":[{"embeddable":true,"href":"https:\/\/magoezequias.com.ar\/tienda\/wp-json\/wp\/v2\/media\/2521"}],"wp:attachment":[{"href":"https:\/\/magoezequias.com.ar\/tienda\/wp-json\/wp\/v2\/media?parent=2519"}],"wp:term":[{"taxonomy":"product_brand","embeddable":true,"href":"https:\/\/magoezequias.com.ar\/tienda\/wp-json\/wp\/v2\/product_brand?post=2519"},{"taxonomy":"product_cat","embeddable":true,"href":"https:\/\/magoezequias.com.ar\/tienda\/wp-json\/wp\/v2\/product_cat?post=2519"},{"taxonomy":"product_tag","embeddable":true,"href":"https:\/\/magoezequias.com.ar\/tienda\/wp-json\/wp\/v2\/product_tag?post=2519"}],"curies":[{"name":"wp","href":"https:\/\/api.w.org\/{rel}","templated":true}]}}