{"id":2541,"date":"2023-05-16T01:58:10","date_gmt":"2023-05-16T01:58:10","guid":{"rendered":"https:\/\/magoezequias.com.ar\/tienda\/?post_type=product&#038;p=2541"},"modified":"2023-05-16T02:00:09","modified_gmt":"2023-05-16T02:00:09","slug":"tubo-fantasma-phantom-tube","status":"publish","type":"product","link":"https:\/\/magoezequias.com.ar\/tienda\/producto\/tubo-fantasma-phantom-tube","title":{"rendered":"Tubo fantasma (Phantom tube)"},"content":{"rendered":"<p><a href=\"https:\/\/magoezequias.com.ar\/tienda\/wp-content\/uploads\/2023\/05\/Tubo-fantasma-Phantom-tube.png\"><img fetchpriority=\"high\" decoding=\"async\" class=\"aligncenter wp-image-2542\" src=\"https:\/\/magoezequias.com.ar\/tienda\/wp-content\/uploads\/2023\/05\/Tubo-fantasma-Phantom-tube.png\" alt=\"\" width=\"307\" height=\"267\" srcset=\"https:\/\/magoezequias.com.ar\/tienda\/wp-content\/uploads\/2023\/05\/Tubo-fantasma-Phantom-tube.png 828w, https:\/\/magoezequias.com.ar\/tienda\/wp-content\/uploads\/2023\/05\/Tubo-fantasma-Phantom-tube-300x261.png 300w, https:\/\/magoezequias.com.ar\/tienda\/wp-content\/uploads\/2023\/05\/Tubo-fantasma-Phantom-tube-768x668.png 768w\" sizes=\"(max-width: 307px) 100vw, 307px\" \/><\/a><\/p>\n<div class=\"xdj266r x11i5rnm xat24cr x1mh8g0r x1vvkbs\">\n<div dir=\"auto\" style=\"text-align: justify;\">El mago muestra un tubo de vac\u00edo, lo que permite al p\u00fablico ver a trav\u00e9s de \u00e9l. Se produce entonces Sedas, Flores de primavera, flores de plumas, etc<\/div>\n<div dir=\"auto\" style=\"text-align: justify;\"><\/div>\n<div dir=\"auto\" style=\"text-align: justify;\">Tambi\u00e9n podr\u00eda tapar los dos extremos del tubo con papel de seda o barrilete, y una banda de goma el\u00e1stica.\u00a0luego romper el papel y hacer la producci\u00f3n.<\/div>\n<div dir=\"auto\" style=\"text-align: justify;\"><\/div>\n<div dir=\"auto\" style=\"text-align: justify;\">Un elemento que con su imaginaci\u00f3n, podr\u00e1 utilizar en muchas rutinas musicales o habladas.<\/div>\n<div dir=\"auto\" style=\"text-align: justify;\"><\/div>\n<div dir=\"auto\" style=\"text-align: justify;\"><\/div>\n<\/div>\n<div dir=\"auto\">\n<div dir=\"auto\" style=\"text-align: justify;\">Un elemento de buen tama\u00f1o, con gran capacidad de carga (26 cm de alto por 9 cm de ancho.\u00a0Estos tubos son de pl\u00e1stico y muy livianos.<\/div>\n<div dir=\"auto\"><\/div>\n<\/div>\n<div dir=\"auto\"><iframe title=\"YouTube video player\" src=\"https:\/\/www.youtube.com\/embed\/VxrHj5LQMRI\" width=\"560\" height=\"315\" frameborder=\"0\" allowfullscreen=\"allowfullscreen\"><\/iframe><\/div>\n","protected":false},"excerpt":{"rendered":"<p>Un m\u00e1gico tubo para producci\u00f3n de streamers, pa\u00f1uelos, etc.<\/p>\n","protected":false},"featured_media":2543,"comment_status":"open","ping_status":"closed","template":"","meta":[],"product_brand":[],"product_cat":[7,10,319,9],"product_tag":[509,507,677,678],"class_list":{"0":"post-2541","1":"product","2":"type-product","3":"status-publish","4":"has-post-thumbnail","6":"product_cat-accesorios","7":"product_cat-escena","8":"product_cat-principiantes","9":"product_cat-salon","10":"product_tag-fantasma","11":"product_tag-phantom","12":"product_tag-tube","13":"product_tag-tubo","15":"first","16":"instock","17":"shipping-taxable","18":"purchasable","19":"product-type-simple"},"aioseo_notices":[],"_links":{"self":[{"href":"https:\/\/magoezequias.com.ar\/tienda\/wp-json\/wp\/v2\/product\/2541","targetHints":{"allow":["GET"]}}],"collection":[{"href":"https:\/\/magoezequias.com.ar\/tienda\/wp-json\/wp\/v2\/product"}],"about":[{"href":"https:\/\/magoezequias.com.ar\/tienda\/wp-json\/wp\/v2\/types\/product"}],"replies":[{"embeddable":true,"href":"https:\/\/magoezequias.com.ar\/tienda\/wp-json\/wp\/v2\/comments?post=2541"}],"version-history":[{"count":0,"href":"https:\/\/magoezequias.com.ar\/tienda\/wp-json\/wp\/v2\/product\/2541\/revisions"}],"wp:featuredmedia":[{"embeddable":true,"href":"https:\/\/magoezequias.com.ar\/tienda\/wp-json\/wp\/v2\/media\/2543"}],"wp:attachment":[{"href":"https:\/\/magoezequias.com.ar\/tienda\/wp-json\/wp\/v2\/media?parent=2541"}],"wp:term":[{"taxonomy":"product_brand","embeddable":true,"href":"https:\/\/magoezequias.com.ar\/tienda\/wp-json\/wp\/v2\/product_brand?post=2541"},{"taxonomy":"product_cat","embeddable":true,"href":"https:\/\/magoezequias.com.ar\/tienda\/wp-json\/wp\/v2\/product_cat?post=2541"},{"taxonomy":"product_tag","embeddable":true,"href":"https:\/\/magoezequias.com.ar\/tienda\/wp-json\/wp\/v2\/product_tag?post=2541"}],"curies":[{"name":"wp","href":"https:\/\/api.w.org\/{rel}","templated":true}]}}