{"id":2545,"date":"2023-05-16T02:51:41","date_gmt":"2023-05-16T02:51:41","guid":{"rendered":"https:\/\/magoezequias.com.ar\/tienda\/?post_type=product&#038;p=2545"},"modified":"2024-10-17T22:39:46","modified_gmt":"2024-10-17T22:39:46","slug":"varita-de-cambio","status":"publish","type":"product","link":"https:\/\/magoezequias.com.ar\/tienda\/producto\/varita-de-cambio","title":{"rendered":"Varita de Cambio"},"content":{"rendered":"<p><a href=\"https:\/\/magoezequias.com.ar\/tienda\/wp-content\/uploads\/2023\/05\/varita-de-cambio.png\"><img fetchpriority=\"high\" decoding=\"async\" class=\"aligncenter wp-image-2546\" src=\"https:\/\/magoezequias.com.ar\/tienda\/wp-content\/uploads\/2023\/05\/varita-de-cambio.png\" alt=\"\" width=\"313\" height=\"298\" srcset=\"https:\/\/magoezequias.com.ar\/tienda\/wp-content\/uploads\/2023\/05\/varita-de-cambio.png 751w, https:\/\/magoezequias.com.ar\/tienda\/wp-content\/uploads\/2023\/05\/varita-de-cambio-300x285.png 300w\" sizes=\"(max-width: 313px) 100vw, 313px\" \/><\/a><\/p>\n<p style=\"text-align: justify;\">El mago muestra una varita gigante muy grande y poderosa, retira uno de los extremos y la muestra vac\u00eda. Coloca dentro un pa\u00f1uelo blanco, la tapa y realiza unos pases m\u00e1gicos. Al retirar el extremo nuevamente aparece una paloma.<\/p>\n<p style=\"text-align: justify;\">Una varita m\u00e1gica de cambio, construida en pl\u00e1stico, lo que la hace muy liviana y resistente. Ideal para quienes necesitan cambiar elementos como papeletas, billetes o pa\u00f1uelos.<\/p>\n<p style=\"text-align: justify;\">Un elemento indispensable dentro del arsenal de un mago. Con esta varita usted podr\u00e1 hacer apariciones y desapariciones de cualquier objeto, tambi\u00e9n podr\u00e1 realizar transformaciones, introducir pa\u00f1uelos y al sacarlos tendr\u00e1n otro color.<\/p>\n<p style=\"text-align: justify;\">Tambi\u00e9n podr\u00e1 convertir un pa\u00f1uelo en caramelos, mostrar la varita vac\u00eda y que aparezca llena de billetes, colocar dos pa\u00f1uelos separados y que aparezcan anudados, cambiar de color cintas, apariciones, desapariciones, etc.<\/p>\n<p style=\"text-align: justify;\">Estas son algunas ideas de las que usted podr\u00e1 realizar con esta maravillosa varita, pero su verdadera utilidad solamente est\u00e1 limitada por su imaginaci\u00f3n\u2026<\/p>\n<p style=\"text-align: justify;\">La varita de cambio, es el elemento ideal para dejar de lado la gastada bolsa de cambio. Es de 30cm de largo por 8 cm de ancho.<\/p>\n<p><iframe title=\"YouTube video player\" src=\"https:\/\/www.youtube.com\/embed\/kSXF3u-PHKc\" width=\"560\" height=\"315\" frameborder=\"0\" allowfullscreen=\"allowfullscreen\"><\/iframe><\/p>\n","protected":false},"excerpt":{"rendered":"<p>Infinidades de efectos podr\u00e1s realizar con \u00e9sta varita. Con nuevo dise\u00f1o, liviana, muy llamativa y brillante.<\/p>\n","protected":false},"featured_media":2547,"comment_status":"open","ping_status":"closed","template":"","meta":[],"product_brand":[],"product_cat":[7,10,8,319,9],"product_tag":[192,193,17,86],"class_list":{"0":"post-2545","1":"product","2":"type-product","3":"status-publish","4":"has-post-thumbnail","6":"product_cat-accesorios","7":"product_cat-escena","8":"product_cat-infantil","9":"product_cat-principiantes","10":"product_cat-salon","11":"product_tag-bolsa","12":"product_tag-cambio","13":"product_tag-ezequias","14":"product_tag-varita","16":"first","17":"instock","18":"shipping-taxable","19":"purchasable","20":"product-type-simple"},"aioseo_notices":[],"_links":{"self":[{"href":"https:\/\/magoezequias.com.ar\/tienda\/wp-json\/wp\/v2\/product\/2545","targetHints":{"allow":["GET"]}}],"collection":[{"href":"https:\/\/magoezequias.com.ar\/tienda\/wp-json\/wp\/v2\/product"}],"about":[{"href":"https:\/\/magoezequias.com.ar\/tienda\/wp-json\/wp\/v2\/types\/product"}],"replies":[{"embeddable":true,"href":"https:\/\/magoezequias.com.ar\/tienda\/wp-json\/wp\/v2\/comments?post=2545"}],"version-history":[{"count":0,"href":"https:\/\/magoezequias.com.ar\/tienda\/wp-json\/wp\/v2\/product\/2545\/revisions"}],"wp:featuredmedia":[{"embeddable":true,"href":"https:\/\/magoezequias.com.ar\/tienda\/wp-json\/wp\/v2\/media\/2547"}],"wp:attachment":[{"href":"https:\/\/magoezequias.com.ar\/tienda\/wp-json\/wp\/v2\/media?parent=2545"}],"wp:term":[{"taxonomy":"product_brand","embeddable":true,"href":"https:\/\/magoezequias.com.ar\/tienda\/wp-json\/wp\/v2\/product_brand?post=2545"},{"taxonomy":"product_cat","embeddable":true,"href":"https:\/\/magoezequias.com.ar\/tienda\/wp-json\/wp\/v2\/product_cat?post=2545"},{"taxonomy":"product_tag","embeddable":true,"href":"https:\/\/magoezequias.com.ar\/tienda\/wp-json\/wp\/v2\/product_tag?post=2545"}],"curies":[{"name":"wp","href":"https:\/\/api.w.org\/{rel}","templated":true}]}}