{"id":2609,"date":"2023-09-04T22:45:09","date_gmt":"2023-09-04T22:45:09","guid":{"rendered":"https:\/\/magoezequias.com.ar\/tienda\/?post_type=product&#038;p=2609"},"modified":"2024-10-17T22:38:20","modified_gmt":"2024-10-17T22:38:20","slug":"el-regalo-barbie","status":"publish","type":"product","link":"https:\/\/magoezequias.com.ar\/tienda\/producto\/el-regalo-barbie","title":{"rendered":"El Regalo &#8211; Barbie"},"content":{"rendered":"<p><a href=\"https:\/\/magoezequias.com.ar\/tienda\/wp-content\/uploads\/2023\/09\/el-regalo-barbie.png\"><img fetchpriority=\"high\" decoding=\"async\" class=\"size-full wp-image-2613 aligncenter\" src=\"https:\/\/magoezequias.com.ar\/tienda\/wp-content\/uploads\/2023\/09\/el-regalo-barbie.png\" alt=\"\" width=\"1193\" height=\"720\" srcset=\"https:\/\/magoezequias.com.ar\/tienda\/wp-content\/uploads\/2023\/09\/el-regalo-barbie.png 1193w, https:\/\/magoezequias.com.ar\/tienda\/wp-content\/uploads\/2023\/09\/el-regalo-barbie-300x181.png 300w, https:\/\/magoezequias.com.ar\/tienda\/wp-content\/uploads\/2023\/09\/el-regalo-barbie-1024x618.png 1024w, https:\/\/magoezequias.com.ar\/tienda\/wp-content\/uploads\/2023\/09\/el-regalo-barbie-768x464.png 768w\" sizes=\"(max-width: 1193px) 100vw, 1193px\" \/><\/a><\/p>\n<p>El mago dice que tiene un regalo y muestra la caja que est\u00e1 vac\u00eda. All\u00ed dice que es un regalo m\u00e1gico, ya que lo que elijan va a aparecer dentro.<\/p>\n<p>A continuaci\u00f3n muestra una serie de im\u00e1genes que tienen a la mu\u00f1eca Barbie, con vestidos de distintos colores.<\/p>\n<p>Un espectador elije una de las im\u00e1genes de la mu\u00f1eca&#8230; el mago realiza un pase m\u00e1gico y a continuaci\u00f3n dentro del regalo, aparece una caja con una mu\u00f1eca Barbie!!!<\/p>\n<p>Hay un aplauso por la aparici\u00f3n pero la magia no fue completa, ya que la mu\u00f1eca no tiene el vestido del mismo color que fue seleccionado por el espectador.<\/p>\n<p>Para el final el mago logra solucionarlo con la ayuda de todos&#8230;. y al retirar la imagen de la caja de la Barbie, esta sale con el color de vestido seleccionado.<\/p>\n<p style=\"text-align: center;\"><a href=\"https:\/\/magoezequias.com.ar\/tienda\/wp-content\/uploads\/2023\/09\/el-regalo-barbie-2.png\"><img decoding=\"async\" class=\"aligncenter  wp-image-2610\" src=\"https:\/\/magoezequias.com.ar\/tienda\/wp-content\/uploads\/2023\/09\/el-regalo-barbie-2.png\" alt=\"\" width=\"458\" height=\"400\" srcset=\"https:\/\/magoezequias.com.ar\/tienda\/wp-content\/uploads\/2023\/09\/el-regalo-barbie-2.png 825w, https:\/\/magoezequias.com.ar\/tienda\/wp-content\/uploads\/2023\/09\/el-regalo-barbie-2-300x262.png 300w, https:\/\/magoezequias.com.ar\/tienda\/wp-content\/uploads\/2023\/09\/el-regalo-barbie-2-768x670.png 768w\" sizes=\"(max-width: 458px) 100vw, 458px\" \/><\/a><\/p>\n<p>Un juego muy colorido, f\u00e1cil de entender por los espectadores si son peque\u00f1os.<\/p>\n<p>No ocupa lugar al ser plano, pero muy visual en sal\u00f3n o escena.<\/p>\n<p>Construido en cart\u00f3n laminado.<\/p>\n<p>&nbsp;<\/p>\n<p>&nbsp;<\/p>\n","protected":false},"excerpt":{"rendered":"<p>Nuevamente en stock un efecto que lanzamos hace 5 a\u00f1os!!! Una rutina sobre Barbie, el popular personaje de comedia fant\u00e1stica estadounidense.<\/p>\n","protected":false},"featured_media":2611,"comment_status":"open","ping_status":"closed","template":"","meta":[],"product_brand":[],"product_cat":[60,8,319],"product_tag":[],"class_list":{"0":"post-2609","1":"product","2":"type-product","3":"status-publish","4":"has-post-thumbnail","6":"product_cat-ezequias-2","7":"product_cat-infantil","8":"product_cat-principiantes","10":"first","11":"instock","12":"shipping-taxable","13":"purchasable","14":"product-type-simple"},"aioseo_notices":[],"_links":{"self":[{"href":"https:\/\/magoezequias.com.ar\/tienda\/wp-json\/wp\/v2\/product\/2609","targetHints":{"allow":["GET"]}}],"collection":[{"href":"https:\/\/magoezequias.com.ar\/tienda\/wp-json\/wp\/v2\/product"}],"about":[{"href":"https:\/\/magoezequias.com.ar\/tienda\/wp-json\/wp\/v2\/types\/product"}],"replies":[{"embeddable":true,"href":"https:\/\/magoezequias.com.ar\/tienda\/wp-json\/wp\/v2\/comments?post=2609"}],"version-history":[{"count":0,"href":"https:\/\/magoezequias.com.ar\/tienda\/wp-json\/wp\/v2\/product\/2609\/revisions"}],"wp:featuredmedia":[{"embeddable":true,"href":"https:\/\/magoezequias.com.ar\/tienda\/wp-json\/wp\/v2\/media\/2611"}],"wp:attachment":[{"href":"https:\/\/magoezequias.com.ar\/tienda\/wp-json\/wp\/v2\/media?parent=2609"}],"wp:term":[{"taxonomy":"product_brand","embeddable":true,"href":"https:\/\/magoezequias.com.ar\/tienda\/wp-json\/wp\/v2\/product_brand?post=2609"},{"taxonomy":"product_cat","embeddable":true,"href":"https:\/\/magoezequias.com.ar\/tienda\/wp-json\/wp\/v2\/product_cat?post=2609"},{"taxonomy":"product_tag","embeddable":true,"href":"https:\/\/magoezequias.com.ar\/tienda\/wp-json\/wp\/v2\/product_tag?post=2609"}],"curies":[{"name":"wp","href":"https:\/\/api.w.org\/{rel}","templated":true}]}}