{"id":2637,"date":"2023-10-18T23:34:48","date_gmt":"2023-10-18T23:34:48","guid":{"rendered":"https:\/\/magoezequias.com.ar\/tienda\/?post_type=product&#038;p=2637"},"modified":"2024-10-17T22:38:10","modified_gmt":"2024-10-17T22:38:10","slug":"mundo-calabazas","status":"publish","type":"product","link":"https:\/\/magoezequias.com.ar\/tienda\/producto\/mundo-calabazas","title":{"rendered":"Mundo calabazas"},"content":{"rendered":"<p><a href=\"https:\/\/magoezequias.com.ar\/tienda\/wp-content\/uploads\/2023\/10\/mundo-calabaza.jpeg\"><img fetchpriority=\"high\" decoding=\"async\" class=\"aligncenter  wp-image-2638\" src=\"https:\/\/magoezequias.com.ar\/tienda\/wp-content\/uploads\/2023\/10\/mundo-calabaza.jpeg\" alt=\"\" width=\"319\" height=\"321\" srcset=\"https:\/\/magoezequias.com.ar\/tienda\/wp-content\/uploads\/2023\/10\/mundo-calabaza.jpeg 1536w, https:\/\/magoezequias.com.ar\/tienda\/wp-content\/uploads\/2023\/10\/mundo-calabaza-1019x1024.jpeg 1019w, https:\/\/magoezequias.com.ar\/tienda\/wp-content\/uploads\/2023\/10\/mundo-calabaza-768x772.jpeg 768w, https:\/\/magoezequias.com.ar\/tienda\/wp-content\/uploads\/2023\/10\/mundo-calabaza-1529x1536.jpeg 1529w, https:\/\/magoezequias.com.ar\/tienda\/wp-content\/uploads\/2023\/10\/mundo-calabaza-150x150.jpeg 150w, https:\/\/magoezequias.com.ar\/tienda\/wp-content\/uploads\/2023\/10\/mundo-calabaza-300x301.jpeg 300w, https:\/\/magoezequias.com.ar\/tienda\/wp-content\/uploads\/2023\/10\/mundo-calabaza-100x100.jpeg 100w\" sizes=\"(max-width: 319px) 100vw, 319px\" \/><\/a><\/p>\n<p>Apto para magia de cerca o sal\u00f3n, magia con humor, o mentalismo, podr\u00e1 crear un sin fin de juegos con este set de calabazas pl\u00e1sticas.<\/p>\n<p>Rutinas explicadas:<\/p>\n<p><b><span>1 <\/span><\/b>U<span>na rutina donde al espectador se le colocan en sus manos 4 calabazas, elige un color determinado de calabaza y con un juego de imaginaci\u00f3n, 3 se vuelven sin color y una sola\u00a0calabaza es del color seleccionado por el espectador.<\/span><\/p>\n<p><b>2 Homing calabazas<\/b>: la cl\u00e1sica rutina de cartomagia, pero con calabazas&#8230; magia y humor.<\/p>\n<p><b><span>3. La bruja adivina<\/span><\/b><span>: el mago muestra una bolsa con una predicci\u00f3n, el espectador piensa en una de las seis calabazas y la bruja ya lo sab\u00eda&#8230;. En la bolsa aparece impresa una calabaza gigante del color seleccionado!!!\u00a0<\/span><\/p>\n<p><b><span>4 Calabazas a elecci\u00f3n: <\/span><\/b><span>Un efecto de predicci\u00f3n que se puede realizar a continuaci\u00f3n del anterior donde el espectador toma todas las decisiones, repartiendo 6 calabazas de color. A pesar de ello el mentalista ya lo sab\u00eda&#8230; en la bolsa est\u00e1n todas sus decisiones\u00a0impresas&#8230;.\u00a0<\/span><\/p>\n<p><b>5 kurotsuke:\u00a0<\/b>el material que recibe le permitir\u00e1 realizar la cl\u00e1sica rutina de Max Maven, donde 4 espectadores toman de la bolsa una calabaza de color diferente y el mentalista logra adivinar quien tiene una determinada.<\/p>\n<p>&nbsp;<\/p>\n<p><a href=\"https:\/\/magoezequias.com.ar\/tienda\/wp-content\/uploads\/2023\/10\/mundo-calabaza-2.jpeg\"><img decoding=\"async\" class=\"aligncenter  wp-image-2639\" src=\"https:\/\/magoezequias.com.ar\/tienda\/wp-content\/uploads\/2023\/10\/mundo-calabaza-2.jpeg\" alt=\"\" width=\"376\" height=\"364\" srcset=\"https:\/\/magoezequias.com.ar\/tienda\/wp-content\/uploads\/2023\/10\/mundo-calabaza-2.jpeg 1536w, https:\/\/magoezequias.com.ar\/tienda\/wp-content\/uploads\/2023\/10\/mundo-calabaza-2-300x290.jpeg 300w, https:\/\/magoezequias.com.ar\/tienda\/wp-content\/uploads\/2023\/10\/mundo-calabaza-2-1024x991.jpeg 1024w, https:\/\/magoezequias.com.ar\/tienda\/wp-content\/uploads\/2023\/10\/mundo-calabaza-2-768x743.jpeg 768w\" sizes=\"(max-width: 376px) 100vw, 376px\" \/><\/a><\/p>\n<p>Estos son los juegos explicados en el video, pero usted podr\u00e1 crear sus propias rutinas con los elementos que recibe. 10 calabazas de colores diferentes y una bolsa impresa con las predicciones de 14 por 15 cent\u00edmetros.<\/p>\n<p>&nbsp;<\/p>\n<p>Podr\u00e1 adaptar las rutinas que ya conoce de bolas de esponja o monedas a estos coloridos y llamativos elementos.<\/p>\n","protected":false},"excerpt":{"rendered":"<p>Te presentamos un set de mini calabazas para presentar m\u00faltiples rutinas.<\/p>\n","protected":false},"featured_media":2639,"comment_status":"open","ping_status":"closed","template":"","meta":[],"product_brand":[],"product_cat":[11,10,13,9],"product_tag":[682,533,17,612,16,240],"class_list":{"0":"post-2637","1":"product","2":"type-product","3":"status-publish","4":"has-post-thumbnail","6":"product_cat-close-up","7":"product_cat-escena","8":"product_cat-mentalismo","9":"product_cat-salon","10":"product_tag-bruja","11":"product_tag-calabaza","12":"product_tag-ezequias","13":"product_tag-halloween","14":"product_tag-mago","15":"product_tag-mundo","17":"first","18":"instock","19":"shipping-taxable","20":"purchasable","21":"product-type-simple"},"aioseo_notices":[],"_links":{"self":[{"href":"https:\/\/magoezequias.com.ar\/tienda\/wp-json\/wp\/v2\/product\/2637","targetHints":{"allow":["GET"]}}],"collection":[{"href":"https:\/\/magoezequias.com.ar\/tienda\/wp-json\/wp\/v2\/product"}],"about":[{"href":"https:\/\/magoezequias.com.ar\/tienda\/wp-json\/wp\/v2\/types\/product"}],"replies":[{"embeddable":true,"href":"https:\/\/magoezequias.com.ar\/tienda\/wp-json\/wp\/v2\/comments?post=2637"}],"version-history":[{"count":0,"href":"https:\/\/magoezequias.com.ar\/tienda\/wp-json\/wp\/v2\/product\/2637\/revisions"}],"wp:featuredmedia":[{"embeddable":true,"href":"https:\/\/magoezequias.com.ar\/tienda\/wp-json\/wp\/v2\/media\/2639"}],"wp:attachment":[{"href":"https:\/\/magoezequias.com.ar\/tienda\/wp-json\/wp\/v2\/media?parent=2637"}],"wp:term":[{"taxonomy":"product_brand","embeddable":true,"href":"https:\/\/magoezequias.com.ar\/tienda\/wp-json\/wp\/v2\/product_brand?post=2637"},{"taxonomy":"product_cat","embeddable":true,"href":"https:\/\/magoezequias.com.ar\/tienda\/wp-json\/wp\/v2\/product_cat?post=2637"},{"taxonomy":"product_tag","embeddable":true,"href":"https:\/\/magoezequias.com.ar\/tienda\/wp-json\/wp\/v2\/product_tag?post=2637"}],"curies":[{"name":"wp","href":"https:\/\/api.w.org\/{rel}","templated":true}]}}