{"id":2658,"date":"2023-11-24T00:14:31","date_gmt":"2023-11-24T00:14:31","guid":{"rendered":"https:\/\/magoezequias.com.ar\/tienda\/?post_type=product&#038;p=2658"},"modified":"2024-10-17T22:37:42","modified_gmt":"2024-10-17T22:37:42","slug":"maquina-expendedora","status":"publish","type":"product","link":"https:\/\/magoezequias.com.ar\/tienda\/producto\/maquina-expendedora","title":{"rendered":"M\u00e1quina expendedora"},"content":{"rendered":"<p><a href=\"https:\/\/magoezequias.com.ar\/tienda\/wp-content\/uploads\/2023\/11\/maquina-expendedora.jpg\"><img fetchpriority=\"high\" decoding=\"async\" class=\" wp-image-2660 aligncenter\" src=\"https:\/\/magoezequias.com.ar\/tienda\/wp-content\/uploads\/2023\/11\/maquina-expendedora.jpg\" alt=\"\" width=\"436\" height=\"327\" srcset=\"https:\/\/magoezequias.com.ar\/tienda\/wp-content\/uploads\/2023\/11\/maquina-expendedora.jpg 550w, https:\/\/magoezequias.com.ar\/tienda\/wp-content\/uploads\/2023\/11\/maquina-expendedora-300x225.jpg 300w\" sizes=\"(max-width: 436px) 100vw, 436px\" \/><\/a><\/p>\n<p><strong>Efecto:<\/strong><\/p>\n<ul>\n<li>Cuando montes una m\u00e1quina expendedora plegable, inserta dinero y luego presiona el bot\u00f3n&#8230; \u00a1Ding!\u00a0\u00a1Con un fuerte ruido aparece la bebida deseada!<\/li>\n<li>Si vuelves a meter dinero y pulsas el bot\u00f3n&#8230; \u00a1Sorpresa!\u00a0Sale otra botella de jugo.<\/li>\n<li>\u00a1Por \u00faltimo, dobla y guarda la m\u00e1quina expendedora!\u00a0Es como una m\u00e1quina expendedora real, que dispensa cualquier bebida que selecciones, \u00a1realmente incre\u00edble!<\/li>\n<li>Este es un truco de magia simple y visualmente impactante, que deja una profunda impresi\u00f3n en tu audiencia.<\/li>\n<\/ul>\n<p><strong>Caracter\u00edsticas:<\/strong><\/p>\n<ul>\n<li>Simplicidad en su m\u00e1xima expresi\u00f3n: nuestra mini m\u00e1quina expendedora de bebidas es f\u00e1cil de operar y convierte a cualquiera en un mago.\u00a0\u00a1Libera el Houdini que llevas dentro con solo presionar un bot\u00f3n!<\/li>\n<li>Un espect\u00e1culo visual: esto no es s\u00f3lo un truco de magia, es un fest\u00edn visual.\u00a0Observe c\u00f3mo las bebidas aparecen de la nada, dejando a su audiencia asombrada.<\/li>\n<li>Magia en movimiento: Compacta y port\u00e1til, nuestra m\u00e1quina expendedora cabe perfectamente en su bolso.\u00a0Lleva la magia contigo, dondequiera que vayas.<\/li>\n<li>Perfecto para cualquier escenario: ya sea que act\u00faes de cerca o en l\u00ednea, nuestra m\u00e1quina expendedora est\u00e1 dise\u00f1ada para impresionar.\u00a0Es magia que trasciende fronteras.<\/li>\n<\/ul>\n<p><strong>Lo que recibir\u00e1s:<\/strong><\/p>\n<ul>\n<li>Bolsa trucada<\/li>\n<li>Etiquetas<\/li>\n<li>Instrucci\u00f3n en video.<\/li>\n<li>Nota: El grosor de la bolsa de papel es mayor que el de los productos anteriores (para mayor durabilidad); Sin bebidas incluidas.<\/li>\n<\/ul>\n<p><iframe title=\"YouTube video player\" src=\"https:\/\/www.youtube.com\/embed\/SSDN8CmiQIQ?si=_tB6hfpDEO88CbXl\" width=\"560\" height=\"315\" frameborder=\"0\" allowfullscreen=\"allowfullscreen\"><\/iframe><\/p>\n","protected":false},"excerpt":{"rendered":"<p>Un efecto impactante!!!!<\/p>\n","protected":false},"featured_media":2660,"comment_status":"open","ping_status":"closed","template":"","meta":[],"product_brand":[],"product_cat":[11,8],"product_tag":[],"class_list":{"0":"post-2658","1":"product","2":"type-product","3":"status-publish","4":"has-post-thumbnail","6":"product_cat-close-up","7":"product_cat-infantil","9":"first","10":"instock","11":"shipping-taxable","12":"purchasable","13":"product-type-simple"},"aioseo_notices":[],"_links":{"self":[{"href":"https:\/\/magoezequias.com.ar\/tienda\/wp-json\/wp\/v2\/product\/2658","targetHints":{"allow":["GET"]}}],"collection":[{"href":"https:\/\/magoezequias.com.ar\/tienda\/wp-json\/wp\/v2\/product"}],"about":[{"href":"https:\/\/magoezequias.com.ar\/tienda\/wp-json\/wp\/v2\/types\/product"}],"replies":[{"embeddable":true,"href":"https:\/\/magoezequias.com.ar\/tienda\/wp-json\/wp\/v2\/comments?post=2658"}],"version-history":[{"count":0,"href":"https:\/\/magoezequias.com.ar\/tienda\/wp-json\/wp\/v2\/product\/2658\/revisions"}],"wp:featuredmedia":[{"embeddable":true,"href":"https:\/\/magoezequias.com.ar\/tienda\/wp-json\/wp\/v2\/media\/2660"}],"wp:attachment":[{"href":"https:\/\/magoezequias.com.ar\/tienda\/wp-json\/wp\/v2\/media?parent=2658"}],"wp:term":[{"taxonomy":"product_brand","embeddable":true,"href":"https:\/\/magoezequias.com.ar\/tienda\/wp-json\/wp\/v2\/product_brand?post=2658"},{"taxonomy":"product_cat","embeddable":true,"href":"https:\/\/magoezequias.com.ar\/tienda\/wp-json\/wp\/v2\/product_cat?post=2658"},{"taxonomy":"product_tag","embeddable":true,"href":"https:\/\/magoezequias.com.ar\/tienda\/wp-json\/wp\/v2\/product_tag?post=2658"}],"curies":[{"name":"wp","href":"https:\/\/api.w.org\/{rel}","templated":true}]}}