{"id":2666,"date":"2023-11-29T03:11:10","date_gmt":"2023-11-29T03:11:10","guid":{"rendered":"https:\/\/magoezequias.com.ar\/tienda\/?post_type=product&#038;p=2666"},"modified":"2024-10-17T22:37:35","modified_gmt":"2024-10-17T22:37:35","slug":"caja-de-prediccion-de-bloques","status":"publish","type":"product","link":"https:\/\/magoezequias.com.ar\/tienda\/producto\/caja-de-prediccion-de-bloques","title":{"rendered":"Caja de Predicci\u00f3n de Bloques"},"content":{"rendered":"<p><a href=\"https:\/\/magoezequias.com.ar\/tienda\/wp-content\/uploads\/2023\/11\/caja-prediccion-bloques-2.jpg\"><img fetchpriority=\"high\" decoding=\"async\" class=\"wp-image-2667 aligncenter\" src=\"https:\/\/magoezequias.com.ar\/tienda\/wp-content\/uploads\/2023\/11\/caja-prediccion-bloques-2.jpg\" alt=\"\" width=\"435\" height=\"327\" srcset=\"https:\/\/magoezequias.com.ar\/tienda\/wp-content\/uploads\/2023\/11\/caja-prediccion-bloques-2.jpg 1000w, https:\/\/magoezequias.com.ar\/tienda\/wp-content\/uploads\/2023\/11\/caja-prediccion-bloques-2-300x226.jpg 300w, https:\/\/magoezequias.com.ar\/tienda\/wp-content\/uploads\/2023\/11\/caja-prediccion-bloques-2-768x578.jpg 768w\" sizes=\"(max-width: 435px) 100vw, 435px\" \/><\/a><\/p>\n<p>&nbsp;<\/p>\n<p><span>El mago muestra una elegante caja, abre la tapa y dentro hay 4 bloques de diferentes colores, rojo, amarillo, verde y azul.<\/span><\/p>\n<p><span>Le dice al espectador que en la pate baja de la caja hay un peque\u00f1o caj\u00f3n\u00a0y dentro ya est\u00e1 escrita una predicci\u00f3n donde dice que color elegir\u00e1.<\/span><\/p>\n<p><span>Luego, el espectador elige libremente un bloque y lo coloca sobre la mesa.<\/span><\/p>\n<p><span>Cuando el mismo espectador abre el caj\u00f3n en la parte inferior de la caja, hay un papel cerrado con un clip, al sacarlo y leerlo coincide exactamente con el color que eligi\u00f3!<\/span><\/p>\n<ul>\n<li><span>No es necesario forzar: funciona con cualquier color elegido.<\/span><\/li>\n<li><span>Nada cambi\u00f3.<\/span><\/li>\n<li><span>No se requieren juegos de manos.<\/span><\/li>\n<li><span>\u00a1S\u00faper f\u00e1cil de hacer!<\/span><\/li>\n<li>El mago nunca toca la caja o el papel predicci\u00f3n<\/li>\n<\/ul>\n<p><span>Dimensiones 7 cm de largo, 4,6 cm de ancho y 5 cm de alto<\/span><\/p>\n<p style=\"text-align: center;\"><a href=\"https:\/\/magoezequias.com.ar\/tienda\/wp-content\/uploads\/2023\/11\/caja-prediccion-bloques.jpg\"><img decoding=\"async\" class=\"aligncenter size-full wp-image-2668\" src=\"https:\/\/magoezequias.com.ar\/tienda\/wp-content\/uploads\/2023\/11\/caja-prediccion-bloques.jpg\" alt=\"\" width=\"1000\" height=\"752\" srcset=\"https:\/\/magoezequias.com.ar\/tienda\/wp-content\/uploads\/2023\/11\/caja-prediccion-bloques.jpg 1000w, https:\/\/magoezequias.com.ar\/tienda\/wp-content\/uploads\/2023\/11\/caja-prediccion-bloques-300x226.jpg 300w, https:\/\/magoezequias.com.ar\/tienda\/wp-content\/uploads\/2023\/11\/caja-prediccion-bloques-768x578.jpg 768w\" sizes=\"(max-width: 1000px) 100vw, 1000px\" \/><\/a><\/p>\n","protected":false},"excerpt":{"rendered":"<p><strong>Con la caja de predicci\u00f3n de bloques de colores sorprenda con sus poderes mentales!!!\u00a0<\/strong><\/p>\n","protected":false},"featured_media":2667,"comment_status":"open","ping_status":"closed","template":"","meta":[],"product_brand":[],"product_cat":[11,60,13],"product_tag":[636,207,223,17,335],"class_list":{"0":"post-2666","1":"product","2":"type-product","3":"status-publish","4":"has-post-thumbnail","6":"product_cat-close-up","7":"product_cat-ezequias-2","8":"product_cat-mentalismo","9":"product_tag-bloque","10":"product_tag-caja","11":"product_tag-color","12":"product_tag-ezequias","13":"product_tag-prediccion","15":"first","16":"instock","17":"shipping-taxable","18":"purchasable","19":"product-type-simple"},"aioseo_notices":[],"_links":{"self":[{"href":"https:\/\/magoezequias.com.ar\/tienda\/wp-json\/wp\/v2\/product\/2666","targetHints":{"allow":["GET"]}}],"collection":[{"href":"https:\/\/magoezequias.com.ar\/tienda\/wp-json\/wp\/v2\/product"}],"about":[{"href":"https:\/\/magoezequias.com.ar\/tienda\/wp-json\/wp\/v2\/types\/product"}],"replies":[{"embeddable":true,"href":"https:\/\/magoezequias.com.ar\/tienda\/wp-json\/wp\/v2\/comments?post=2666"}],"version-history":[{"count":0,"href":"https:\/\/magoezequias.com.ar\/tienda\/wp-json\/wp\/v2\/product\/2666\/revisions"}],"wp:featuredmedia":[{"embeddable":true,"href":"https:\/\/magoezequias.com.ar\/tienda\/wp-json\/wp\/v2\/media\/2667"}],"wp:attachment":[{"href":"https:\/\/magoezequias.com.ar\/tienda\/wp-json\/wp\/v2\/media?parent=2666"}],"wp:term":[{"taxonomy":"product_brand","embeddable":true,"href":"https:\/\/magoezequias.com.ar\/tienda\/wp-json\/wp\/v2\/product_brand?post=2666"},{"taxonomy":"product_cat","embeddable":true,"href":"https:\/\/magoezequias.com.ar\/tienda\/wp-json\/wp\/v2\/product_cat?post=2666"},{"taxonomy":"product_tag","embeddable":true,"href":"https:\/\/magoezequias.com.ar\/tienda\/wp-json\/wp\/v2\/product_tag?post=2666"}],"curies":[{"name":"wp","href":"https:\/\/api.w.org\/{rel}","templated":true}]}}