{"id":2780,"date":"2024-06-05T23:23:10","date_gmt":"2024-06-05T23:23:10","guid":{"rendered":"https:\/\/magoezequias.com.ar\/tienda\/?post_type=product&#038;p=2780"},"modified":"2025-10-14T10:54:37","modified_gmt":"2025-10-14T13:54:37","slug":"la-varita-de-wilson","status":"publish","type":"product","link":"https:\/\/magoezequias.com.ar\/tienda\/producto\/la-varita-de-wilson","title":{"rendered":"La Varita de Wilson"},"content":{"rendered":"<p><a href=\"https:\/\/magoezequias.com.ar\/tienda\/wp-content\/uploads\/2024\/06\/varita-wilson-4.jpg\"><img fetchpriority=\"high\" decoding=\"async\" class=\"aligncenter wp-image-2781\" src=\"https:\/\/magoezequias.com.ar\/tienda\/wp-content\/uploads\/2024\/06\/varita-wilson-4.jpg\" alt=\"\" width=\"369\" height=\"450\" srcset=\"https:\/\/magoezequias.com.ar\/tienda\/wp-content\/uploads\/2024\/06\/varita-wilson-4.jpg 739w, https:\/\/magoezequias.com.ar\/tienda\/wp-content\/uploads\/2024\/06\/varita-wilson-4-246x300.jpg 246w, https:\/\/magoezequias.com.ar\/tienda\/wp-content\/uploads\/2024\/06\/varita-wilson-4-300x365.jpg 300w\" sizes=\"(max-width: 369px) 100vw, 369px\" \/><\/a><\/p>\n<p>Una varita m\u00e1gica muy especial para su show!!!<\/p>\n<p>Con este elemento usted podr\u00e1 usarla con distintos fines:<\/p>\n<ul>\n<li>una varita normal en el transcurso del show<\/li>\n<li>como varita gags por el rostro que tiene y aparece en el medio de su rutina<\/li>\n<li>para hacer ventriloqu\u00eda<\/li>\n<li>para cantar el Feliz cumplea\u00f1os o cualquier pista musical<\/li>\n<li>para decir las palabras m\u00e1gicas<\/li>\n<\/ul>\n<p>Pero eso no es todo!!!<\/p>\n<p>Adem\u00e1s con esta varita tambi\u00e9n podr\u00e1 hacer magia, ya que con el extremo inferior de la varita usted podr\u00e1:<\/p>\n<ul>\n<li>cambiar un pa\u00f1uelo de color, o billete de valor.<\/li>\n<li>hacer aparecer un pa\u00f1uelo, billete, etc<\/li>\n<li>hacer desaparecer un pa\u00f1uelo, billete, etc<\/li>\n<li>hacer viajar a otro lugar, o muchas cosas m\u00e1s&#8230; solo limitado a su imaginaci\u00f3n<\/li>\n<\/ul>\n<p>&nbsp;<\/p>\n<p>Muy f\u00e1cil de manejar, Puede usarla con o sin galera, seg\u00fan la personalidad que quiera darle al elemento. Construida en pl\u00e1stico, de 40 cent\u00edmetros de largo.<\/p>\n<p>&nbsp;<\/p>\n<p>El nombre de esta varita es un peque\u00f1o y sentido homenaje al Ventr\u00edlocuo Argentino Wilson y su compa\u00f1ero Panchito, quienes realizaban ventriloqu\u00eda de cerca, con objetos peque\u00f1os y del p\u00fablico.<\/p>\n<p>&nbsp;<\/p>\n<p><iframe title=\"YouTube video player\" src=\"https:\/\/www.youtube.com\/embed\/ym4xqsqlyLc?si=YXHLcKWrMpibQemn\" width=\"560\" height=\"315\" frameborder=\"0\" allowfullscreen=\"allowfullscreen\"><\/iframe><\/p>\n","protected":false},"excerpt":{"rendered":"<p>Una varita y mil usos!!! magia &#8211; humor &#8211; ventriloqu\u00eda<\/p>\n","protected":false},"featured_media":2781,"comment_status":"open","ping_status":"closed","template":"","meta":[],"product_brand":[],"product_cat":[60,8,9],"product_tag":[17,189,86,685],"class_list":{"0":"post-2780","1":"product","2":"type-product","3":"status-publish","4":"has-post-thumbnail","6":"product_cat-ezequias-2","7":"product_cat-infantil","8":"product_cat-salon","9":"product_tag-ezequias","10":"product_tag-habla","11":"product_tag-varita","12":"product_tag-ventriloquia","14":"first","15":"outofstock","16":"shipping-taxable","17":"purchasable","18":"product-type-simple"},"aioseo_notices":[],"_links":{"self":[{"href":"https:\/\/magoezequias.com.ar\/tienda\/wp-json\/wp\/v2\/product\/2780","targetHints":{"allow":["GET"]}}],"collection":[{"href":"https:\/\/magoezequias.com.ar\/tienda\/wp-json\/wp\/v2\/product"}],"about":[{"href":"https:\/\/magoezequias.com.ar\/tienda\/wp-json\/wp\/v2\/types\/product"}],"replies":[{"embeddable":true,"href":"https:\/\/magoezequias.com.ar\/tienda\/wp-json\/wp\/v2\/comments?post=2780"}],"version-history":[{"count":2,"href":"https:\/\/magoezequias.com.ar\/tienda\/wp-json\/wp\/v2\/product\/2780\/revisions"}],"predecessor-version":[{"id":18318,"href":"https:\/\/magoezequias.com.ar\/tienda\/wp-json\/wp\/v2\/product\/2780\/revisions\/18318"}],"wp:featuredmedia":[{"embeddable":true,"href":"https:\/\/magoezequias.com.ar\/tienda\/wp-json\/wp\/v2\/media\/2781"}],"wp:attachment":[{"href":"https:\/\/magoezequias.com.ar\/tienda\/wp-json\/wp\/v2\/media?parent=2780"}],"wp:term":[{"taxonomy":"product_brand","embeddable":true,"href":"https:\/\/magoezequias.com.ar\/tienda\/wp-json\/wp\/v2\/product_brand?post=2780"},{"taxonomy":"product_cat","embeddable":true,"href":"https:\/\/magoezequias.com.ar\/tienda\/wp-json\/wp\/v2\/product_cat?post=2780"},{"taxonomy":"product_tag","embeddable":true,"href":"https:\/\/magoezequias.com.ar\/tienda\/wp-json\/wp\/v2\/product_tag?post=2780"}],"curies":[{"name":"wp","href":"https:\/\/api.w.org\/{rel}","templated":true}]}}