{"id":2785,"date":"2024-06-05T23:45:28","date_gmt":"2024-06-05T23:45:28","guid":{"rendered":"https:\/\/magoezequias.com.ar\/tienda\/?post_type=product&#038;p=2785"},"modified":"2024-06-05T23:46:13","modified_gmt":"2024-06-05T23:46:13","slug":"varita-multicambiante-de-color","status":"publish","type":"product","link":"https:\/\/magoezequias.com.ar\/tienda\/producto\/varita-multicambiante-de-color","title":{"rendered":"Varita multicambiante de color"},"content":{"rendered":"<p style=\"text-align: center;\"><a href=\"https:\/\/magoezequias.com.ar\/tienda\/wp-content\/uploads\/2024\/06\/varita-multicambio-color-2.png\"><img fetchpriority=\"high\" decoding=\"async\" class=\"aligncenter size-full wp-image-2786\" src=\"https:\/\/magoezequias.com.ar\/tienda\/wp-content\/uploads\/2024\/06\/varita-multicambio-color-2.png\" alt=\"\" width=\"360\" height=\"441\" srcset=\"https:\/\/magoezequias.com.ar\/tienda\/wp-content\/uploads\/2024\/06\/varita-multicambio-color-2.png 360w, https:\/\/magoezequias.com.ar\/tienda\/wp-content\/uploads\/2024\/06\/varita-multicambio-color-2-245x300.png 245w, https:\/\/magoezequias.com.ar\/tienda\/wp-content\/uploads\/2024\/06\/varita-multicambio-color-2-300x368.png 300w\" sizes=\"(max-width: 360px) 100vw, 360px\" \/><\/a><\/p>\n<p>Podr\u00e1 presentarla de muchas maneras, pero una posibilidad es mostrar una bolsa y decir que contiene 5 varitas de diferentes colores.<\/p>\n<p>El mago las va sacando de a una y mostrando cada color. C\u00f3mo final dice que \u00e9l usar\u00e1 la cl\u00e1sica de color negro, mostr\u00e1ndola claramente.<\/p>\n<p>Todos suponen que en la bolsa que dar\u00e1n las otras cuatro&#8230; pero al d\u00e1rsela a un espectador para que elija su color preferido la encontrar\u00e1 vac\u00eda!!!<\/p>\n<p style=\"text-align: center;\"><a href=\"https:\/\/magoezequias.com.ar\/tienda\/wp-content\/uploads\/2024\/06\/varita-multicambio-color-3.png\"><img decoding=\"async\" class=\"aligncenter size-full wp-image-2787\" src=\"https:\/\/magoezequias.com.ar\/tienda\/wp-content\/uploads\/2024\/06\/varita-multicambio-color-3.png\" alt=\"\" width=\"360\" height=\"430\" srcset=\"https:\/\/magoezequias.com.ar\/tienda\/wp-content\/uploads\/2024\/06\/varita-multicambio-color-3.png 360w, https:\/\/magoezequias.com.ar\/tienda\/wp-content\/uploads\/2024\/06\/varita-multicambio-color-3-251x300.png 251w, https:\/\/magoezequias.com.ar\/tienda\/wp-content\/uploads\/2024\/06\/varita-multicambio-color-3-300x358.png 300w\" sizes=\"(max-width: 360px) 100vw, 360px\" \/><\/a><\/p>\n<p>Tambi\u00e9n es el propio mago el que puede darla vuelta y mostrarla vac\u00eda.<\/p>\n<p>Ideal para presentarla como un efecto m\u00e1gico, de transici\u00f3n o un gag.<\/p>\n<p>F\u00e1cil de realizar, construida en pl\u00e1stico de 27 cent\u00edmetros de largo.<\/p>\n<p>&nbsp;<\/p>\n<p style=\"text-align: center;\"><iframe title=\"YouTube video player\" src=\"https:\/\/www.youtube.com\/embed\/yINOS9Dbti8?si=NSFHLxTJIl-Nr5HG\" width=\"560\" height=\"315\" frameborder=\"0\" allowfullscreen=\"allowfullscreen\"><\/iframe><\/p>\n<p>&nbsp;<\/p>\n","protected":false},"excerpt":{"rendered":"<p>&nbsp;<\/p>\n<p>Una varita m\u00e1s para sumar a su arsenal m\u00e1gico.<\/p>\n","protected":false},"featured_media":2786,"comment_status":"open","ping_status":"closed","template":"","meta":[],"product_brand":[],"product_cat":[319,60,7,8],"product_tag":[193,223,17,86],"class_list":{"0":"post-2785","1":"product","2":"type-product","3":"status-publish","4":"has-post-thumbnail","6":"product_cat-principiantes","7":"product_cat-ezequias-2","8":"product_cat-accesorios","9":"product_cat-infantil","10":"product_tag-cambio","11":"product_tag-color","12":"product_tag-ezequias","13":"product_tag-varita","15":"first","16":"instock","17":"shipping-taxable","18":"purchasable","19":"product-type-simple"},"aioseo_notices":[],"_links":{"self":[{"href":"https:\/\/magoezequias.com.ar\/tienda\/wp-json\/wp\/v2\/product\/2785","targetHints":{"allow":["GET"]}}],"collection":[{"href":"https:\/\/magoezequias.com.ar\/tienda\/wp-json\/wp\/v2\/product"}],"about":[{"href":"https:\/\/magoezequias.com.ar\/tienda\/wp-json\/wp\/v2\/types\/product"}],"replies":[{"embeddable":true,"href":"https:\/\/magoezequias.com.ar\/tienda\/wp-json\/wp\/v2\/comments?post=2785"}],"version-history":[{"count":0,"href":"https:\/\/magoezequias.com.ar\/tienda\/wp-json\/wp\/v2\/product\/2785\/revisions"}],"wp:featuredmedia":[{"embeddable":true,"href":"https:\/\/magoezequias.com.ar\/tienda\/wp-json\/wp\/v2\/media\/2786"}],"wp:attachment":[{"href":"https:\/\/magoezequias.com.ar\/tienda\/wp-json\/wp\/v2\/media?parent=2785"}],"wp:term":[{"taxonomy":"product_brand","embeddable":true,"href":"https:\/\/magoezequias.com.ar\/tienda\/wp-json\/wp\/v2\/product_brand?post=2785"},{"taxonomy":"product_cat","embeddable":true,"href":"https:\/\/magoezequias.com.ar\/tienda\/wp-json\/wp\/v2\/product_cat?post=2785"},{"taxonomy":"product_tag","embeddable":true,"href":"https:\/\/magoezequias.com.ar\/tienda\/wp-json\/wp\/v2\/product_tag?post=2785"}],"curies":[{"name":"wp","href":"https:\/\/api.w.org\/{rel}","templated":true}]}}