{"id":2789,"date":"2024-06-06T00:21:01","date_gmt":"2024-06-06T00:21:01","guid":{"rendered":"https:\/\/magoezequias.com.ar\/tienda\/?post_type=product&#038;p=2789"},"modified":"2024-10-17T22:39:35","modified_gmt":"2024-10-17T22:39:35","slug":"varita-cana-de-pescar","status":"publish","type":"product","link":"https:\/\/magoezequias.com.ar\/tienda\/producto\/varita-cana-de-pescar","title":{"rendered":"Varita ca\u00f1a de pescar"},"content":{"rendered":"<p style=\"text-align: center;\"><a href=\"https:\/\/magoezequias.com.ar\/tienda\/wp-content\/uploads\/2024\/06\/varita-cana-pescar-3.png\"><img fetchpriority=\"high\" decoding=\"async\" class=\"aligncenter wp-image-2791\" src=\"https:\/\/magoezequias.com.ar\/tienda\/wp-content\/uploads\/2024\/06\/varita-cana-pescar-3.png\" alt=\"\" width=\"407\" height=\"724\" srcset=\"https:\/\/magoezequias.com.ar\/tienda\/wp-content\/uploads\/2024\/06\/varita-cana-pescar-3.png 720w, https:\/\/magoezequias.com.ar\/tienda\/wp-content\/uploads\/2024\/06\/varita-cana-pescar-3-169x300.png 169w, https:\/\/magoezequias.com.ar\/tienda\/wp-content\/uploads\/2024\/06\/varita-cana-pescar-3-576x1024.png 576w, https:\/\/magoezequias.com.ar\/tienda\/wp-content\/uploads\/2024\/06\/varita-cana-pescar-3-300x533.png 300w\" sizes=\"(max-width: 407px) 100vw, 407px\" \/><\/a><\/p>\n<p>Una cl\u00e1sica varita para m\u00faltiples gag.<\/p>\n<p>El mago saca una varita y en sus manos parece transformarse en dos!!! luego de jugar con esta situaci\u00f3n se la da a un ni\u00f1o y esta se transforma en una ca\u00f1a de pescar de varitas!!<\/p>\n<p>Luego el mago la toma y con ella d}forma letras, n\u00fameros y distintas figuras.<\/p>\n<p>Muy pr\u00e1ctica, construida en pl\u00e1stico, cerrada es de 32 cent\u00edmetros de largo<\/p>\n<p style=\"text-align: center;\"><iframe title=\"YouTube video player\" src=\"https:\/\/www.youtube.com\/embed\/Ul9UOl0_96E?si=X_XGEQ-5Njn7rbW_\" width=\"560\" height=\"315\" frameborder=\"0\" allowfullscreen=\"allowfullscreen\"><\/iframe><\/p>\n","protected":false},"excerpt":{"rendered":"<p>Una varita m\u00e1s para su arsenal m\u00e1gico!!!<\/p>\n","protected":false},"featured_media":2793,"comment_status":"open","ping_status":"closed","template":"","meta":[],"product_brand":[],"product_cat":[7,60,8,319],"product_tag":[686,17,27,687,86],"class_list":{"0":"post-2789","1":"product","2":"type-product","3":"status-publish","4":"has-post-thumbnail","6":"product_cat-accesorios","7":"product_cat-ezequias-2","8":"product_cat-infantil","9":"product_cat-principiantes","10":"product_tag-cana","11":"product_tag-ezequias","12":"product_tag-magica","13":"product_tag-pescar","14":"product_tag-varita","16":"first","17":"instock","18":"shipping-taxable","19":"purchasable","20":"product-type-simple"},"aioseo_notices":[],"_links":{"self":[{"href":"https:\/\/magoezequias.com.ar\/tienda\/wp-json\/wp\/v2\/product\/2789","targetHints":{"allow":["GET"]}}],"collection":[{"href":"https:\/\/magoezequias.com.ar\/tienda\/wp-json\/wp\/v2\/product"}],"about":[{"href":"https:\/\/magoezequias.com.ar\/tienda\/wp-json\/wp\/v2\/types\/product"}],"replies":[{"embeddable":true,"href":"https:\/\/magoezequias.com.ar\/tienda\/wp-json\/wp\/v2\/comments?post=2789"}],"version-history":[{"count":0,"href":"https:\/\/magoezequias.com.ar\/tienda\/wp-json\/wp\/v2\/product\/2789\/revisions"}],"wp:featuredmedia":[{"embeddable":true,"href":"https:\/\/magoezequias.com.ar\/tienda\/wp-json\/wp\/v2\/media\/2793"}],"wp:attachment":[{"href":"https:\/\/magoezequias.com.ar\/tienda\/wp-json\/wp\/v2\/media?parent=2789"}],"wp:term":[{"taxonomy":"product_brand","embeddable":true,"href":"https:\/\/magoezequias.com.ar\/tienda\/wp-json\/wp\/v2\/product_brand?post=2789"},{"taxonomy":"product_cat","embeddable":true,"href":"https:\/\/magoezequias.com.ar\/tienda\/wp-json\/wp\/v2\/product_cat?post=2789"},{"taxonomy":"product_tag","embeddable":true,"href":"https:\/\/magoezequias.com.ar\/tienda\/wp-json\/wp\/v2\/product_tag?post=2789"}],"curies":[{"name":"wp","href":"https:\/\/api.w.org\/{rel}","templated":true}]}}