{"id":2795,"date":"2024-06-08T17:48:34","date_gmt":"2024-06-08T17:48:34","guid":{"rendered":"https:\/\/magoezequias.com.ar\/tienda\/?post_type=product&#038;p=2795"},"modified":"2025-12-01T21:45:46","modified_gmt":"2025-12-02T00:45:46","slug":"el-viaje-a-la-luna","status":"publish","type":"product","link":"https:\/\/magoezequias.com.ar\/tienda\/producto\/el-viaje-a-la-luna","title":{"rendered":"El viaje a la Luna"},"content":{"rendered":"<p><a href=\"https:\/\/magoezequias.com.ar\/tienda\/wp-content\/uploads\/2024\/06\/viaje-a-la-luna.jpeg\"><img fetchpriority=\"high\" decoding=\"async\" class=\"wp-image-2796 aligncenter\" src=\"https:\/\/magoezequias.com.ar\/tienda\/wp-content\/uploads\/2024\/06\/viaje-a-la-luna.jpeg\" alt=\"\" width=\"419\" height=\"350\" srcset=\"https:\/\/magoezequias.com.ar\/tienda\/wp-content\/uploads\/2024\/06\/viaje-a-la-luna.jpeg 700w, https:\/\/magoezequias.com.ar\/tienda\/wp-content\/uploads\/2024\/06\/viaje-a-la-luna-300x250.jpeg 300w\" sizes=\"(max-width: 419px) 100vw, 419px\" \/><\/a><\/p>\n<p>El mago representar\u00e1 un viaje de un cohete a la Luna. Para ello muestra una plataforma de despegue y el destino final&#8230; la luna y su superficie que est\u00e1 completamente en desierto.<\/p>\n<p>El mago dice que puede viajar el cohete de dos maneras visible o invisible&#8230; al solicitar que sea de modo visible por los ni\u00f1os lo ejecuta. Luego de la cuenta regresiva que hacen todos.<\/p>\n<p>Pero nadie se sorprende&#8230; ya que el propio mago lleva el cohete hasta la luna&#8230;. pero de repente el mago dice que cuando la nave llega, el astronauta avisa&#8230;<\/p>\n<p style=\"text-align: center;\"><a href=\"https:\/\/magoezequias.com.ar\/tienda\/wp-content\/uploads\/2024\/06\/El-viaje-a-la-luna4.png\"><img decoding=\"async\" class=\"aligncenter wp-image-2800\" src=\"https:\/\/magoezequias.com.ar\/tienda\/wp-content\/uploads\/2024\/06\/El-viaje-a-la-luna4.png\" alt=\"\" width=\"423\" height=\"313\" srcset=\"https:\/\/magoezequias.com.ar\/tienda\/wp-content\/uploads\/2024\/06\/El-viaje-a-la-luna4.png 972w, https:\/\/magoezequias.com.ar\/tienda\/wp-content\/uploads\/2024\/06\/El-viaje-a-la-luna4-300x222.png 300w, https:\/\/magoezequias.com.ar\/tienda\/wp-content\/uploads\/2024\/06\/El-viaje-a-la-luna4-768x569.png 768w\" sizes=\"(max-width: 423px) 100vw, 423px\" \/><\/a><\/p>\n<p>All\u00ed comienza un astronauta a asomarse por distintos lados&#8230; y el mago no lo ve, pero s\u00ed los ni\u00f1os.<\/p>\n<p>Finalmente se muestra la superficie lunar y se ve el cohete y el astronauta!!!<\/p>\n<p>Los ni\u00f1os no est\u00e1n muy conformes y el mago decide que ahora regrese a la tierra, pero de modo invisible.<\/p>\n<p>Muestra la plataforma vac\u00eda&#8230; los ni\u00f1os realizan nuevamente la cuenta regresiva y ahora de modo invisible comienza el viaje. Muestra la superficie de la luna y no qued\u00f3 nada&#8230;.<\/p>\n<p>Al mostrar la plataforma de aterrizaje ya est\u00e1n la nave y tambi\u00e9n el astronauta.<\/p>\n<p style=\"text-align: center;\"><a href=\"https:\/\/magoezequias.com.ar\/tienda\/wp-content\/uploads\/2024\/06\/El-viaje-a-la-luna.png\"><img decoding=\"async\" class=\"aligncenter wp-image-2797\" src=\"https:\/\/magoezequias.com.ar\/tienda\/wp-content\/uploads\/2024\/06\/El-viaje-a-la-luna.png\" alt=\"\" width=\"441\" height=\"334\" srcset=\"https:\/\/magoezequias.com.ar\/tienda\/wp-content\/uploads\/2024\/06\/El-viaje-a-la-luna.png 952w, https:\/\/magoezequias.com.ar\/tienda\/wp-content\/uploads\/2024\/06\/El-viaje-a-la-luna-300x227.png 300w, https:\/\/magoezequias.com.ar\/tienda\/wp-content\/uploads\/2024\/06\/El-viaje-a-la-luna-768x581.png 768w\" sizes=\"(max-width: 441px) 100vw, 441px\" \/><\/a><\/p>\n<p>Construido en cart\u00f3n laminado, con gr\u00e1ficos muy modernos y visuales. Tama\u00f1o ideal para sal\u00f3n, las carpetas son de 20 por 30 cent\u00edmetros.<\/p>\n<p style=\"text-align: center;\"><iframe title=\"YouTube video player\" src=\"https:\/\/www.youtube.com\/embed\/Gnzafyh46UM?si=2UIRuhR4ozbPHZ50\" width=\"560\" height=\"315\" frameborder=\"0\" allowfullscreen=\"allowfullscreen\"><\/iframe><\/p>\n<p>&nbsp;<\/p>\n","protected":false},"excerpt":{"rendered":"<p>Una rutina muy pr\u00e1ctica, visual y m\u00e1gica!!!<\/p>\n","protected":false},"featured_media":2796,"comment_status":"open","ping_status":"closed","template":"","meta":[],"product_brand":[],"product_cat":[60,8],"product_tag":[690,17,691,689,688],"class_list":{"0":"post-2795","1":"product","2":"type-product","3":"status-publish","4":"has-post-thumbnail","6":"product_cat-ezequias-2","7":"product_cat-infantil","8":"product_tag-cohete","9":"product_tag-ezequias","10":"product_tag-luna","11":"product_tag-nave","12":"product_tag-viaje","14":"first","15":"instock","16":"shipping-taxable","17":"purchasable","18":"product-type-simple"},"aioseo_notices":[],"_links":{"self":[{"href":"https:\/\/magoezequias.com.ar\/tienda\/wp-json\/wp\/v2\/product\/2795","targetHints":{"allow":["GET"]}}],"collection":[{"href":"https:\/\/magoezequias.com.ar\/tienda\/wp-json\/wp\/v2\/product"}],"about":[{"href":"https:\/\/magoezequias.com.ar\/tienda\/wp-json\/wp\/v2\/types\/product"}],"replies":[{"embeddable":true,"href":"https:\/\/magoezequias.com.ar\/tienda\/wp-json\/wp\/v2\/comments?post=2795"}],"version-history":[{"count":1,"href":"https:\/\/magoezequias.com.ar\/tienda\/wp-json\/wp\/v2\/product\/2795\/revisions"}],"predecessor-version":[{"id":18377,"href":"https:\/\/magoezequias.com.ar\/tienda\/wp-json\/wp\/v2\/product\/2795\/revisions\/18377"}],"wp:featuredmedia":[{"embeddable":true,"href":"https:\/\/magoezequias.com.ar\/tienda\/wp-json\/wp\/v2\/media\/2796"}],"wp:attachment":[{"href":"https:\/\/magoezequias.com.ar\/tienda\/wp-json\/wp\/v2\/media?parent=2795"}],"wp:term":[{"taxonomy":"product_brand","embeddable":true,"href":"https:\/\/magoezequias.com.ar\/tienda\/wp-json\/wp\/v2\/product_brand?post=2795"},{"taxonomy":"product_cat","embeddable":true,"href":"https:\/\/magoezequias.com.ar\/tienda\/wp-json\/wp\/v2\/product_cat?post=2795"},{"taxonomy":"product_tag","embeddable":true,"href":"https:\/\/magoezequias.com.ar\/tienda\/wp-json\/wp\/v2\/product_tag?post=2795"}],"curies":[{"name":"wp","href":"https:\/\/api.w.org\/{rel}","templated":true}]}}