{"id":2808,"date":"2024-06-24T18:13:54","date_gmt":"2024-06-24T18:13:54","guid":{"rendered":"https:\/\/magoezequias.com.ar\/tienda\/?post_type=product&#038;p=2808"},"modified":"2025-12-01T21:45:27","modified_gmt":"2025-12-02T00:45:27","slug":"prediccion-intensamente-2","status":"publish","type":"product","link":"https:\/\/magoezequias.com.ar\/tienda\/producto\/prediccion-intensamente-2","title":{"rendered":"Predicci\u00f3n &#8211; Intensamente 2"},"content":{"rendered":"<p style=\"text-align: center;\"><a href=\"https:\/\/magoezequias.com.ar\/tienda\/wp-content\/uploads\/2024\/06\/intensamente-24.jpg\"><img fetchpriority=\"high\" decoding=\"async\" class=\"aligncenter wp-image-2811\" src=\"https:\/\/magoezequias.com.ar\/tienda\/wp-content\/uploads\/2024\/06\/intensamente-24.jpg\" alt=\"\" width=\"453\" height=\"216\" srcset=\"https:\/\/magoezequias.com.ar\/tienda\/wp-content\/uploads\/2024\/06\/intensamente-24.jpg 1000w, https:\/\/magoezequias.com.ar\/tienda\/wp-content\/uploads\/2024\/06\/intensamente-24-300x143.jpg 300w, https:\/\/magoezequias.com.ar\/tienda\/wp-content\/uploads\/2024\/06\/intensamente-24-768x366.jpg 768w\" sizes=\"(max-width: 453px) 100vw, 453px\" \/><\/a><\/p>\n<p>Una rutina basada en la exitosa pel\u00edcula de Pixar, <i><b>Intensamente 2 <\/b><\/i>donde no s\u00f3lo podr\u00e1 mostrar su magia, sino tambi\u00e9n hablar de las distintas emociones.<\/p>\n<p>El mago muestra distintas tarjetas con los distintos personajes y emociones de la pel\u00edcula. Cada tarjeta tiene tambi\u00e9n escrita la emoci\u00f3n correspondiente.<\/p>\n<p>El mago explica que podr\u00e1n elegir una&#8230; pero \u00e9l ya sabe cual ser\u00e1 y para demostrarlo deja sobre la mesa una gran foto, de dorso con la imagen que ser\u00e1 elegida.<\/p>\n<p>Se mezclan las tarjetas, las deja sobre la mesa y el mago pide a alguien que elija un n\u00famero entre uno y diez. Sin hacer n\u00edng\u00fan corte o movimiento el mago cuenta hasta el n\u00famero indicado y muestra la emoci\u00f3n que eligieron.<\/p>\n<p>Luego muestra la foto, tama\u00f1o jumbo que estaba desde el inicio sobre la mesa, y coincide con la emoci\u00f3n elegida!!!<\/p>\n<p style=\"text-align: center;\"><a href=\"https:\/\/magoezequias.com.ar\/tienda\/wp-content\/uploads\/2024\/06\/intensamente-23.jpg\"><img decoding=\"async\" class=\"aligncenter wp-image-2810\" src=\"https:\/\/magoezequias.com.ar\/tienda\/wp-content\/uploads\/2024\/06\/intensamente-23.jpg\" alt=\"\" width=\"497\" height=\"312\" srcset=\"https:\/\/magoezequias.com.ar\/tienda\/wp-content\/uploads\/2024\/06\/intensamente-23.jpg 900w, https:\/\/magoezequias.com.ar\/tienda\/wp-content\/uploads\/2024\/06\/intensamente-23-300x188.jpg 300w, https:\/\/magoezequias.com.ar\/tienda\/wp-content\/uploads\/2024\/06\/intensamente-23-768x482.jpg 768w\" sizes=\"(max-width: 497px) 100vw, 497px\" \/><\/a><\/p>\n<p>As\u00ed de directa es la rutia, <strong>el espectador puede decir cualquier n\u00famero, es totalmente libre.<\/strong><\/p>\n<p>Construido en cart\u00f3n laminado, en un tama\u00f1o muy visual para escena o sal\u00f3n.<\/p>\n<p>Mentalismo para shows de j\u00f3venes o familias con los personajes de Intensamente 2<\/p>\n<p style=\"text-align: center;\"><a href=\"https:\/\/magoezequias.com.ar\/tienda\/wp-content\/uploads\/2024\/06\/intensamente-26.jpg\"><img decoding=\"async\" class=\"aligncenter wp-image-2809\" src=\"https:\/\/magoezequias.com.ar\/tienda\/wp-content\/uploads\/2024\/06\/intensamente-26.jpg\" alt=\"\" width=\"455\" height=\"389\" srcset=\"https:\/\/magoezequias.com.ar\/tienda\/wp-content\/uploads\/2024\/06\/intensamente-26.jpg 2354w, https:\/\/magoezequias.com.ar\/tienda\/wp-content\/uploads\/2024\/06\/intensamente-26-300x256.jpg 300w, https:\/\/magoezequias.com.ar\/tienda\/wp-content\/uploads\/2024\/06\/intensamente-26-1024x875.jpg 1024w, https:\/\/magoezequias.com.ar\/tienda\/wp-content\/uploads\/2024\/06\/intensamente-26-768x656.jpg 768w, https:\/\/magoezequias.com.ar\/tienda\/wp-content\/uploads\/2024\/06\/intensamente-26-1536x1313.jpg 1536w, https:\/\/magoezequias.com.ar\/tienda\/wp-content\/uploads\/2024\/06\/intensamente-26-2048x1750.jpg 2048w\" sizes=\"(max-width: 455px) 100vw, 455px\" \/><\/a><\/p>\n<p><iframe title=\"YouTube video player\" src=\"https:\/\/www.youtube.com\/embed\/Ssdfm0s3gc0?si=asqdLNSTrH1COKAl\" width=\"560\" height=\"315\" frameborder=\"0\" allowfullscreen=\"allowfullscreen\"><\/iframe><\/p>\n","protected":false},"excerpt":{"rendered":"<p>Mentalismo para shows de j\u00f3venes o familias con los personajes de Intensamente 2<\/p>\n","protected":false},"featured_media":2812,"comment_status":"open","ping_status":"closed","template":"","meta":[],"product_brand":[],"product_cat":[60,8,13,319,9],"product_tag":[694,692,17,693,577,335],"class_list":{"0":"post-2808","1":"product","2":"type-product","3":"status-publish","4":"has-post-thumbnail","6":"product_cat-ezequias-2","7":"product_cat-infantil","8":"product_cat-mentalismo","9":"product_cat-principiantes","10":"product_cat-salon","11":"product_tag-emocion","12":"product_tag-emociones","13":"product_tag-ezequias","14":"product_tag-intensamente","15":"product_tag-pelicula","16":"product_tag-prediccion","18":"first","19":"instock","20":"shipping-taxable","21":"purchasable","22":"product-type-simple"},"aioseo_notices":[],"_links":{"self":[{"href":"https:\/\/magoezequias.com.ar\/tienda\/wp-json\/wp\/v2\/product\/2808","targetHints":{"allow":["GET"]}}],"collection":[{"href":"https:\/\/magoezequias.com.ar\/tienda\/wp-json\/wp\/v2\/product"}],"about":[{"href":"https:\/\/magoezequias.com.ar\/tienda\/wp-json\/wp\/v2\/types\/product"}],"replies":[{"embeddable":true,"href":"https:\/\/magoezequias.com.ar\/tienda\/wp-json\/wp\/v2\/comments?post=2808"}],"version-history":[{"count":2,"href":"https:\/\/magoezequias.com.ar\/tienda\/wp-json\/wp\/v2\/product\/2808\/revisions"}],"predecessor-version":[{"id":18375,"href":"https:\/\/magoezequias.com.ar\/tienda\/wp-json\/wp\/v2\/product\/2808\/revisions\/18375"}],"wp:featuredmedia":[{"embeddable":true,"href":"https:\/\/magoezequias.com.ar\/tienda\/wp-json\/wp\/v2\/media\/2812"}],"wp:attachment":[{"href":"https:\/\/magoezequias.com.ar\/tienda\/wp-json\/wp\/v2\/media?parent=2808"}],"wp:term":[{"taxonomy":"product_brand","embeddable":true,"href":"https:\/\/magoezequias.com.ar\/tienda\/wp-json\/wp\/v2\/product_brand?post=2808"},{"taxonomy":"product_cat","embeddable":true,"href":"https:\/\/magoezequias.com.ar\/tienda\/wp-json\/wp\/v2\/product_cat?post=2808"},{"taxonomy":"product_tag","embeddable":true,"href":"https:\/\/magoezequias.com.ar\/tienda\/wp-json\/wp\/v2\/product_tag?post=2808"}],"curies":[{"name":"wp","href":"https:\/\/api.w.org\/{rel}","templated":true}]}}