{"id":283,"date":"2014-11-26T21:57:29","date_gmt":"2014-11-26T21:57:29","guid":{"rendered":"https:\/\/magoezequias.com.ar\/tienda\/?post_type=product&#038;p=283"},"modified":"2024-10-24T11:46:50","modified_gmt":"2024-10-24T11:46:50","slug":"cities-version-numeros","status":"publish","type":"product","link":"https:\/\/magoezequias.com.ar\/tienda\/producto\/cities-version-numeros","title":{"rendered":"Cities (Versi\u00f3n N\u00fameros)"},"content":{"rendered":"<p><a href=\"https:\/\/magoezequias.com.ar\/tienda\/wp-content\/uploads\/2014\/11\/cities_numeros.jpg\"><img fetchpriority=\"high\" decoding=\"async\" class=\"alignnone size-full wp-image-281\" src=\"https:\/\/magoezequias.com.ar\/tienda\/wp-content\/uploads\/2014\/11\/cities_numeros.jpg\" alt=\"cities_numeros\" width=\"448\" height=\"299\" \/><\/a><\/p>\n<p>El mago muestra una caja bastante particular, ya que no tiene fondo y posee dos tapas. En su interior hay 6 dados con n\u00fameros aleatorios que van del cero al nueve, todos diferentes.<br \/>\nDeja los dados sobre la mesa y claramente muestra la caja y las tapas.\u00a0Invita a un espectador que vaya colocando uno a uno los dados dentro de la caja y al terminar quedar\u00e1 formado un n\u00famero de 6 cifras\u2026<br \/>\nLuego, usted hace su juego de la suma de preferido, (con libreta, pizarra de suma, etc.) y al anunciar el resultado de la suma, usted muestra el orden de los dados y obviamente, no coincide con el resultado que el espectador ha formado, pero al dar vuelta la caja, grande ser\u00e1 la sorpresa, cuando vean que en la parte posterior de los dados qued\u00f3 formado el n\u00famero del resultado de la suma.<\/p>\n<p><iframe width=\"560\" height=\"315\" src=\"\/\/www.youtube.com\/embed\/nc0rJ_EUCPA?list=UUIWNVN2W-wFnEy1tZDwHJuA\" frameborder=\"0\" allowfullscreen><\/iframe><\/p>\n<p>&nbsp;<\/p>\n<p>&nbsp;<\/p>\n","protected":false},"excerpt":{"rendered":"<p>\u2022 Un excelente juego para hacer de sal\u00f3n o close up.\u00a0No requiere t\u00e9cnica.<\/p>\n","protected":false},"featured_media":281,"comment_status":"open","ping_status":"closed","template":"","meta":[],"product_brand":[],"product_cat":[11,9],"product_tag":[147],"class_list":{"0":"post-283","1":"product","2":"type-product","3":"status-publish","4":"has-post-thumbnail","6":"product_cat-close-up","7":"product_cat-salon","8":"product_tag-cities","10":"first","11":"outofstock","12":"shipping-taxable","13":"purchasable","14":"product-type-simple"},"aioseo_notices":[],"_links":{"self":[{"href":"https:\/\/magoezequias.com.ar\/tienda\/wp-json\/wp\/v2\/product\/283","targetHints":{"allow":["GET"]}}],"collection":[{"href":"https:\/\/magoezequias.com.ar\/tienda\/wp-json\/wp\/v2\/product"}],"about":[{"href":"https:\/\/magoezequias.com.ar\/tienda\/wp-json\/wp\/v2\/types\/product"}],"replies":[{"embeddable":true,"href":"https:\/\/magoezequias.com.ar\/tienda\/wp-json\/wp\/v2\/comments?post=283"}],"version-history":[{"count":0,"href":"https:\/\/magoezequias.com.ar\/tienda\/wp-json\/wp\/v2\/product\/283\/revisions"}],"wp:featuredmedia":[{"embeddable":true,"href":"https:\/\/magoezequias.com.ar\/tienda\/wp-json\/wp\/v2\/media\/281"}],"wp:attachment":[{"href":"https:\/\/magoezequias.com.ar\/tienda\/wp-json\/wp\/v2\/media?parent=283"}],"wp:term":[{"taxonomy":"product_brand","embeddable":true,"href":"https:\/\/magoezequias.com.ar\/tienda\/wp-json\/wp\/v2\/product_brand?post=283"},{"taxonomy":"product_cat","embeddable":true,"href":"https:\/\/magoezequias.com.ar\/tienda\/wp-json\/wp\/v2\/product_cat?post=283"},{"taxonomy":"product_tag","embeddable":true,"href":"https:\/\/magoezequias.com.ar\/tienda\/wp-json\/wp\/v2\/product_tag?post=283"}],"curies":[{"name":"wp","href":"https:\/\/api.w.org\/{rel}","templated":true}]}}