{"id":2844,"date":"2024-08-29T23:05:43","date_gmt":"2024-08-29T23:05:43","guid":{"rendered":"https:\/\/magoezequias.com.ar\/tienda\/?post_type=product&#038;p=2844"},"modified":"2025-12-01T21:45:19","modified_gmt":"2025-12-02T00:45:19","slug":"los-oviparos-en-la-granja","status":"publish","type":"product","link":"https:\/\/magoezequias.com.ar\/tienda\/producto\/los-oviparos-en-la-granja","title":{"rendered":"Los ov\u00edparos en la granja"},"content":{"rendered":"<p style=\"text-align: center;\"><a href=\"https:\/\/magoezequias.com.ar\/tienda\/wp-content\/uploads\/2024\/08\/oviparos-en-la-granja-4.jpg\"><img fetchpriority=\"high\" decoding=\"async\" class=\"aligncenter wp-image-2849\" src=\"https:\/\/magoezequias.com.ar\/tienda\/wp-content\/uploads\/2024\/08\/oviparos-en-la-granja-4.jpg\" alt=\"\" width=\"321\" height=\"297\" srcset=\"https:\/\/magoezequias.com.ar\/tienda\/wp-content\/uploads\/2024\/08\/oviparos-en-la-granja-4.jpg 1269w, https:\/\/magoezequias.com.ar\/tienda\/wp-content\/uploads\/2024\/08\/oviparos-en-la-granja-4-300x278.jpg 300w, https:\/\/magoezequias.com.ar\/tienda\/wp-content\/uploads\/2024\/08\/oviparos-en-la-granja-4-1024x948.jpg 1024w, https:\/\/magoezequias.com.ar\/tienda\/wp-content\/uploads\/2024\/08\/oviparos-en-la-granja-4-768x711.jpg 768w\" sizes=\"(max-width: 321px) 100vw, 321px\" \/><\/a><\/p>\n<p style=\"text-align: justify;\">Una rutina m\u00e1gica y divertida donde el mago hablar\u00e1 de los animales ov\u00edparos, que son\u00a0 aquellos que nacen de un huevo.<\/p>\n<p style=\"text-align: justify;\">El mago mostrar\u00e1 4 huevos muy claramente de ambos lados y una granja dentro de la cual hay un ni\u00f1o que se encarga de cuidar los animales.<\/p>\n<p style=\"text-align: justify;\">El mago explica cuales son los di tintos animales que nacen de los huevos y muestra im\u00e1genes de un pollito, un avestruz y una tortuga. Afirma que con un poco de magia se podr\u00eda viajar en el tiempo y hacer nacer cada animal que est\u00e1 dentro de los huevos.<\/p>\n<p style=\"text-align: justify;\">Toma el primer huevo, lo pone en la granja, dice que hay que esperar 20 d\u00edas y luego que se empolle el huevo, nacer\u00e1 un pollito!!! Claro que eso es mucho tiempo para esperar en un show&#8230; por tal motivo con un poco de magia al abrir el granero se ve que del huevo est\u00e1 naciendo un pollito!!! Esto pone muy contento al ni\u00f1o que cuida el granero y al mago, adem\u00e1s demuestra que en el show se puede viajar en el tiempo!!!!<\/p>\n<p style=\"text-align: center;\"><a href=\"https:\/\/magoezequias.com.ar\/tienda\/wp-content\/uploads\/2024\/08\/oviparos-en-la-granja-3.png\"><img decoding=\"async\" class=\"aligncenter wp-image-2845\" src=\"https:\/\/magoezequias.com.ar\/tienda\/wp-content\/uploads\/2024\/08\/oviparos-en-la-granja-3.png\" alt=\"\" width=\"345\" height=\"375\" srcset=\"https:\/\/magoezequias.com.ar\/tienda\/wp-content\/uploads\/2024\/08\/oviparos-en-la-granja-3.png 440w, https:\/\/magoezequias.com.ar\/tienda\/wp-content\/uploads\/2024\/08\/oviparos-en-la-granja-3-300x326.png 300w, https:\/\/magoezequias.com.ar\/tienda\/wp-content\/uploads\/2024\/08\/oviparos-en-la-granja-3-276x300.png 276w\" sizes=\"(max-width: 345px) 100vw, 345px\" \/><\/a><\/p>\n<p style=\"text-align: justify;\">La acci\u00f3n anterior se repite con un avestruz y una tortuga.<\/p>\n<p style=\"text-align: justify;\">Como final al mago le queda un huevo y dice que podr\u00edamos hacer algo fant\u00e1stico, ya que hab\u00eda un animal que ya no existe mas y que tambi\u00e9n nac\u00eda de los huevos, se trata de un dinosaurio. El mago le pide la ayuda a los ni\u00f1os para lograr el gran final.<\/p>\n<p style=\"text-align: justify;\">Coloca el huevo en el granero junto al ni\u00f1o que lo cuida, cierra el mismo, dicen las palabras m\u00e1gicas y al abrirlo&#8230; parece que continua todo igual. Pero al retirar el huevo se ve que el ni\u00f1o ya es un abuelo&#8230; eso indica que viajaron en el tiempo!!!<\/p>\n<p style=\"text-align: justify;\">Como remate final de forma repentina el huevo se transforma en un colorido Dinosaurio!!!!<\/p>\n<p><a href=\"https:\/\/magoezequias.com.ar\/tienda\/wp-content\/uploads\/2024\/08\/oviparos-en-la-granja.png\"><img decoding=\"async\" class=\"aligncenter wp-image-2847\" src=\"https:\/\/magoezequias.com.ar\/tienda\/wp-content\/uploads\/2024\/08\/oviparos-en-la-granja.png\" alt=\"\" width=\"389\" height=\"317\" srcset=\"https:\/\/magoezequias.com.ar\/tienda\/wp-content\/uploads\/2024\/08\/oviparos-en-la-granja.png 587w, https:\/\/magoezequias.com.ar\/tienda\/wp-content\/uploads\/2024\/08\/oviparos-en-la-granja-300x244.png 300w\" sizes=\"(max-width: 389px) 100vw, 389px\" \/><\/a><\/p>\n<p style=\"text-align: justify;\">Una rutina did\u00e1ctica que permite hablar de los animales ov\u00edparos, sus caracter\u00edsticas, el tiempo que tardan en nacer, etc.<\/p>\n<p style=\"text-align: justify;\">Muy visual en sal\u00f3n, practico para presentar, construido en cart\u00f3n laminado.<\/p>\n<p style=\"text-align: center;\"><iframe title=\"YouTube video player\" src=\"https:\/\/www.youtube.com\/embed\/UwEp_cc26dY?si=YSbmbdeiMNl_KQz3\" width=\"560\" height=\"315\" frameborder=\"0\" allowfullscreen=\"allowfullscreen\"><\/iframe><\/p>\n<p>&nbsp;<\/p>\n","protected":false},"excerpt":{"rendered":"<p>Una rutina m\u00e1gica y educativa!!!!<\/p>\n","protected":false},"featured_media":2849,"comment_status":"open","ping_status":"closed","template":"","meta":[],"product_brand":[],"product_cat":[60,8],"product_tag":[566,17,523,256,699],"class_list":{"0":"post-2844","1":"product","2":"type-product","3":"status-publish","4":"has-post-thumbnail","6":"product_cat-ezequias-2","7":"product_cat-infantil","8":"product_tag-animal","9":"product_tag-ezequias","10":"product_tag-granja","11":"product_tag-huevo","12":"product_tag-oviparo","14":"first","15":"instock","16":"shipping-taxable","17":"purchasable","18":"product-type-simple"},"aioseo_notices":[],"_links":{"self":[{"href":"https:\/\/magoezequias.com.ar\/tienda\/wp-json\/wp\/v2\/product\/2844","targetHints":{"allow":["GET"]}}],"collection":[{"href":"https:\/\/magoezequias.com.ar\/tienda\/wp-json\/wp\/v2\/product"}],"about":[{"href":"https:\/\/magoezequias.com.ar\/tienda\/wp-json\/wp\/v2\/types\/product"}],"replies":[{"embeddable":true,"href":"https:\/\/magoezequias.com.ar\/tienda\/wp-json\/wp\/v2\/comments?post=2844"}],"version-history":[{"count":2,"href":"https:\/\/magoezequias.com.ar\/tienda\/wp-json\/wp\/v2\/product\/2844\/revisions"}],"predecessor-version":[{"id":18374,"href":"https:\/\/magoezequias.com.ar\/tienda\/wp-json\/wp\/v2\/product\/2844\/revisions\/18374"}],"wp:featuredmedia":[{"embeddable":true,"href":"https:\/\/magoezequias.com.ar\/tienda\/wp-json\/wp\/v2\/media\/2849"}],"wp:attachment":[{"href":"https:\/\/magoezequias.com.ar\/tienda\/wp-json\/wp\/v2\/media?parent=2844"}],"wp:term":[{"taxonomy":"product_brand","embeddable":true,"href":"https:\/\/magoezequias.com.ar\/tienda\/wp-json\/wp\/v2\/product_brand?post=2844"},{"taxonomy":"product_cat","embeddable":true,"href":"https:\/\/magoezequias.com.ar\/tienda\/wp-json\/wp\/v2\/product_cat?post=2844"},{"taxonomy":"product_tag","embeddable":true,"href":"https:\/\/magoezequias.com.ar\/tienda\/wp-json\/wp\/v2\/product_tag?post=2844"}],"curies":[{"name":"wp","href":"https:\/\/api.w.org\/{rel}","templated":true}]}}