{"id":2855,"date":"2024-10-13T19:39:19","date_gmt":"2024-10-13T19:39:19","guid":{"rendered":"https:\/\/magoezequias.com.ar\/tienda\/?post_type=product&#038;p=2855"},"modified":"2024-10-13T19:39:20","modified_gmt":"2024-10-13T19:39:20","slug":"prediccion-halloween","status":"publish","type":"product","link":"https:\/\/magoezequias.com.ar\/tienda\/producto\/prediccion-halloween","title":{"rendered":"Predicci\u00f3n \u2013 Halloween"},"content":{"rendered":"<p style=\"text-align: center;\"><a href=\"https:\/\/magoezequias.com.ar\/tienda\/wp-content\/uploads\/2024\/10\/Prediccion-\u2013-Halloween-2.png\"><img fetchpriority=\"high\" decoding=\"async\" class=\"aligncenter  wp-image-2857\" src=\"https:\/\/magoezequias.com.ar\/tienda\/wp-content\/uploads\/2024\/10\/Prediccion-\u2013-Halloween-2.png\" alt=\"\" width=\"329\" height=\"316\" srcset=\"https:\/\/magoezequias.com.ar\/tienda\/wp-content\/uploads\/2024\/10\/Prediccion-\u2013-Halloween-2.png 497w, https:\/\/magoezequias.com.ar\/tienda\/wp-content\/uploads\/2024\/10\/Prediccion-\u2013-Halloween-2-300x289.png 300w\" sizes=\"(max-width: 329px) 100vw, 329px\" \/><\/a><\/p>\n<p>Una rutina basada en los personajes de Halloween<i><b>\u00a0<\/b><\/i>donde no s\u00f3lo podr\u00e1 mostrar su magia, sino tambi\u00e9n utilizarlo para fiestas tem\u00e1ticas.<\/p>\n<p>El mago muestra distintas tarjetas con los distintos personajes que tienen que ver con Halloween. Cada tarjeta tiene un dise\u00f1o diferente y divertido.<\/p>\n<p>El mago explica que podr\u00e1n elegir una\u2026 pero \u00e9l ya sabe cual ser\u00e1 y para demostrarlo deja sobre la mesa una gran foto, de dorso con la imagen que ser\u00e1 elegida.<\/p>\n<p>Se mezclan las tarjetas, las deja sobre la mesa y el mago pide a alguien que elija un n\u00famero entre uno y diez. Sin hacer ning\u00fan corte o movimiento el mago cuenta hasta el n\u00famero indicado y muestra la imagen que eligieron.<\/p>\n<p>Luego muestra la foto, tama\u00f1o jumbo que estaba desde el inicio sobre la mesa, y coincide con la elegida!!!<\/p>\n<p><a href=\"https:\/\/magoezequias.com.ar\/tienda\/wp-content\/uploads\/2024\/10\/Prediccion-\u2013-Halloween.png\"><img decoding=\"async\" class=\"aligncenter  wp-image-2856\" src=\"https:\/\/magoezequias.com.ar\/tienda\/wp-content\/uploads\/2024\/10\/Prediccion-\u2013-Halloween.png\" alt=\"\" width=\"318\" height=\"367\" srcset=\"https:\/\/magoezequias.com.ar\/tienda\/wp-content\/uploads\/2024\/10\/Prediccion-\u2013-Halloween.png 411w, https:\/\/magoezequias.com.ar\/tienda\/wp-content\/uploads\/2024\/10\/Prediccion-\u2013-Halloween-300x346.png 300w, https:\/\/magoezequias.com.ar\/tienda\/wp-content\/uploads\/2024\/10\/Prediccion-\u2013-Halloween-260x300.png 260w\" sizes=\"(max-width: 318px) 100vw, 318px\" \/><\/a><\/p>\n<p>As\u00ed de directa es la rutia,\u00a0<strong>el espectador puede decir cualquier n\u00famero, es totalmente libre.<\/strong><\/p>\n<p>Construido en cart\u00f3n laminado, en un tama\u00f1o muy visual para escena o sal\u00f3n.<\/p>\n<p>Mentalismo para shows de j\u00f3venes o familias con los personajes de Halloween. Se puede presentar en cualquier momento del a\u00f1o, con s\u00f3lo relatar lo que ocurre el d\u00eda de Halloween!!!<\/p>\n","protected":false},"excerpt":{"rendered":"<p>Mentalismo para shows de j\u00f3venes o familias con los personajes de Halloween!!!!<\/p>\n","protected":false},"featured_media":2859,"comment_status":"open","ping_status":"closed","template":"","meta":[],"product_brand":[],"product_cat":[60,8,13,319,9],"product_tag":[17,509,612,534,700],"class_list":{"0":"post-2855","1":"product","2":"type-product","3":"status-publish","4":"has-post-thumbnail","6":"product_cat-ezequias-2","7":"product_cat-infantil","8":"product_cat-mentalismo","9":"product_cat-principiantes","10":"product_cat-salon","11":"product_tag-ezequias","12":"product_tag-fantasma","13":"product_tag-halloween","14":"product_tag-hallowen","15":"product_tag-zapallo","17":"first","18":"instock","19":"shipping-taxable","20":"purchasable","21":"product-type-simple"},"aioseo_notices":[],"_links":{"self":[{"href":"https:\/\/magoezequias.com.ar\/tienda\/wp-json\/wp\/v2\/product\/2855","targetHints":{"allow":["GET"]}}],"collection":[{"href":"https:\/\/magoezequias.com.ar\/tienda\/wp-json\/wp\/v2\/product"}],"about":[{"href":"https:\/\/magoezequias.com.ar\/tienda\/wp-json\/wp\/v2\/types\/product"}],"replies":[{"embeddable":true,"href":"https:\/\/magoezequias.com.ar\/tienda\/wp-json\/wp\/v2\/comments?post=2855"}],"version-history":[{"count":0,"href":"https:\/\/magoezequias.com.ar\/tienda\/wp-json\/wp\/v2\/product\/2855\/revisions"}],"wp:featuredmedia":[{"embeddable":true,"href":"https:\/\/magoezequias.com.ar\/tienda\/wp-json\/wp\/v2\/media\/2859"}],"wp:attachment":[{"href":"https:\/\/magoezequias.com.ar\/tienda\/wp-json\/wp\/v2\/media?parent=2855"}],"wp:term":[{"taxonomy":"product_brand","embeddable":true,"href":"https:\/\/magoezequias.com.ar\/tienda\/wp-json\/wp\/v2\/product_brand?post=2855"},{"taxonomy":"product_cat","embeddable":true,"href":"https:\/\/magoezequias.com.ar\/tienda\/wp-json\/wp\/v2\/product_cat?post=2855"},{"taxonomy":"product_tag","embeddable":true,"href":"https:\/\/magoezequias.com.ar\/tienda\/wp-json\/wp\/v2\/product_tag?post=2855"}],"curies":[{"name":"wp","href":"https:\/\/api.w.org\/{rel}","templated":true}]}}