{"id":2860,"date":"2024-10-13T19:54:18","date_gmt":"2024-10-13T19:54:18","guid":{"rendered":"https:\/\/magoezequias.com.ar\/tienda\/?post_type=product&#038;p=2860"},"modified":"2025-12-07T12:09:29","modified_gmt":"2025-12-07T15:09:29","slug":"pasa-pasa-halloween-sobres","status":"publish","type":"product","link":"https:\/\/magoezequias.com.ar\/tienda\/producto\/pasa-pasa-halloween-sobres","title":{"rendered":"Pasa pasa Halloween &#8211; Sobres"},"content":{"rendered":"<p><a href=\"https:\/\/magoezequias.com.ar\/tienda\/wp-content\/uploads\/2024\/10\/pasa-halloween-5.png\"><img fetchpriority=\"high\" decoding=\"async\" class=\"aligncenter  wp-image-2862\" src=\"https:\/\/magoezequias.com.ar\/tienda\/wp-content\/uploads\/2024\/10\/pasa-halloween-5.png\" alt=\"\" width=\"373\" height=\"371\" srcset=\"https:\/\/magoezequias.com.ar\/tienda\/wp-content\/uploads\/2024\/10\/pasa-halloween-5.png 468w, https:\/\/magoezequias.com.ar\/tienda\/wp-content\/uploads\/2024\/10\/pasa-halloween-5-150x150.png 150w, https:\/\/magoezequias.com.ar\/tienda\/wp-content\/uploads\/2024\/10\/pasa-halloween-5-100x100.png 100w, https:\/\/magoezequias.com.ar\/tienda\/wp-content\/uploads\/2024\/10\/pasa-halloween-5-300x298.png 300w\" sizes=\"(max-width: 373px) 100vw, 373px\" \/><\/a><\/p>\n<p>Si ya estas cansado de llevar pesados pasa pasa que ocupan mucho lugar en t\u00fa maleta esta es una muy buena opci\u00f3n para tener en cuenta.<\/p>\n<p>&nbsp;<\/p>\n<p>Realizado con los personajes de Halloween, donde un fantasma y una Calabaza cambiaran de lugar dentro de un sobre que representa unas casas embrujadas, cada uno con su ventana para que pueda verse de lado a lado. Los personajes cambiar\u00e1n de lugar las veces que usted quiera.<\/p>\n<p>&nbsp;<\/p>\n<p>Como en la versi\u00f3n cl\u00e1sica cuando los chicos crean que descubrieron el secreto y que solo giras los sobres, viene el remate final y m\u00e1gico para sorprenderlos a todos!!!<\/p>\n<p style=\"text-align: center;\"><a href=\"https:\/\/magoezequias.com.ar\/tienda\/wp-content\/uploads\/2024\/10\/pasa-halloween-3.png\"><img decoding=\"async\" class=\"aligncenter  wp-image-2864\" src=\"https:\/\/magoezequias.com.ar\/tienda\/wp-content\/uploads\/2024\/10\/pasa-halloween-3.png\" alt=\"\" width=\"393\" height=\"407\" srcset=\"https:\/\/magoezequias.com.ar\/tienda\/wp-content\/uploads\/2024\/10\/pasa-halloween-3.png 461w, https:\/\/magoezequias.com.ar\/tienda\/wp-content\/uploads\/2024\/10\/pasa-halloween-3-300x311.png 300w, https:\/\/magoezequias.com.ar\/tienda\/wp-content\/uploads\/2024\/10\/pasa-halloween-3-289x300.png 289w\" sizes=\"(max-width: 393px) 100vw, 393px\" \/><\/a><\/p>\n<p>Usted recibe dos sobres con la tem\u00e1tica de Halloween con ventanas para que se vea de lado a lado; y las cartas jumbo para la rutina.<\/p>\n<p>Muy f\u00e1cil de realizar para que se dedique s\u00f3lo a la presentaci\u00f3n, no ocupa lugar y es muy visual a gran distancia. Construido en cart\u00f3n laminado.<\/p>\n","protected":false},"excerpt":{"rendered":"<p>Un efecto muy visual y con mucha comedia!!!<\/p>\n","protected":false},"featured_media":2866,"comment_status":"open","ping_status":"closed","template":"","meta":[],"product_brand":[],"product_cat":[60,8,9],"product_tag":[17,612,534,702,38,701,609],"class_list":{"0":"post-2860","1":"product","2":"type-product","3":"status-publish","4":"has-post-thumbnail","6":"product_cat-ezequias-2","7":"product_cat-infantil","8":"product_cat-salon","9":"product_tag-ezequias","10":"product_tag-halloween","11":"product_tag-hallowen","12":"product_tag-liviamo","13":"product_tag-pasa","14":"product_tag-pasa-pasa","15":"product_tag-sobre","17":"first","18":"instock","19":"shipping-taxable","20":"purchasable","21":"product-type-simple"},"aioseo_notices":[],"_links":{"self":[{"href":"https:\/\/magoezequias.com.ar\/tienda\/wp-json\/wp\/v2\/product\/2860","targetHints":{"allow":["GET"]}}],"collection":[{"href":"https:\/\/magoezequias.com.ar\/tienda\/wp-json\/wp\/v2\/product"}],"about":[{"href":"https:\/\/magoezequias.com.ar\/tienda\/wp-json\/wp\/v2\/types\/product"}],"replies":[{"embeddable":true,"href":"https:\/\/magoezequias.com.ar\/tienda\/wp-json\/wp\/v2\/comments?post=2860"}],"version-history":[{"count":1,"href":"https:\/\/magoezequias.com.ar\/tienda\/wp-json\/wp\/v2\/product\/2860\/revisions"}],"predecessor-version":[{"id":18373,"href":"https:\/\/magoezequias.com.ar\/tienda\/wp-json\/wp\/v2\/product\/2860\/revisions\/18373"}],"wp:featuredmedia":[{"embeddable":true,"href":"https:\/\/magoezequias.com.ar\/tienda\/wp-json\/wp\/v2\/media\/2866"}],"wp:attachment":[{"href":"https:\/\/magoezequias.com.ar\/tienda\/wp-json\/wp\/v2\/media?parent=2860"}],"wp:term":[{"taxonomy":"product_brand","embeddable":true,"href":"https:\/\/magoezequias.com.ar\/tienda\/wp-json\/wp\/v2\/product_brand?post=2860"},{"taxonomy":"product_cat","embeddable":true,"href":"https:\/\/magoezequias.com.ar\/tienda\/wp-json\/wp\/v2\/product_cat?post=2860"},{"taxonomy":"product_tag","embeddable":true,"href":"https:\/\/magoezequias.com.ar\/tienda\/wp-json\/wp\/v2\/product_tag?post=2860"}],"curies":[{"name":"wp","href":"https:\/\/api.w.org\/{rel}","templated":true}]}}