{"id":2870,"date":"2024-10-29T02:12:24","date_gmt":"2024-10-29T02:12:24","guid":{"rendered":"https:\/\/magoezequias.com.ar\/tienda\/?post_type=product&#038;p=2870"},"modified":"2025-12-01T21:45:03","modified_gmt":"2025-12-02T00:45:03","slug":"el-fantasma-inquieto","status":"publish","type":"product","link":"https:\/\/magoezequias.com.ar\/tienda\/producto\/el-fantasma-inquieto","title":{"rendered":"El Fantasma inquieto"},"content":{"rendered":"<p>&nbsp;<\/p>\n<p style=\"text-align: center;\"><a href=\"https:\/\/magoezequias.com.ar\/tienda\/wp-content\/uploads\/2024\/10\/fantasma-inquieto-5.png\"><img fetchpriority=\"high\" decoding=\"async\" class=\"aligncenter wp-image-2871\" src=\"https:\/\/magoezequias.com.ar\/tienda\/wp-content\/uploads\/2024\/10\/fantasma-inquieto-5.png\" alt=\"\" width=\"355\" height=\"379\" srcset=\"https:\/\/magoezequias.com.ar\/tienda\/wp-content\/uploads\/2024\/10\/fantasma-inquieto-5.png 1011w, https:\/\/magoezequias.com.ar\/tienda\/wp-content\/uploads\/2024\/10\/fantasma-inquieto-5-300x320.png 300w, https:\/\/magoezequias.com.ar\/tienda\/wp-content\/uploads\/2024\/10\/fantasma-inquieto-5-281x300.png 281w, https:\/\/magoezequias.com.ar\/tienda\/wp-content\/uploads\/2024\/10\/fantasma-inquieto-5-959x1024.png 959w, https:\/\/magoezequias.com.ar\/tienda\/wp-content\/uploads\/2024\/10\/fantasma-inquieto-5-768x820.png 768w\" sizes=\"(max-width: 355px) 100vw, 355px\" \/><\/a><\/p>\n<p style=\"text-align: justify;\">El mago coloca un fantasma dentro una casa embrujada y dice que lo va a hacer desaparecer\u2026 aqu\u00ed ocurren distintas situaciones de comedia. Hasta que el Fantasma contin\u00faa apareciendo por todos lados; por arriba, la derecha, la izquierda, etc.<\/p>\n<p style=\"text-align: justify;\"><a href=\"https:\/\/magoezequias.com.ar\/tienda\/wp-content\/uploads\/2024\/10\/fantasma-inquieto-2.png\"><img decoding=\"async\" class=\"aligncenter wp-image-2874\" src=\"https:\/\/magoezequias.com.ar\/tienda\/wp-content\/uploads\/2024\/10\/fantasma-inquieto-2.png\" alt=\"\" width=\"400\" height=\"416\" srcset=\"https:\/\/magoezequias.com.ar\/tienda\/wp-content\/uploads\/2024\/10\/fantasma-inquieto-2.png 1039w, https:\/\/magoezequias.com.ar\/tienda\/wp-content\/uploads\/2024\/10\/fantasma-inquieto-2-300x312.png 300w, https:\/\/magoezequias.com.ar\/tienda\/wp-content\/uploads\/2024\/10\/fantasma-inquieto-2-289x300.png 289w, https:\/\/magoezequias.com.ar\/tienda\/wp-content\/uploads\/2024\/10\/fantasma-inquieto-2-985x1024.png 985w, https:\/\/magoezequias.com.ar\/tienda\/wp-content\/uploads\/2024\/10\/fantasma-inquieto-2-768x798.png 768w\" sizes=\"(max-width: 400px) 100vw, 400px\" \/><\/a><\/p>\n<p style=\"text-align: justify;\">Todo esto genera grandes risas en su p\u00fablico. Hasta que finalmente el mago abre la casa y muestra que desapareci\u00f3. Al girarse para guardarlo los ni\u00f1os observan que se encuentra pegado detr\u00e1s del mago, \u00a1generando nuevamente mucha risa y comedia entre los presentes!<\/p>\n<p style=\"text-align: justify;\">Una nueva versi\u00f3n de un cl\u00e1sico de la magia infantil. El Fantasma inquieto es un truco de magia pr\u00e1ctico que ocupa muy poco lugar para transportar y es de gran impacto en el p\u00fablico. En las reacciones ser\u00eda algo similar al corre conejo corre (Run Rabbit Run), pero en este caso es un material de poco peso, f\u00e1cil de transportar y usar.<\/p>\n<p><a href=\"https:\/\/magoezequias.com.ar\/tienda\/wp-content\/uploads\/2024\/10\/fantasma-inquieto-1.png\"><img decoding=\"async\" class=\"aligncenter wp-image-2875\" src=\"https:\/\/magoezequias.com.ar\/tienda\/wp-content\/uploads\/2024\/10\/fantasma-inquieto-1.png\" alt=\"\" width=\"389\" height=\"418\" srcset=\"https:\/\/magoezequias.com.ar\/tienda\/wp-content\/uploads\/2024\/10\/fantasma-inquieto-1.png 1005w, https:\/\/magoezequias.com.ar\/tienda\/wp-content\/uploads\/2024\/10\/fantasma-inquieto-1-300x322.png 300w, https:\/\/magoezequias.com.ar\/tienda\/wp-content\/uploads\/2024\/10\/fantasma-inquieto-1-279x300.png 279w, https:\/\/magoezequias.com.ar\/tienda\/wp-content\/uploads\/2024\/10\/fantasma-inquieto-1-953x1024.png 953w, https:\/\/magoezequias.com.ar\/tienda\/wp-content\/uploads\/2024\/10\/fantasma-inquieto-1-768x825.png 768w\" sizes=\"(max-width: 389px) 100vw, 389px\" \/><\/a><\/p>\n<p style=\"text-align: justify;\">Un mecanismo muy sencillo y probando para que solamente se dedique a la presentaci\u00f3n del efecto.<\/p>\n<p style=\"text-align: justify;\">El material es una casa embrujada plana construida en alto impacto (PAI) de 20 x 30 cm. Su espesor no supera 1 cm y adem\u00e1s viene con fantasmas de 30 cm de alto, por tal motivo es muy visual en sal\u00f3n o escena.<\/p>\n<p>Un mecanismo muy practico y seguro para manejarlo.<\/p>\n<p style=\"text-align: center;\"><iframe title=\"YouTube video player\" src=\"https:\/\/www.youtube.com\/embed\/_SFpomc-PuI?si=-0gBlb5kgaA9JNIl\" width=\"560\" height=\"315\" frameborder=\"0\" allowfullscreen=\"allowfullscreen\"><\/iframe><\/p>\n","protected":false},"excerpt":{"rendered":"<p>Una rutina muy divertida con un elemento liviano y f\u00e1cil de transportar.<\/p>\n","protected":false},"featured_media":2872,"comment_status":"open","ping_status":"closed","template":"","meta":[],"product_brand":[],"product_cat":[60,8,9],"product_tag":[703,17,509,612,704],"class_list":{"0":"post-2870","1":"product","2":"type-product","3":"status-publish","4":"has-post-thumbnail","6":"product_cat-ezequias-2","7":"product_cat-infantil","8":"product_cat-salon","9":"product_tag-casa","10":"product_tag-ezequias","11":"product_tag-fantasma","12":"product_tag-halloween","13":"product_tag-terror","15":"first","16":"instock","17":"shipping-taxable","18":"purchasable","19":"product-type-simple"},"aioseo_notices":[],"_links":{"self":[{"href":"https:\/\/magoezequias.com.ar\/tienda\/wp-json\/wp\/v2\/product\/2870","targetHints":{"allow":["GET"]}}],"collection":[{"href":"https:\/\/magoezequias.com.ar\/tienda\/wp-json\/wp\/v2\/product"}],"about":[{"href":"https:\/\/magoezequias.com.ar\/tienda\/wp-json\/wp\/v2\/types\/product"}],"replies":[{"embeddable":true,"href":"https:\/\/magoezequias.com.ar\/tienda\/wp-json\/wp\/v2\/comments?post=2870"}],"version-history":[{"count":2,"href":"https:\/\/magoezequias.com.ar\/tienda\/wp-json\/wp\/v2\/product\/2870\/revisions"}],"predecessor-version":[{"id":18372,"href":"https:\/\/magoezequias.com.ar\/tienda\/wp-json\/wp\/v2\/product\/2870\/revisions\/18372"}],"wp:featuredmedia":[{"embeddable":true,"href":"https:\/\/magoezequias.com.ar\/tienda\/wp-json\/wp\/v2\/media\/2872"}],"wp:attachment":[{"href":"https:\/\/magoezequias.com.ar\/tienda\/wp-json\/wp\/v2\/media?parent=2870"}],"wp:term":[{"taxonomy":"product_brand","embeddable":true,"href":"https:\/\/magoezequias.com.ar\/tienda\/wp-json\/wp\/v2\/product_brand?post=2870"},{"taxonomy":"product_cat","embeddable":true,"href":"https:\/\/magoezequias.com.ar\/tienda\/wp-json\/wp\/v2\/product_cat?post=2870"},{"taxonomy":"product_tag","embeddable":true,"href":"https:\/\/magoezequias.com.ar\/tienda\/wp-json\/wp\/v2\/product_tag?post=2870"}],"curies":[{"name":"wp","href":"https:\/\/api.w.org\/{rel}","templated":true}]}}