{"id":2877,"date":"2024-10-31T16:30:16","date_gmt":"2024-10-31T16:30:16","guid":{"rendered":"https:\/\/magoezequias.com.ar\/tienda\/?post_type=product&#038;p=2877"},"modified":"2025-04-03T06:26:43","modified_gmt":"2025-04-03T09:26:43","slug":"corre-fantasma-corre","status":"publish","type":"product","link":"https:\/\/magoezequias.com.ar\/tienda\/producto\/corre-fantasma-corre","title":{"rendered":"Corre Fantasma corre"},"content":{"rendered":"<p><a href=\"https:\/\/magoezequias.com.ar\/tienda\/wp-content\/uploads\/2024\/10\/corre-fantasma-2024.jpg\"><img fetchpriority=\"high\" decoding=\"async\" class=\"aligncenter wp-image-2878\" src=\"https:\/\/magoezequias.com.ar\/tienda\/wp-content\/uploads\/2024\/10\/corre-fantasma-2024.jpg\" alt=\"\" width=\"396\" height=\"204\" srcset=\"https:\/\/magoezequias.com.ar\/tienda\/wp-content\/uploads\/2024\/10\/corre-fantasma-2024.jpg 1000w, https:\/\/magoezequias.com.ar\/tienda\/wp-content\/uploads\/2024\/10\/corre-fantasma-2024-300x155.jpg 300w, https:\/\/magoezequias.com.ar\/tienda\/wp-content\/uploads\/2024\/10\/corre-fantasma-2024-768x396.jpg 768w\" sizes=\"(max-width: 396px) 100vw, 396px\" \/><\/a><\/p>\n<p style=\"text-align: justify;\">Una nueva versi\u00f3n de un cl\u00e1sico de la magia infantil: Corre Fantasma corre\u2026. El mago relata la historia de un Fantasma de circo que era muy travieso, aparec\u00eda y desaparec\u00eda solo del circo y le gustaba mucho irse a jugar a la casa lindera a la carpa donde jugaba con unos nenes.<\/p>\n<p style=\"text-align: center;\"><a href=\"https:\/\/magoezequias.com.ar\/tienda\/wp-content\/uploads\/2024\/10\/corre-fantasma-2024-2.png\"><img decoding=\"async\" class=\"aligncenter size-full wp-image-2879\" src=\"https:\/\/magoezequias.com.ar\/tienda\/wp-content\/uploads\/2024\/10\/corre-fantasma-2024-2.png\" alt=\"\" width=\"401\" height=\"360\" srcset=\"https:\/\/magoezequias.com.ar\/tienda\/wp-content\/uploads\/2024\/10\/corre-fantasma-2024-2.png 401w, https:\/\/magoezequias.com.ar\/tienda\/wp-content\/uploads\/2024\/10\/corre-fantasma-2024-2-300x269.png 300w\" sizes=\"(max-width: 401px) 100vw, 401px\" \/><\/a><\/p>\n<p style=\"text-align: justify;\">El mago relata que fue al circo, abri\u00f3 la carpa y no hab\u00eda nadie&#8230; pero al instante misteriosamente aparece un Fantasma. Se enoj\u00f3 tanto que decidi\u00f3 hacerlo desaparecer y ejecuta esa proeza. El mago muestra el circo vac\u00edo, ya sin el Fantasma, pero los chicos ven como en realidad se va corriendo a la casa de los vecinos.<\/p>\n<p style=\"text-align: justify;\">All\u00ed comienza una secuencia de mucho humor donde el mago nunca ver\u00e1 donde est\u00e1 el Fantasma (va del circo a la casa, sube a los techos y se asoma por un lado y otro) pero si los chicos. Cuando el mago cree que finalmente desapareci\u00f3 y no est\u00e1 en ning\u00fan lado, guarda la carpa de circo\u2026. pero el travieso Fantasma vuelve a aparecer.<\/p>\n<p style=\"text-align: justify;\">Muy visual para sal\u00f3n y escena ya que mide 40 cm de largo por 26 cent\u00edmetros de alta, su espesor no es mayor a 1 cm, de empaque muy peque\u00f1o, s\u00faper liviano y resistente. Se ejecuta en las manos, totalmente autom\u00e1tico y se puede mantener parado sobre la mesa de trabajo.<\/p>\n<p style=\"text-align: center;\"><iframe title=\"YouTube video player\" src=\"https:\/\/www.youtube.com\/embed\/EZRNN8HQQjU?si=JfQLQCN5vfYzQlSV\" width=\"560\" height=\"315\" frameborder=\"0\" allowfullscreen=\"allowfullscreen\"><\/iframe><\/p>\n","protected":false},"excerpt":{"rendered":"<p>Una nueva versi\u00f3n de un cl\u00e1sico de la magia infantil: Corre Fantasma corre\u2026. Muy visual para sal\u00f3n y escena, de empaque muy peque\u00f1o, s\u00faper liviano y resistente.<\/p>\n<p>&nbsp;<\/p>\n","protected":false},"featured_media":2878,"comment_status":"open","ping_status":"closed","template":"","meta":[],"product_brand":[],"product_cat":[60,8],"product_tag":[186,30,17,509,612,31],"class_list":{"0":"post-2877","1":"product","2":"type-product","3":"status-publish","4":"has-post-thumbnail","6":"product_cat-ezequias-2","7":"product_cat-infantil","8":"product_tag-conejo","9":"product_tag-corre","10":"product_tag-ezequias","11":"product_tag-fantasma","12":"product_tag-halloween","13":"product_tag-payaso","15":"first","16":"instock","17":"shipping-taxable","18":"purchasable","19":"product-type-simple"},"aioseo_notices":[],"_links":{"self":[{"href":"https:\/\/magoezequias.com.ar\/tienda\/wp-json\/wp\/v2\/product\/2877","targetHints":{"allow":["GET"]}}],"collection":[{"href":"https:\/\/magoezequias.com.ar\/tienda\/wp-json\/wp\/v2\/product"}],"about":[{"href":"https:\/\/magoezequias.com.ar\/tienda\/wp-json\/wp\/v2\/types\/product"}],"replies":[{"embeddable":true,"href":"https:\/\/magoezequias.com.ar\/tienda\/wp-json\/wp\/v2\/comments?post=2877"}],"version-history":[{"count":0,"href":"https:\/\/magoezequias.com.ar\/tienda\/wp-json\/wp\/v2\/product\/2877\/revisions"}],"wp:featuredmedia":[{"embeddable":true,"href":"https:\/\/magoezequias.com.ar\/tienda\/wp-json\/wp\/v2\/media\/2878"}],"wp:attachment":[{"href":"https:\/\/magoezequias.com.ar\/tienda\/wp-json\/wp\/v2\/media?parent=2877"}],"wp:term":[{"taxonomy":"product_brand","embeddable":true,"href":"https:\/\/magoezequias.com.ar\/tienda\/wp-json\/wp\/v2\/product_brand?post=2877"},{"taxonomy":"product_cat","embeddable":true,"href":"https:\/\/magoezequias.com.ar\/tienda\/wp-json\/wp\/v2\/product_cat?post=2877"},{"taxonomy":"product_tag","embeddable":true,"href":"https:\/\/magoezequias.com.ar\/tienda\/wp-json\/wp\/v2\/product_tag?post=2877"}],"curies":[{"name":"wp","href":"https:\/\/api.w.org\/{rel}","templated":true}]}}