{"id":2882,"date":"2024-11-04T19:02:02","date_gmt":"2024-11-04T19:02:02","guid":{"rendered":"https:\/\/magoezequias.com.ar\/tienda\/?post_type=product&#038;p=2882"},"modified":"2024-11-04T21:44:45","modified_gmt":"2024-11-04T21:44:45","slug":"magia-ecologica-separando-residuos","status":"publish","type":"product","link":"https:\/\/magoezequias.com.ar\/tienda\/producto\/magia-ecologica-separando-residuos","title":{"rendered":"Magia Ecol\u00f3gica: Separando Residuos"},"content":{"rendered":"<p style=\"text-align: center;\"><a href=\"https:\/\/magoezequias.com.ar\/tienda\/wp-content\/uploads\/2024\/11\/Separando-Residuos-5.png\"><img fetchpriority=\"high\" decoding=\"async\" class=\" wp-image-2886 alignnone\" src=\"https:\/\/magoezequias.com.ar\/tienda\/wp-content\/uploads\/2024\/11\/Separando-Residuos-5.png\" alt=\"\" width=\"507\" height=\"380\" srcset=\"https:\/\/magoezequias.com.ar\/tienda\/wp-content\/uploads\/2024\/11\/Separando-Residuos-5.png 638w, https:\/\/magoezequias.com.ar\/tienda\/wp-content\/uploads\/2024\/11\/Separando-Residuos-5-300x225.png 300w\" sizes=\"(max-width: 507px) 100vw, 507px\" \/><\/a><\/p>\n<p style=\"text-align: justify;\">El mago se dirige al p\u00fablico mostrando un conjunto de cartas con dibujos de distintos residuos.<\/p>\n<p style=\"text-align: justify;\"><strong>Mago:<\/strong> \u00ab\u00a1Hola a todos! Hoy vamos a aprender sobre algo muy importante: \u00a1la ecolog\u00eda y el reciclaje! Pero no lo haremos de cualquier manera&#8230; \u00a1lo haremos con magia!\u00bb<\/p>\n<p style=\"text-align: justify;\"><strong>(El mago muestra las cartas al p\u00fablico, asegur\u00e1ndose de que todos vean los dibujos de diferentes residuos).<\/strong><\/p>\n<p style=\"text-align: justify;\"><strong>Mago:<\/strong> \u00abAqu\u00ed tengo unas cartas muy especiales. Cada una tiene un dibujo de distintos residuos, como frutas, restos de comida, metales, pl\u00e1sticos, etc. Vamos a usar estas cartas para aprender c\u00f3mo separar los residuos correctamente.\u00bb<\/p>\n<p style=\"text-align: justify;\"><strong>(El p\u00fablico mezcla las cartas y el mago sin alterar su orden las coloca boca abajo sobre la mesa).<\/strong><\/p>\n<p style=\"text-align: justify;\"><strong>Mago:<\/strong> \u00abNecesito la ayuda de dos voluntarios m\u00e1gicos. \u00bfQui\u00e9n quiere ayudarme?\u00bb<\/p>\n<p style=\"text-align: justify;\"><strong>(Elige a dos ni\u00f1os del p\u00fablico y los invita a subir al escenario).<\/strong><\/p>\n<p style=\"text-align: center;\"><a href=\"https:\/\/magoezequias.com.ar\/tienda\/wp-content\/uploads\/2024\/11\/Separando-Residuos-2.jpeg\"><img decoding=\"async\" class=\"aligncenter wp-image-2884\" src=\"https:\/\/magoezequias.com.ar\/tienda\/wp-content\/uploads\/2024\/11\/Separando-Residuos-2.jpeg\" alt=\"\" width=\"436\" height=\"392\" srcset=\"https:\/\/magoezequias.com.ar\/tienda\/wp-content\/uploads\/2024\/11\/Separando-Residuos-2.jpeg 1237w, https:\/\/magoezequias.com.ar\/tienda\/wp-content\/uploads\/2024\/11\/Separando-Residuos-2-300x270.jpeg 300w, https:\/\/magoezequias.com.ar\/tienda\/wp-content\/uploads\/2024\/11\/Separando-Residuos-2-1024x921.jpeg 1024w, https:\/\/magoezequias.com.ar\/tienda\/wp-content\/uploads\/2024\/11\/Separando-Residuos-2-768x690.jpeg 768w\" sizes=\"(max-width: 436px) 100vw, 436px\" \/><\/a><\/p>\n<p style=\"text-align: justify;\"><strong>Mago:<\/strong> \u00ab\u00a1Perfecto! Ustedes ser\u00e1n nuestros magos ecol\u00f3gicos. Cada uno de ustedes va a separar estas cartas en dos contenedores: el contenedor verde es para los residuos org\u00e1nicos o que no se pueden reciclar directamente, y el contenedor amarillo es para los residuos inorg\u00e1nicos, los cuales se pueden reciclar directamente.\u00bb<\/p>\n<p style=\"text-align: justify;\"><strong>(El mago se\u00f1ala dos contenedores de diferentes colores y los coloca sobre la mesa).<\/strong><\/p>\n<p style=\"text-align: justify;\"><strong>Mago:<\/strong> \u00abEl mago va tomando las cartas de la mesa, de dorso, para que nadie pueda ver cu\u00e1les son. Ahora, sin mirar las cartas, un ni\u00f1o elije las cartas para su contenedor verde y el otro lo hace para su contenedor amarillo. La idea es que las coloquen en el contenedor que crean correcto. \u00a1Vamos! \u00a1A ver qu\u00e9 tan m\u00e1gicos pueden ser!\u00bb<\/p>\n<p style=\"text-align: justify;\"><strong>(Los ni\u00f1os, sin mirar las cartas, colocan cuatro cartas en el contenedor verde y cuatro en el contenedor amarillo).<\/strong><\/p>\n<p style=\"text-align: justify;\"><strong>Mago:<\/strong> \u00ab\u00a1Muy bien! Ahora, vamos a ver si nuestra magia ha funcionado. \u00bfListos?\u00bb<\/p>\n<p style=\"text-align: justify;\"><strong>(El mago gira las cartas una por una, mostrando que las cartas en el contenedor verde son residuos org\u00e1nicos y las del contenedor amarillo son residuos inorg\u00e1nicos).<\/strong><\/p>\n<p style=\"text-align: justify;\"><strong>Mago:<\/strong> \u00ab\u00a1Incre\u00edble! \u00a1Lo lograron! Sin mirar, han separado perfectamente los residuos en los contenedores correctos. \u00a1Eso es magia ecol\u00f3gica!\u00bb<\/p>\n<p style=\"text-align: justify;\">\u00a8Gracias a nuestros magos ecol\u00f3gicos, hemos aprendido que los residuos org\u00e1nicos, como las frutas y restos de comida, van en el contenedor verde, y los residuos inorg\u00e1nicos, como los metales y pl\u00e1sticos, van en el contenedor amarillo. \u00a1As\u00ed ayudamos a cuidar nuestro planeta! \u00a1Gracias a todos por participar y recuerden siempre separa los residuos y reciclar!\u00bb<\/p>\n<p style=\"text-align: center;\"><a href=\"https:\/\/magoezequias.com.ar\/tienda\/wp-content\/uploads\/2024\/11\/Separando-Residuos.jpeg\"><img decoding=\"async\" class=\"aligncenter wp-image-2883\" src=\"https:\/\/magoezequias.com.ar\/tienda\/wp-content\/uploads\/2024\/11\/Separando-Residuos.jpeg\" alt=\"\" width=\"455\" height=\"380\" srcset=\"https:\/\/magoezequias.com.ar\/tienda\/wp-content\/uploads\/2024\/11\/Separando-Residuos.jpeg 1425w, https:\/\/magoezequias.com.ar\/tienda\/wp-content\/uploads\/2024\/11\/Separando-Residuos-300x250.jpeg 300w, https:\/\/magoezequias.com.ar\/tienda\/wp-content\/uploads\/2024\/11\/Separando-Residuos-1024x854.jpeg 1024w, https:\/\/magoezequias.com.ar\/tienda\/wp-content\/uploads\/2024\/11\/Separando-Residuos-768x640.jpeg 768w\" sizes=\"(max-width: 455px) 100vw, 455px\" \/><\/a><\/p>\n<p>Una rutina muy pr\u00e1ctica para presentar de magia educativa. Construida en cart\u00f3n laminado para mayor durabilidad. Los contenedores de residuos son atriles que le permiten que se queden vertical y hacer mas est\u00e9tica la presentaci\u00f3n. Luego se queda todo plano para trsportar.<\/p>\n<p>Muy visual en sal\u00f3n y escena. Puede presentarlo con o sin ayudantes en escena.<\/p>\n<p style=\"text-align: center;\"><iframe title=\"YouTube video player\" src=\"https:\/\/www.youtube.com\/embed\/K_8Ln8hddig?si=G6LRcnFXFegPR6xA\" width=\"560\" height=\"315\" frameborder=\"0\" allowfullscreen=\"allowfullscreen\"><\/iframe><\/p>\n","protected":false},"excerpt":{"rendered":"<p style=\"text-align: justify;\">Una charla clara y atractiva para una rutina, enfatizando la importancia de la ecolog\u00eda y el reciclaje de una manera divertida y m\u00e1gica. \u00a1Magia ecol\u00f3gica y educativa para que tu espect\u00e1culo sea un \u00e9xito!<\/p>\n","protected":false},"featured_media":2885,"comment_status":"open","ping_status":"closed","template":"","meta":[],"product_brand":[],"product_cat":[60,8,9],"product_tag":[707,706,705,17,14,708],"class_list":{"0":"post-2882","1":"product","2":"type-product","3":"status-publish","4":"has-post-thumbnail","6":"product_cat-ezequias-2","7":"product_cat-infantil","8":"product_cat-salon","9":"product_tag-ecologia","10":"product_tag-ecologica","11":"product_tag-educativa","12":"product_tag-ezequias","13":"product_tag-magia","14":"product_tag-residuos","16":"first","17":"instock","18":"shipping-taxable","19":"purchasable","20":"product-type-simple"},"aioseo_notices":[],"_links":{"self":[{"href":"https:\/\/magoezequias.com.ar\/tienda\/wp-json\/wp\/v2\/product\/2882","targetHints":{"allow":["GET"]}}],"collection":[{"href":"https:\/\/magoezequias.com.ar\/tienda\/wp-json\/wp\/v2\/product"}],"about":[{"href":"https:\/\/magoezequias.com.ar\/tienda\/wp-json\/wp\/v2\/types\/product"}],"replies":[{"embeddable":true,"href":"https:\/\/magoezequias.com.ar\/tienda\/wp-json\/wp\/v2\/comments?post=2882"}],"version-history":[{"count":0,"href":"https:\/\/magoezequias.com.ar\/tienda\/wp-json\/wp\/v2\/product\/2882\/revisions"}],"wp:featuredmedia":[{"embeddable":true,"href":"https:\/\/magoezequias.com.ar\/tienda\/wp-json\/wp\/v2\/media\/2885"}],"wp:attachment":[{"href":"https:\/\/magoezequias.com.ar\/tienda\/wp-json\/wp\/v2\/media?parent=2882"}],"wp:term":[{"taxonomy":"product_brand","embeddable":true,"href":"https:\/\/magoezequias.com.ar\/tienda\/wp-json\/wp\/v2\/product_brand?post=2882"},{"taxonomy":"product_cat","embeddable":true,"href":"https:\/\/magoezequias.com.ar\/tienda\/wp-json\/wp\/v2\/product_cat?post=2882"},{"taxonomy":"product_tag","embeddable":true,"href":"https:\/\/magoezequias.com.ar\/tienda\/wp-json\/wp\/v2\/product_tag?post=2882"}],"curies":[{"name":"wp","href":"https:\/\/api.w.org\/{rel}","templated":true}]}}