{"id":297,"date":"2014-12-15T23:19:43","date_gmt":"2014-12-15T23:19:43","guid":{"rendered":"https:\/\/magoezequias.com.ar\/tienda\/?post_type=product&#038;p=297"},"modified":"2019-11-20T02:44:47","modified_gmt":"2019-11-20T02:44:47","slug":"panuelos-de-produccion-de-botella","status":"publish","type":"product","link":"https:\/\/magoezequias.com.ar\/tienda\/producto\/panuelos-de-produccion-de-botella","title":{"rendered":"Pa\u00f1uelos de producci\u00f3n de botella"},"content":{"rendered":"<p><a href=\"https:\/\/magoezequias.com.ar\/tienda\/wp-content\/uploads\/2014\/12\/pa\u00f1uelo_produccion_botella.jpg\"><img fetchpriority=\"high\" decoding=\"async\" class=\"alignnone size-full wp-image-298\" src=\"https:\/\/magoezequias.com.ar\/tienda\/wp-content\/uploads\/2014\/12\/pa\u00f1uelo_produccion_botella.jpg\" alt=\"pa\u00f1uelo_produccion_botella\" width=\"336\" height=\"336\" srcset=\"https:\/\/magoezequias.com.ar\/tienda\/wp-content\/uploads\/2014\/12\/pa\u00f1uelo_produccion_botella.jpg 336w, https:\/\/magoezequias.com.ar\/tienda\/wp-content\/uploads\/2014\/12\/pa\u00f1uelo_produccion_botella-300x300.jpg 300w, https:\/\/magoezequias.com.ar\/tienda\/wp-content\/uploads\/2014\/12\/pa\u00f1uelo_produccion_botella-90x90.jpg 90w, https:\/\/magoezequias.com.ar\/tienda\/wp-content\/uploads\/2014\/12\/pa\u00f1uelo_produccion_botella-150x150.jpg 150w\" sizes=\"(max-width: 336px) 100vw, 336px\" \/><\/a><\/p>\n<p>&nbsp;<\/p>\n<p>Usted muestra libremente tres pa\u00f1uelos uno rojo, otro amarillo y uno azul. Los agita y tira para arriba, al aire para demostrar que est\u00e1n vac\u00edos.\u00a0A continuaci\u00f3n recoge juntos todos los pa\u00f1uelos y produce una verdadera botella que puede obsequiar o dar a revisar.<\/p>\n<p>&nbsp;<\/p>\n<p>Tambi\u00e9n se puede producir cualquier otro tipo de elemento o carga del tama\u00f1o de una botella, como una paloma y\/o un ramo de flores o tambi\u00e9n una peque\u00f1a sombrilla.<\/p>\n<p>No hay cargas en el cuerpo y no se necesita una mesa o indumentaria especial.<\/p>\n<p><iframe src=\"\/\/www.youtube.com\/embed\/RT8IUaPEMJ4\" width=\"420\" height=\"315\" frameborder=\"0\" allowfullscreen=\"allowfullscreen\"><\/iframe><\/p>\n","protected":false},"excerpt":{"rendered":"<p>Un efecto muy visual para escenario o sal\u00f3n. Es totalmente autom\u00e1tico, para producir cualquier botella u otros art\u00edculos.<\/p>\n","protected":false},"featured_media":298,"comment_status":"open","ping_status":"closed","template":"","meta":[],"product_brand":[],"product_cat":[10,8,9],"product_tag":[51,52,157],"class_list":{"0":"post-297","1":"product","2":"type-product","3":"status-publish","4":"has-post-thumbnail","6":"product_cat-escena","7":"product_cat-infantil","8":"product_cat-salon","9":"product_tag-botella","10":"product_tag-panuelo","11":"product_tag-produccion","13":"first","14":"outofstock","15":"shipping-taxable","16":"purchasable","17":"product-type-simple"},"aioseo_notices":[],"_links":{"self":[{"href":"https:\/\/magoezequias.com.ar\/tienda\/wp-json\/wp\/v2\/product\/297","targetHints":{"allow":["GET"]}}],"collection":[{"href":"https:\/\/magoezequias.com.ar\/tienda\/wp-json\/wp\/v2\/product"}],"about":[{"href":"https:\/\/magoezequias.com.ar\/tienda\/wp-json\/wp\/v2\/types\/product"}],"replies":[{"embeddable":true,"href":"https:\/\/magoezequias.com.ar\/tienda\/wp-json\/wp\/v2\/comments?post=297"}],"version-history":[{"count":0,"href":"https:\/\/magoezequias.com.ar\/tienda\/wp-json\/wp\/v2\/product\/297\/revisions"}],"wp:featuredmedia":[{"embeddable":true,"href":"https:\/\/magoezequias.com.ar\/tienda\/wp-json\/wp\/v2\/media\/298"}],"wp:attachment":[{"href":"https:\/\/magoezequias.com.ar\/tienda\/wp-json\/wp\/v2\/media?parent=297"}],"wp:term":[{"taxonomy":"product_brand","embeddable":true,"href":"https:\/\/magoezequias.com.ar\/tienda\/wp-json\/wp\/v2\/product_brand?post=297"},{"taxonomy":"product_cat","embeddable":true,"href":"https:\/\/magoezequias.com.ar\/tienda\/wp-json\/wp\/v2\/product_cat?post=297"},{"taxonomy":"product_tag","embeddable":true,"href":"https:\/\/magoezequias.com.ar\/tienda\/wp-json\/wp\/v2\/product_tag?post=297"}],"curies":[{"name":"wp","href":"https:\/\/api.w.org\/{rel}","templated":true}]}}