{"id":301,"date":"2014-12-16T00:00:34","date_gmt":"2014-12-16T00:00:34","guid":{"rendered":"https:\/\/magoezequias.com.ar\/tienda\/?post_type=product&#038;p=301"},"modified":"2019-11-20T02:44:11","modified_gmt":"2019-11-20T02:44:11","slug":"cuerda-a-panuelo","status":"publish","type":"product","link":"https:\/\/magoezequias.com.ar\/tienda\/producto\/cuerda-a-panuelo","title":{"rendered":"Cuerda a Pa\u00f1uelo"},"content":{"rendered":"<p><a href=\"https:\/\/magoezequias.com.ar\/tienda\/wp-content\/uploads\/2014\/12\/soga_pa\u00f1uelo2.jpg\"><img fetchpriority=\"high\" decoding=\"async\" class=\"alignnone size-full wp-image-303\" src=\"https:\/\/magoezequias.com.ar\/tienda\/wp-content\/uploads\/2014\/12\/soga_pa\u00f1uelo2.jpg\" alt=\"soga_pa\u00f1uelo2\" width=\"217\" height=\"240\" \/><\/a><\/p>\n<p>&nbsp;<\/p>\n<p>Se muestra un trozo de cuerda amarilla la cual el mago intenta hipnotizarla y despu\u00e9s de varios intentos tienen \u00e9xito dej\u00e1ndola de forma vertical.<\/p>\n<p>Luego el mago procede a anudarla, la desanuda e inmediatamente la soga se transforma en un pa\u00f1uelo de color rojo.<\/p>\n<p>Todo es muy visual y a la vista del p\u00fablico&#8230; Muy f\u00e1cil de ejecutar y s\u00faper efectivo. A lo largo de la rutina no hay nada que empalmar, ni esconder.<\/p>\n<p>&nbsp;<\/p>\n<p>&nbsp;<\/p>\n<p><iframe src=\"\/\/www.youtube.com\/embed\/Nq25EWiDbX4\" width=\"420\" height=\"315\" frameborder=\"0\" allowfullscreen=\"allowfullscreen\"><\/iframe><\/p>\n","protected":false},"excerpt":{"rendered":"<p>Un efecto divertido, directo y autom\u00e1tico. Tanto para rutinas habladas o musicales.<\/p>\n","protected":false},"featured_media":303,"comment_status":"open","ping_status":"closed","template":"","meta":[],"product_brand":[],"product_cat":[10,8,9],"product_tag":[159,52,96],"class_list":{"0":"post-301","1":"product","2":"type-product","3":"status-publish","4":"has-post-thumbnail","6":"product_cat-escena","7":"product_cat-infantil","8":"product_cat-salon","9":"product_tag-cuerda","10":"product_tag-panuelo","11":"product_tag-soga","13":"first","14":"outofstock","15":"shipping-taxable","16":"purchasable","17":"product-type-simple"},"aioseo_notices":[],"_links":{"self":[{"href":"https:\/\/magoezequias.com.ar\/tienda\/wp-json\/wp\/v2\/product\/301","targetHints":{"allow":["GET"]}}],"collection":[{"href":"https:\/\/magoezequias.com.ar\/tienda\/wp-json\/wp\/v2\/product"}],"about":[{"href":"https:\/\/magoezequias.com.ar\/tienda\/wp-json\/wp\/v2\/types\/product"}],"replies":[{"embeddable":true,"href":"https:\/\/magoezequias.com.ar\/tienda\/wp-json\/wp\/v2\/comments?post=301"}],"version-history":[{"count":0,"href":"https:\/\/magoezequias.com.ar\/tienda\/wp-json\/wp\/v2\/product\/301\/revisions"}],"wp:featuredmedia":[{"embeddable":true,"href":"https:\/\/magoezequias.com.ar\/tienda\/wp-json\/wp\/v2\/media\/303"}],"wp:attachment":[{"href":"https:\/\/magoezequias.com.ar\/tienda\/wp-json\/wp\/v2\/media?parent=301"}],"wp:term":[{"taxonomy":"product_brand","embeddable":true,"href":"https:\/\/magoezequias.com.ar\/tienda\/wp-json\/wp\/v2\/product_brand?post=301"},{"taxonomy":"product_cat","embeddable":true,"href":"https:\/\/magoezequias.com.ar\/tienda\/wp-json\/wp\/v2\/product_cat?post=301"},{"taxonomy":"product_tag","embeddable":true,"href":"https:\/\/magoezequias.com.ar\/tienda\/wp-json\/wp\/v2\/product_tag?post=301"}],"curies":[{"name":"wp","href":"https:\/\/api.w.org\/{rel}","templated":true}]}}