{"id":308,"date":"2014-12-18T22:06:29","date_gmt":"2014-12-18T22:06:29","guid":{"rendered":"https:\/\/magoezequias.com.ar\/tienda\/?post_type=product&#038;p=308"},"modified":"2019-11-20T02:43:50","modified_gmt":"2019-11-20T02:43:50","slug":"card-fountain-a-control-remoto","status":"publish","type":"product","link":"https:\/\/magoezequias.com.ar\/tienda\/producto\/card-fountain-a-control-remoto","title":{"rendered":"Card Fountain a Control remoto"},"content":{"rendered":"<p><a href=\"https:\/\/magoezequias.com.ar\/tienda\/wp-content\/uploads\/2014\/12\/card_fountain2.jpg\"><img fetchpriority=\"high\" decoding=\"async\" class=\"alignnone size-full wp-image-310\" src=\"https:\/\/magoezequias.com.ar\/tienda\/wp-content\/uploads\/2014\/12\/card_fountain2.jpg\" alt=\"card_fountain2\" width=\"448\" height=\"336\" srcset=\"https:\/\/magoezequias.com.ar\/tienda\/wp-content\/uploads\/2014\/12\/card_fountain2.jpg 448w, https:\/\/magoezequias.com.ar\/tienda\/wp-content\/uploads\/2014\/12\/card_fountain2-300x224.jpg 300w\" sizes=\"(max-width: 448px) 100vw, 448px\" \/><\/a><\/p>\n<p>Un espectador selecciona cualquier carta de un mazo.\u00a0El espectador puede barajar los naipes.\u00a0El mago muestra un vaso o una copa de cristal vac\u00eda, que est\u00e1 totalmente vac\u00eda.<\/p>\n<p>El mago pone el mazo en el vaso y le pregunta a\u00a0espectador cual es la carta.<\/p>\n<p>Luego sostiene el vaso en la mano y 51 cartas vuelan hacia fuera de la copa de cristal.\u00a0S\u00f3lo quede una carta y es la seleccionada por el espectador.<\/p>\n<p>&nbsp;<\/p>\n<p>El vaso o copa puede ser revisada por el espectador despu\u00e9s de la rutina para que sea inspeccionado.<\/p>\n<p>El funcionamiento es electr\u00f3nico y el manejo a distancia mediante control remoto.<\/p>\n<p><iframe src=\"\/\/www.youtube.com\/embed\/lh0XisttdxA\" width=\"420\" height=\"315\" frameborder=\"0\" allowfullscreen=\"allowfullscreen\"><\/iframe><\/p>\n","protected":false},"excerpt":{"rendered":"<p>Una m\u00e1gica lluvia de cartas hasta encontrar la elegida. Un toque de distinci\u00f3n y pr\u00e1cticamente un efecto especial en su show&#8230;.<\/p>\n","protected":false},"featured_media":310,"comment_status":"open","ping_status":"closed","template":"","meta":[],"product_brand":[],"product_cat":[12,10,9],"product_tag":[],"class_list":{"0":"post-308","1":"product","2":"type-product","3":"status-publish","4":"has-post-thumbnail","6":"product_cat-cartomagia","7":"product_cat-escena","8":"product_cat-salon","10":"first","11":"outofstock","12":"shipping-taxable","13":"purchasable","14":"product-type-simple"},"aioseo_notices":[],"_links":{"self":[{"href":"https:\/\/magoezequias.com.ar\/tienda\/wp-json\/wp\/v2\/product\/308","targetHints":{"allow":["GET"]}}],"collection":[{"href":"https:\/\/magoezequias.com.ar\/tienda\/wp-json\/wp\/v2\/product"}],"about":[{"href":"https:\/\/magoezequias.com.ar\/tienda\/wp-json\/wp\/v2\/types\/product"}],"replies":[{"embeddable":true,"href":"https:\/\/magoezequias.com.ar\/tienda\/wp-json\/wp\/v2\/comments?post=308"}],"version-history":[{"count":0,"href":"https:\/\/magoezequias.com.ar\/tienda\/wp-json\/wp\/v2\/product\/308\/revisions"}],"wp:featuredmedia":[{"embeddable":true,"href":"https:\/\/magoezequias.com.ar\/tienda\/wp-json\/wp\/v2\/media\/310"}],"wp:attachment":[{"href":"https:\/\/magoezequias.com.ar\/tienda\/wp-json\/wp\/v2\/media?parent=308"}],"wp:term":[{"taxonomy":"product_brand","embeddable":true,"href":"https:\/\/magoezequias.com.ar\/tienda\/wp-json\/wp\/v2\/product_brand?post=308"},{"taxonomy":"product_cat","embeddable":true,"href":"https:\/\/magoezequias.com.ar\/tienda\/wp-json\/wp\/v2\/product_cat?post=308"},{"taxonomy":"product_tag","embeddable":true,"href":"https:\/\/magoezequias.com.ar\/tienda\/wp-json\/wp\/v2\/product_tag?post=308"}],"curies":[{"name":"wp","href":"https:\/\/api.w.org\/{rel}","templated":true}]}}