{"id":311,"date":"2014-12-18T23:07:03","date_gmt":"2014-12-18T23:07:03","guid":{"rendered":"https:\/\/magoezequias.com.ar\/tienda\/?post_type=product&#038;p=311"},"modified":"2021-08-06T11:10:44","modified_gmt":"2021-08-06T11:10:44","slug":"ruleta-rusa-del-clavo-a-control","status":"publish","type":"product","link":"https:\/\/magoezequias.com.ar\/tienda\/producto\/ruleta-rusa-del-clavo-a-control","title":{"rendered":"Ruleta Rusa del Clavo a control"},"content":{"rendered":"<p><a href=\"https:\/\/magoezequias.com.ar\/tienda\/wp-content\/uploads\/2014\/12\/nail_devil.jpg\"><img fetchpriority=\"high\" decoding=\"async\" class=\"alignnone size-full wp-image-312\" src=\"https:\/\/magoezequias.com.ar\/tienda\/wp-content\/uploads\/2014\/12\/nail_devil.jpg\" alt=\"nail_devil\" width=\"448\" height=\"327\" srcset=\"https:\/\/magoezequias.com.ar\/tienda\/wp-content\/uploads\/2014\/12\/nail_devil.jpg 448w, https:\/\/magoezequias.com.ar\/tienda\/wp-content\/uploads\/2014\/12\/nail_devil-300x218.jpg 300w\" sizes=\"(max-width: 448px) 100vw, 448px\" \/><\/a><\/p>\n<p>Toda una rutina llena de misterio y suspenso donde un clavo real de 14 cm se inserta en un bloque de madera con el fin de crear una situaci\u00f3n de peligro.<\/p>\n<p>El artista crear\u00e1 una autentica ruleta rusa ya que llama a un miembro de la audiencia para ocultar el clavo bajo cualquiera de los cuatro vasos que tiene sobre la mesa. En este momento el mago se aleja para asegurar que \u00e9l no sabe en donde est\u00e1 el clavo.<\/p>\n<p>El mago comenzar\u00e1 a aplastar con fuerza cada uno de los vasos creando un suspenso incre\u00edble en el ambiente.<\/p>\n<p>Finalmente quedar\u00e1 sobre la mesa un solo caso que es el que contiene oculto el clavo.<\/p>\n<p>El sistema es electr\u00f3nico con control remoto de muy alta calidad y de fabricaci\u00f3n nacional. Un sistema seguro y f\u00e1cile de realizar.<\/p>\n<p>&nbsp;<\/p>\n<p>Recuerde el clavo es real y se puede dar a revisar. Viene con soporte de madera, el clavo, control remoto, bater\u00eda de 12v.<\/p>\n<p>Un juego para profesionales de la magia.<\/p>\n<p>&nbsp;<\/p>\n<p>&nbsp;<\/p>\n<p><iframe src=\"\/\/www.youtube.com\/embed\/gTptlKD4vqk\" width=\"420\" height=\"315\" frameborder=\"0\" allowfullscreen=\"allowfullscreen\"><\/iframe><\/p>\n<p>&nbsp;<\/p>\n","protected":false},"excerpt":{"rendered":"<p>Una peque\u00f1a gran ilusi\u00f3n que podr\u00e1 llevar encima, ocupa muy poco espacio y podr\u00e1 presentarse ante una enorme cantidad de p\u00fablico.<\/p>\n","protected":false},"featured_media":312,"comment_status":"open","ping_status":"closed","template":"","meta":[],"product_brand":[],"product_cat":[10,13,9],"product_tag":[48,164,161,165,162,163],"class_list":{"0":"post-311","1":"product","2":"type-product","3":"status-publish","4":"has-post-thumbnail","6":"product_cat-escena","7":"product_cat-mentalismo","8":"product_cat-salon","9":"product_tag-clavo","10":"product_tag-devils","11":"product_tag-mosqueta","12":"product_tag-nail","13":"product_tag-ruleta","14":"product_tag-rusa","16":"first","17":"outofstock","18":"shipping-taxable","19":"purchasable","20":"product-type-simple"},"aioseo_notices":[],"_links":{"self":[{"href":"https:\/\/magoezequias.com.ar\/tienda\/wp-json\/wp\/v2\/product\/311","targetHints":{"allow":["GET"]}}],"collection":[{"href":"https:\/\/magoezequias.com.ar\/tienda\/wp-json\/wp\/v2\/product"}],"about":[{"href":"https:\/\/magoezequias.com.ar\/tienda\/wp-json\/wp\/v2\/types\/product"}],"replies":[{"embeddable":true,"href":"https:\/\/magoezequias.com.ar\/tienda\/wp-json\/wp\/v2\/comments?post=311"}],"version-history":[{"count":0,"href":"https:\/\/magoezequias.com.ar\/tienda\/wp-json\/wp\/v2\/product\/311\/revisions"}],"wp:featuredmedia":[{"embeddable":true,"href":"https:\/\/magoezequias.com.ar\/tienda\/wp-json\/wp\/v2\/media\/312"}],"wp:attachment":[{"href":"https:\/\/magoezequias.com.ar\/tienda\/wp-json\/wp\/v2\/media?parent=311"}],"wp:term":[{"taxonomy":"product_brand","embeddable":true,"href":"https:\/\/magoezequias.com.ar\/tienda\/wp-json\/wp\/v2\/product_brand?post=311"},{"taxonomy":"product_cat","embeddable":true,"href":"https:\/\/magoezequias.com.ar\/tienda\/wp-json\/wp\/v2\/product_cat?post=311"},{"taxonomy":"product_tag","embeddable":true,"href":"https:\/\/magoezequias.com.ar\/tienda\/wp-json\/wp\/v2\/product_tag?post=311"}],"curies":[{"name":"wp","href":"https:\/\/api.w.org\/{rel}","templated":true}]}}