{"id":313,"date":"2014-12-21T01:18:19","date_gmt":"2014-12-21T01:18:19","guid":{"rendered":"https:\/\/magoezequias.com.ar\/tienda\/?post_type=product&#038;p=313"},"modified":"2019-11-20T02:43:22","modified_gmt":"2019-11-20T02:43:22","slug":"preguntados-magico","status":"publish","type":"product","link":"https:\/\/magoezequias.com.ar\/tienda\/producto\/preguntados-magico","title":{"rendered":"Preguntados M\u00e1gico"},"content":{"rendered":"<p><a href=\"https:\/\/magoezequias.com.ar\/tienda\/wp-content\/uploads\/2014\/12\/preguntados2.jpg\"><img fetchpriority=\"high\" decoding=\"async\" class=\"alignnone size-full wp-image-315\" src=\"https:\/\/magoezequias.com.ar\/tienda\/wp-content\/uploads\/2014\/12\/preguntados2.jpg\" alt=\"preguntados2\" width=\"597\" height=\"480\" srcset=\"https:\/\/magoezequias.com.ar\/tienda\/wp-content\/uploads\/2014\/12\/preguntados2.jpg 597w, https:\/\/magoezequias.com.ar\/tienda\/wp-content\/uploads\/2014\/12\/preguntados2-300x241.jpg 300w\" sizes=\"(max-width: 597px) 100vw, 597px\" \/><\/a><\/p>\n<p>Una rutina llena de humor y comedia donde participaran varios integrantes del p\u00fablico en el juego Preguntados. M\u00e1s de 10 minutos donde todos se sentir\u00e1n involucrados tratando de acertar las preguntas tras girar la rueda.<\/p>\n<p>&nbsp;<\/p>\n<p>Una est\u00e9tica nuevo del juego de la guerra de los sexos, adaptado al juego del momento el Preguntados. Una rutina ideal para magia de sal\u00f3n o en fiestas de adolescentes.<\/p>\n<p>&nbsp;<\/p>\n<p>Usted recibe todos los elementos para ejecutar la rutina.<\/p>\n<p>Un disco de madera con su base que es completamente desarmable para que no ocupe lugar en su valija, pero montado queda de 30 cm de alto.<\/p>\n<p>Los tarjetones en PVC para cada categor\u00eda y para mostrar si la respuesta es Correcta o Incorrecta.<\/p>\n<p>Bolsa trucada contenedora de n\u00fameros.<\/p>\n<p>Un listado de preguntas impreso de manera especial para desarrollar toda la rutina.<\/p>\n<p>&nbsp;<\/p>\n","protected":false},"excerpt":{"rendered":"<p>El juego con el que todos se divierten&#8230; ahora puede formar parte de t\u00fa rutina m\u00e1gica: PREGUNTADOS.<\/p>\n","protected":false},"featured_media":315,"comment_status":"open","ping_status":"closed","template":"","meta":[],"product_brand":[],"product_cat":[10,60,9],"product_tag":[167,166],"class_list":{"0":"post-313","1":"product","2":"type-product","3":"status-publish","4":"has-post-thumbnail","6":"product_cat-escena","7":"product_cat-ezequias-2","8":"product_cat-salon","9":"product_tag-concurso","10":"product_tag-preguntados","12":"first","13":"outofstock","14":"shipping-taxable","15":"purchasable","16":"product-type-simple"},"aioseo_notices":[],"_links":{"self":[{"href":"https:\/\/magoezequias.com.ar\/tienda\/wp-json\/wp\/v2\/product\/313","targetHints":{"allow":["GET"]}}],"collection":[{"href":"https:\/\/magoezequias.com.ar\/tienda\/wp-json\/wp\/v2\/product"}],"about":[{"href":"https:\/\/magoezequias.com.ar\/tienda\/wp-json\/wp\/v2\/types\/product"}],"replies":[{"embeddable":true,"href":"https:\/\/magoezequias.com.ar\/tienda\/wp-json\/wp\/v2\/comments?post=313"}],"version-history":[{"count":0,"href":"https:\/\/magoezequias.com.ar\/tienda\/wp-json\/wp\/v2\/product\/313\/revisions"}],"wp:featuredmedia":[{"embeddable":true,"href":"https:\/\/magoezequias.com.ar\/tienda\/wp-json\/wp\/v2\/media\/315"}],"wp:attachment":[{"href":"https:\/\/magoezequias.com.ar\/tienda\/wp-json\/wp\/v2\/media?parent=313"}],"wp:term":[{"taxonomy":"product_brand","embeddable":true,"href":"https:\/\/magoezequias.com.ar\/tienda\/wp-json\/wp\/v2\/product_brand?post=313"},{"taxonomy":"product_cat","embeddable":true,"href":"https:\/\/magoezequias.com.ar\/tienda\/wp-json\/wp\/v2\/product_cat?post=313"},{"taxonomy":"product_tag","embeddable":true,"href":"https:\/\/magoezequias.com.ar\/tienda\/wp-json\/wp\/v2\/product_tag?post=313"}],"curies":[{"name":"wp","href":"https:\/\/api.w.org\/{rel}","templated":true}]}}