{"id":324,"date":"2015-02-14T03:52:08","date_gmt":"2015-02-14T03:52:08","guid":{"rendered":"https:\/\/magoezequias.com.ar\/tienda\/?post_type=product&#038;p=324"},"modified":"2019-11-20T02:41:51","modified_gmt":"2019-11-20T02:41:51","slug":"la-flor-que-se-inclina-o-saluda","status":"publish","type":"product","link":"https:\/\/magoezequias.com.ar\/tienda\/producto\/la-flor-que-se-inclina-o-saluda","title":{"rendered":"La flor que se inclina o saluda"},"content":{"rendered":"<p><a href=\"https:\/\/magoezequias.com.ar\/tienda\/wp-content\/uploads\/2015\/02\/flor_saluda.jpg\"><img fetchpriority=\"high\" decoding=\"async\" class=\"alignnone size-full wp-image-325\" src=\"https:\/\/magoezequias.com.ar\/tienda\/wp-content\/uploads\/2015\/02\/flor_saluda.jpg\" alt=\"flor_saluda\" width=\"336\" height=\"339\" srcset=\"https:\/\/magoezequias.com.ar\/tienda\/wp-content\/uploads\/2015\/02\/flor_saluda.jpg 336w, https:\/\/magoezequias.com.ar\/tienda\/wp-content\/uploads\/2015\/02\/flor_saluda-297x300.jpg 297w, https:\/\/magoezequias.com.ar\/tienda\/wp-content\/uploads\/2015\/02\/flor_saluda-300x302.jpg 300w, https:\/\/magoezequias.com.ar\/tienda\/wp-content\/uploads\/2015\/02\/flor_saluda-90x90.jpg 90w, https:\/\/magoezequias.com.ar\/tienda\/wp-content\/uploads\/2015\/02\/flor_saluda-150x150.jpg 150w\" sizes=\"(max-width: 336px) 100vw, 336px\" \/><\/a><\/p>\n<p>&nbsp;<\/p>\n<p>El mago ense\u00f1a una flor de tallo largo y, al hacer una reverencia, la flor se inclinar\u00e1 junto al mago. Tambi\u00e9n se puede hacer como que se hipnotiz\u00f3 a la flor, o regalarla a una dama y al tomarla ella, que la flor esquive su mano.<\/p>\n<p>&nbsp;<\/p>\n<p>Ideal para magia c\u00f3mica o payasos.<\/p>\n<p><iframe src=\"https:\/\/www.youtube.com\/embed\/V-HVAQmNCtU\" width=\"560\" height=\"315\" frameborder=\"0\" allowfullscreen=\"allowfullscreen\"><\/iframe><\/p>\n<p>&nbsp;<\/p>\n<p>&nbsp;<\/p>\n","protected":false},"excerpt":{"rendered":"<p>Un gag muy f\u00e1cil de realizar y s\u00faper efectivo.<\/p>\n","protected":false},"featured_media":325,"comment_status":"open","ping_status":"closed","template":"","meta":[],"product_brand":[],"product_cat":[8,9],"product_tag":[87,170],"class_list":{"0":"post-324","1":"product","2":"type-product","3":"status-publish","4":"has-post-thumbnail","6":"product_cat-infantil","7":"product_cat-salon","8":"product_tag-flor","9":"product_tag-saluda","11":"first","12":"outofstock","13":"shipping-taxable","14":"purchasable","15":"product-type-simple"},"aioseo_notices":[],"_links":{"self":[{"href":"https:\/\/magoezequias.com.ar\/tienda\/wp-json\/wp\/v2\/product\/324","targetHints":{"allow":["GET"]}}],"collection":[{"href":"https:\/\/magoezequias.com.ar\/tienda\/wp-json\/wp\/v2\/product"}],"about":[{"href":"https:\/\/magoezequias.com.ar\/tienda\/wp-json\/wp\/v2\/types\/product"}],"replies":[{"embeddable":true,"href":"https:\/\/magoezequias.com.ar\/tienda\/wp-json\/wp\/v2\/comments?post=324"}],"version-history":[{"count":0,"href":"https:\/\/magoezequias.com.ar\/tienda\/wp-json\/wp\/v2\/product\/324\/revisions"}],"wp:featuredmedia":[{"embeddable":true,"href":"https:\/\/magoezequias.com.ar\/tienda\/wp-json\/wp\/v2\/media\/325"}],"wp:attachment":[{"href":"https:\/\/magoezequias.com.ar\/tienda\/wp-json\/wp\/v2\/media?parent=324"}],"wp:term":[{"taxonomy":"product_brand","embeddable":true,"href":"https:\/\/magoezequias.com.ar\/tienda\/wp-json\/wp\/v2\/product_brand?post=324"},{"taxonomy":"product_cat","embeddable":true,"href":"https:\/\/magoezequias.com.ar\/tienda\/wp-json\/wp\/v2\/product_cat?post=324"},{"taxonomy":"product_tag","embeddable":true,"href":"https:\/\/magoezequias.com.ar\/tienda\/wp-json\/wp\/v2\/product_tag?post=324"}],"curies":[{"name":"wp","href":"https:\/\/api.w.org\/{rel}","templated":true}]}}