{"id":327,"date":"2015-02-14T15:19:25","date_gmt":"2015-02-14T15:19:25","guid":{"rendered":"https:\/\/magoezequias.com.ar\/tienda\/?post_type=product&#038;p=327"},"modified":"2019-11-20T02:41:42","modified_gmt":"2019-11-20T02:41:42","slug":"flor-rebelde","status":"publish","type":"product","link":"https:\/\/magoezequias.com.ar\/tienda\/producto\/flor-rebelde","title":{"rendered":"Flor Rebelde"},"content":{"rendered":"<p><a href=\"https:\/\/magoezequias.com.ar\/tienda\/wp-content\/uploads\/2015\/02\/IMG_181121.jpg\"><img fetchpriority=\"high\" decoding=\"async\" class=\"alignnone size-full wp-image-357\" src=\"https:\/\/magoezequias.com.ar\/tienda\/wp-content\/uploads\/2015\/02\/IMG_181121.jpg\" alt=\"IMG_18112\" width=\"448\" height=\"255\" srcset=\"https:\/\/magoezequias.com.ar\/tienda\/wp-content\/uploads\/2015\/02\/IMG_181121.jpg 448w, https:\/\/magoezequias.com.ar\/tienda\/wp-content\/uploads\/2015\/02\/IMG_181121-300x170.jpg 300w\" sizes=\"(max-width: 448px) 100vw, 448px\" \/><\/a><\/p>\n<p>&nbsp;<\/p>\n<p>Se muestra una flor en un tallo verde y se arranca dejando solo el tallo, el cual se cubre con un pa\u00f1uelo de seda y se da a sostener a un chico. Se muestra ahora un bello pa\u00f1uelo cuyas cuatro puntas se toman en una mano formando as\u00ed una bolsa y dentro de ella se mete la flor.<\/p>\n<p>&nbsp;<\/p>\n<p>Se anuncia que la flor va a desaparecer y reaparecer\u00e1 nuevamente en el tallo. Usted mete la mano en el pa\u00f1uelo-bolsa y \u00a1saca nuevamente la flor!. \u00a1No ha desaparecido!<\/p>\n<p>Pida a los ni\u00f1os que griten con m\u00e1s fuerza las palabras m\u00e1gicas y vuelva a meter la flor dentro de la bolsa. Sin embargo todo el mundo v\u00e9 como usted se mete la flor debajo de una axila y mientras usted muestra esta vez el pa\u00f1uelo vacio, los chicos gritan que usted tiene la flor bajo el brazo. Levante entonces el otro brazo y muestre que ah\u00ed no hay nada.<\/p>\n<p>Ellos, sin embargo, quieren que usted levante ambos brazos. Levante solo un poco el brazo bajo el cual ellos creen que est\u00e1 la flor.<\/p>\n<p>&nbsp;<\/p>\n<p>Finalmente lev\u00e1ntelo del todo y la flor no est\u00e1 por ning\u00fan lado.\u00a0 Despu\u00e9s de haber mostrado que bajo el brazo no hay nada, tome el tallo cubierto con el otro pa\u00f1uelo y anuncia que la flor ha aparecido nuevamente en el tallo.\u00a0Muy f\u00e1cil de realizar.<\/p>\n<p>&nbsp;<\/p>\n<p>Incluye: Rutina en espa\u00f1ol. Pa\u00f1uelo del diablo. Flor trucada y extra.<\/p>\n<p><iframe src=\"https:\/\/www.youtube.com\/embed\/21DJFGmjqII\" width=\"560\" height=\"315\" frameborder=\"0\" allowfullscreen=\"allowfullscreen\"><\/iframe><\/p>\n<p>&nbsp;<\/p>\n<p>&nbsp;<\/p>\n","protected":false},"excerpt":{"rendered":"<p>Un excelente truco c\u00f3mico dise\u00f1ado para magia infantil. Pa\u00f1uelo del diablo incluido.<\/p>\n","protected":false},"featured_media":357,"comment_status":"open","ping_status":"closed","template":"","meta":[],"product_brand":[],"product_cat":[8,9],"product_tag":[172,87,52,171],"class_list":{"0":"post-327","1":"product","2":"type-product","3":"status-publish","4":"has-post-thumbnail","6":"product_cat-infantil","7":"product_cat-salon","8":"product_tag-diablo","9":"product_tag-flor","10":"product_tag-panuelo","11":"product_tag-rebelde","13":"first","14":"outofstock","15":"shipping-taxable","16":"purchasable","17":"product-type-simple"},"aioseo_notices":[],"_links":{"self":[{"href":"https:\/\/magoezequias.com.ar\/tienda\/wp-json\/wp\/v2\/product\/327","targetHints":{"allow":["GET"]}}],"collection":[{"href":"https:\/\/magoezequias.com.ar\/tienda\/wp-json\/wp\/v2\/product"}],"about":[{"href":"https:\/\/magoezequias.com.ar\/tienda\/wp-json\/wp\/v2\/types\/product"}],"replies":[{"embeddable":true,"href":"https:\/\/magoezequias.com.ar\/tienda\/wp-json\/wp\/v2\/comments?post=327"}],"version-history":[{"count":0,"href":"https:\/\/magoezequias.com.ar\/tienda\/wp-json\/wp\/v2\/product\/327\/revisions"}],"wp:featuredmedia":[{"embeddable":true,"href":"https:\/\/magoezequias.com.ar\/tienda\/wp-json\/wp\/v2\/media\/357"}],"wp:attachment":[{"href":"https:\/\/magoezequias.com.ar\/tienda\/wp-json\/wp\/v2\/media?parent=327"}],"wp:term":[{"taxonomy":"product_brand","embeddable":true,"href":"https:\/\/magoezequias.com.ar\/tienda\/wp-json\/wp\/v2\/product_brand?post=327"},{"taxonomy":"product_cat","embeddable":true,"href":"https:\/\/magoezequias.com.ar\/tienda\/wp-json\/wp\/v2\/product_cat?post=327"},{"taxonomy":"product_tag","embeddable":true,"href":"https:\/\/magoezequias.com.ar\/tienda\/wp-json\/wp\/v2\/product_tag?post=327"}],"curies":[{"name":"wp","href":"https:\/\/api.w.org\/{rel}","templated":true}]}}